{"id":1032,"date":"2019-07-24T13:28:22","date_gmt":"2019-07-24T13:28:22","guid":{"rendered":"https:\/\/www.santeksmakine.com\/?post_type=product&#038;p=1032"},"modified":"2024-09-30T10:36:23","modified_gmt":"2024-09-30T07:36:23","slug":"mert-diktortgen-kirilmaz-cizgi-tasi","status":"publish","type":"product","link":"https:\/\/www.santeksmakine.com\/ar\/product\/mert-diktortgen-kirilmaz-cizgi-tasi\/","title":{"rendered":"Mert Dikt\u00f6rtgen K\u0131r\u0131lmaz \u00c7izgi Ta\u015f\u0131"},"content":{"rendered":"<p>Mert Dikt\u00f6rtgen K\u0131r\u0131lmaz \u00c7izgi Ta\u015f\u0131 (25 Adet)<\/p>\n<p>Renkli K\u0131r\u0131lmaz Terzi Ta\u015f\u0131<br \/>\nMert \u00c7izgi Ta\u015f\u0131: Dikt\u00f6rtgen \u00c7izgi Ta\u015f\u0131<br \/>\nKaliteli K\u0131r\u0131lmaz Hassas Keskin \u00c7izim \u00d6zellikli<\/p>\n<p>\u00dc\u00e7gen Dikd\u00f6rtgen Kare \u00d6zel Tasar\u0131m \u00c7izgi Ta\u015f\u0131 Se\u00e7enekleri<br \/>\nKal\u0131p Tasar\u0131m \u0130\u015faretleme Ta\u015flar\u0131, Konfeksiyon Tekstil Terzi Sabun \u0130malat\u0131<\/p>\n","protected":false},"excerpt":{"rendered":"<p>Mert Dikt\u00f6rtgen K\u0131r\u0131lmaz \u00c7izgi Ta\u015f\u0131 (25 Adet) Renkli K\u0131r\u0131lmaz Terzi Ta\u015f\u0131 Mert \u00c7izgi Ta\u015f\u0131: Dikt\u00f6rtgen \u00c7izgi Ta\u015f\u0131 Kaliteli K\u0131r\u0131lmaz Hassas Keskin \u00c7izim \u00d6zellikli \u00dc\u00e7gen Dikd\u00f6rtgen Kare \u00d6zel Tasar\u0131m \u00c7izgi Ta\u015f\u0131 Se\u00e7enekleri Kal\u0131p Tasar\u0131m \u0130\u015faretleme Ta\u015flar\u0131, Konfeksiyon Tekstil Terzi Sabun \u0130malat\u0131<\/p>\n","protected":false},"featured_media":1033,"comment_status":"closed","ping_status":"closed","template":"","meta":{"_joinchat":[]},"product_brand":[],"product_cat":[1675,1673,1672],"product_tag":[1737,1763,1761,1760,1759,1762,1758],"class_list":{"0":"post-1032","1":"product","2":"type-product","3":"status-publish","4":"has-post-thumbnail","6":"product_cat-cizgi-taslari","7":"product_cat-dikis-aksesuarlari","8":"product_cat-dikis-urunleri","9":"product_tag-cizgi-tasi","10":"product_tag-cizgi-taslari","11":"product_tag-diktortgen","12":"product_tag-diktortgen-cizgi-tasi","13":"product_tag-kirilmaz-cizgi-tasi","14":"product_tag-mert-cizgi-tasi","15":"product_tag-mert-diktortgen-kirilmaz-cizgi-tasi","18":"instock","19":"taxable","20":"shipping-taxable","21":"purchasable","22":"product-type-simple"},"_links":{"self":[{"href":"https:\/\/www.santeksmakine.com\/ar\/wp-json\/wp\/v2\/product\/1032","targetHints":{"allow":["GET"]}}],"collection":[{"href":"https:\/\/www.santeksmakine.com\/ar\/wp-json\/wp\/v2\/product"}],"about":[{"href":"https:\/\/www.santeksmakine.com\/ar\/wp-json\/wp\/v2\/types\/product"}],"replies":[{"embeddable":true,"href":"https:\/\/www.santeksmakine.com\/ar\/wp-json\/wp\/v2\/comments?post=1032"}],"wp:featuredmedia":[{"embeddable":true,"href":"https:\/\/www.santeksmakine.com\/ar\/wp-json\/wp\/v2\/media\/1033"}],"wp:attachment":[{"href":"https:\/\/www.santeksmakine.com\/ar\/wp-json\/wp\/v2\/media?parent=1032"}],"wp:term":[{"taxonomy":"product_brand","embeddable":true,"href":"https:\/\/www.santeksmakine.com\/ar\/wp-json\/wp\/v2\/product_brand?post=1032"},{"taxonomy":"product_cat","embeddable":true,"href":"https:\/\/www.santeksmakine.com\/ar\/wp-json\/wp\/v2\/product_cat?post=1032"},{"taxonomy":"product_tag","embeddable":true,"href":"https:\/\/www.santeksmakine.com\/ar\/wp-json\/wp\/v2\/product_tag?post=1032"}],"curies":[{"name":"wp","href":"https:\/\/api.w.org\/{rel}","templated":true}]}}