{"id":1310,"date":"2019-07-26T14:28:37","date_gmt":"2019-07-26T14:28:37","guid":{"rendered":"https:\/\/www.santeksmakine.com\/?post_type=product&#038;p=1310"},"modified":"2024-09-30T10:36:23","modified_gmt":"2024-09-30T07:36:23","slug":"dikis-makinesi-4-iplik-cardak","status":"publish","type":"product","link":"https:\/\/www.santeksmakine.com\/ar\/product\/dikis-makinesi-4-iplik-cardak\/","title":{"rendered":"Diki\u015f Makinesi 4 \u0130plik \u00c7ardak"},"content":{"rendered":"","protected":false},"excerpt":{"rendered":"","protected":false},"featured_media":1311,"comment_status":"closed","ping_status":"closed","template":"","meta":{"_joinchat":[]},"product_brand":[],"product_cat":[1611,1610,29],"product_tag":[1813,1801,1799,1804,1402,1812,1805],"class_list":{"0":"post-1310","1":"product","2":"type-product","3":"status-publish","4":"has-post-thumbnail","6":"product_cat-apara-cardaklari","7":"product_cat-dikis-aparatlari","8":"product_cat-yedek-parca","9":"product_tag-4-iplik-cardak","10":"product_tag-apara-cardaklari","11":"product_tag-cardak","12":"product_tag-dikis-aparatlari","13":"product_tag-dikis-makinesi","14":"product_tag-dikis-makinesi-4-iplik-cardak","15":"product_tag-yedek-parca","18":"instock","19":"taxable","20":"shipping-taxable","21":"purchasable","22":"product-type-simple"},"_links":{"self":[{"href":"https:\/\/www.santeksmakine.com\/ar\/wp-json\/wp\/v2\/product\/1310","targetHints":{"allow":["GET"]}}],"collection":[{"href":"https:\/\/www.santeksmakine.com\/ar\/wp-json\/wp\/v2\/product"}],"about":[{"href":"https:\/\/www.santeksmakine.com\/ar\/wp-json\/wp\/v2\/types\/product"}],"replies":[{"embeddable":true,"href":"https:\/\/www.santeksmakine.com\/ar\/wp-json\/wp\/v2\/comments?post=1310"}],"wp:featuredmedia":[{"embeddable":true,"href":"https:\/\/www.santeksmakine.com\/ar\/wp-json\/wp\/v2\/media\/1311"}],"wp:attachment":[{"href":"https:\/\/www.santeksmakine.com\/ar\/wp-json\/wp\/v2\/media?parent=1310"}],"wp:term":[{"taxonomy":"product_brand","embeddable":true,"href":"https:\/\/www.santeksmakine.com\/ar\/wp-json\/wp\/v2\/product_brand?post=1310"},{"taxonomy":"product_cat","embeddable":true,"href":"https:\/\/www.santeksmakine.com\/ar\/wp-json\/wp\/v2\/product_cat?post=1310"},{"taxonomy":"product_tag","embeddable":true,"href":"https:\/\/www.santeksmakine.com\/ar\/wp-json\/wp\/v2\/product_tag?post=1310"}],"curies":[{"name":"wp","href":"https:\/\/api.w.org\/{rel}","templated":true}]}}