{"id":2086,"date":"2019-08-09T11:31:00","date_gmt":"2019-08-09T11:31:00","guid":{"rendered":"https:\/\/www.santeksmakine.com\/?post_type=product&#038;p=2086"},"modified":"2024-09-30T10:36:33","modified_gmt":"2024-09-30T07:36:33","slug":"groz-beckert-db-x-1-duz-dikis-makinesi-ignesi-ince-dip-10-adet","status":"publish","type":"product","link":"https:\/\/www.santeksmakine.com\/ar\/product\/groz-beckert-db-x-1-duz-dikis-makinesi-ignesi-ince-dip-10-adet\/","title":{"rendered":"Groz Beckert DB X 1 D\u00fcz Diki\u015f Makinesi \u0130\u011fnesi (\u0130nce Dip) (10 Adet)"},"content":{"rendered":"<h1>Groz Beckert DB X 1 D\u00fcz Diki\u015f Makinesi \u0130\u011fnesi (\u0130nce Dip) (10 Adet)<\/h1>\n<p>Groz Beckert DB X 1 D\u00fcz Diki\u015f Makinesi \u0130\u011fnesi (\u0130nce Dip) (10 Adet)<\/p>\n<p><strong>Groz Beckert Sistem No<\/strong>: (DBx1) (1738) (16&#215;257)<\/p>\n<p><strong>Kal\u0131nl\u0131k No<\/strong>: (8\/60) (9\/65) (10\/70) (11\/75) (12\/80) (14\/90) (16\/100) (18\/110) (19\/120) (21\/130) (22\/140)<\/p>\n<p>Groz Beckert DBx1 1738 16&#215;257<\/p>\n<p>Groz Beckert DBX1 \/ 1738 \/ 16X231 \/ 1738 KK \/ BLX1 \/ 1738 LR \/ DBXF2<\/p>\n<p>Groz Beckert 1738A \/ 287WH \/ 71X1 \/ 1738A \/ DLX95 \/ 71X1<\/p>\n<p><strong>1 Kutu \u0130\u00e7erisinde 10 Adet \u0130\u011fne Mevcuttur.<\/strong><\/p>\n","protected":false},"excerpt":{"rendered":"<h1>GROZ BECKERT DB X 1 D\u00dcZ D\u0130K\u0130\u015e MAK\u0130NES\u0130 \u0130\u011eNES\u0130 (\u0130NCE D\u0130P) (10 ADET)<\/h1>\n","protected":false},"featured_media":2087,"comment_status":"closed","ping_status":"closed","template":"","meta":{"_joinchat":[]},"product_brand":[],"product_cat":[1685,1672],"product_tag":[2386,2385,2384,2387,2389,2391,2392,2393,2388,2383,2390,2379,2394,2378,2377,2381,2382,2380],"class_list":{"0":"post-2086","1":"product","2":"type-product","3":"status-publish","4":"has-post-thumbnail","6":"product_cat-dikis-igneleri","7":"product_cat-dikis-urunleri","8":"product_tag-16x231","9":"product_tag-16x257","10":"product_tag-2384","11":"product_tag-1738-kk","12":"product_tag-1738-lr","13":"product_tag-1738a","14":"product_tag-287wh","15":"product_tag-71x1","16":"product_tag-blx1","17":"product_tag-dbx1","18":"product_tag-dbxf2","19":"product_tag-dikis-makinesi-ignesi","20":"product_tag-dlx95","21":"product_tag-duz-dikis-makinesi-ignesi","22":"product_tag-groz-beckert","23":"product_tag-igne","24":"product_tag-ince-dip","25":"product_tag-makinesi-ignesi","28":"instock","29":"taxable","30":"shipping-taxable","31":"purchasable","32":"product-type-simple"},"_links":{"self":[{"href":"https:\/\/www.santeksmakine.com\/ar\/wp-json\/wp\/v2\/product\/2086","targetHints":{"allow":["GET"]}}],"collection":[{"href":"https:\/\/www.santeksmakine.com\/ar\/wp-json\/wp\/v2\/product"}],"about":[{"href":"https:\/\/www.santeksmakine.com\/ar\/wp-json\/wp\/v2\/types\/product"}],"replies":[{"embeddable":true,"href":"https:\/\/www.santeksmakine.com\/ar\/wp-json\/wp\/v2\/comments?post=2086"}],"wp:featuredmedia":[{"embeddable":true,"href":"https:\/\/www.santeksmakine.com\/ar\/wp-json\/wp\/v2\/media\/2087"}],"wp:attachment":[{"href":"https:\/\/www.santeksmakine.com\/ar\/wp-json\/wp\/v2\/media?parent=2086"}],"wp:term":[{"taxonomy":"product_brand","embeddable":true,"href":"https:\/\/www.santeksmakine.com\/ar\/wp-json\/wp\/v2\/product_brand?post=2086"},{"taxonomy":"product_cat","embeddable":true,"href":"https:\/\/www.santeksmakine.com\/ar\/wp-json\/wp\/v2\/product_cat?post=2086"},{"taxonomy":"product_tag","embeddable":true,"href":"https:\/\/www.santeksmakine.com\/ar\/wp-json\/wp\/v2\/product_tag?post=2086"}],"curies":[{"name":"wp","href":"https:\/\/api.w.org\/{rel}","templated":true}]}}