{"id":2252,"date":"2019-08-21T12:56:15","date_gmt":"2019-08-21T12:56:15","guid":{"rendered":"https:\/\/www.santeksmakine.com\/?post_type=product&#038;p=2252"},"modified":"2024-09-30T10:36:34","modified_gmt":"2024-09-30T07:36:34","slug":"schmetz-tv-x-7-cift-igne-kollu-makine-ignesi-uzun","status":"publish","type":"product","link":"https:\/\/www.santeksmakine.com\/ar\/product\/schmetz-tv-x-7-cift-igne-kollu-makine-ignesi-uzun\/","title":{"rendered":"Schmetz TV X 7 \u00c7ift \u0130\u011fne Kollu Makine \u0130\u011fnesi (Uzun)"},"content":{"rendered":"<h1>Schmetz TV X 7 \u00c7ift \u0130\u011fne Kollu Makine \u0130\u011fnesi (Uzun)<\/h1>\n<p>Schmetz \u0130\u011fne | Schmetz TV x 7 \u00c7ift \u0130\u011fne Kollu Makina \u0130\u011fnesi | Diki\u015f \u0130\u011fneleri<\/p>\n<p>Diki\u015f \u0130\u011fnesi: Schmetz TVX7 Kollu Makina \u0130\u011fnesi, Sistem Numaras\u0131: TV x 7<\/p>\n<p>Kategori: Diki\u015f Makinas\u0131 \u0130\u011fneleri, Konfeksiyon Tekstil \u0130\u011fne \u00c7e\u015fitleri<\/p>\n","protected":false},"excerpt":{"rendered":"<p>Schmetz TV X 7 \u00c7ift \u0130\u011fne Kollu Makine \u0130\u011fnesi (Uzun) Schmetz \u0130\u011fne | Schmetz TV x 7 \u00c7ift \u0130\u011fne Kollu Makina \u0130\u011fnesi | Diki\u015f \u0130\u011fneleri Diki\u015f \u0130\u011fnesi: Schmetz TVX7 Kollu Makina \u0130\u011fnesi, Sistem Numaras\u0131: TV x 7 Kategori: Diki\u015f Makinas\u0131 \u0130\u011fneleri, Konfeksiyon Tekstil \u0130\u011fne \u00c7e\u015fitleri<\/p>\n","protected":false},"featured_media":2254,"comment_status":"closed","ping_status":"closed","template":"","meta":{"_joinchat":[]},"product_brand":[],"product_cat":[1682,1685,1672],"product_tag":[2608,2607,1402,2379,2381,2399,2395,2581],"class_list":{"0":"post-2252","1":"product","2":"type-product","3":"status-publish","4":"has-post-thumbnail","6":"product_cat-dikis-ekipmanlari","7":"product_cat-dikis-igneleri","8":"product_cat-dikis-urunleri","9":"product_tag-cift-igne-kollu","10":"product_tag-cift-igne-kollu-makine-ignesi","11":"product_tag-dikis-makinesi","12":"product_tag-dikis-makinesi-ignesi","13":"product_tag-igne","14":"product_tag-makine-ignesi","15":"product_tag-schmetz","16":"product_tag-schmetz-igne","19":"instock","20":"taxable","21":"shipping-taxable","22":"purchasable","23":"product-type-simple"},"_links":{"self":[{"href":"https:\/\/www.santeksmakine.com\/ar\/wp-json\/wp\/v2\/product\/2252","targetHints":{"allow":["GET"]}}],"collection":[{"href":"https:\/\/www.santeksmakine.com\/ar\/wp-json\/wp\/v2\/product"}],"about":[{"href":"https:\/\/www.santeksmakine.com\/ar\/wp-json\/wp\/v2\/types\/product"}],"replies":[{"embeddable":true,"href":"https:\/\/www.santeksmakine.com\/ar\/wp-json\/wp\/v2\/comments?post=2252"}],"wp:featuredmedia":[{"embeddable":true,"href":"https:\/\/www.santeksmakine.com\/ar\/wp-json\/wp\/v2\/media\/2254"}],"wp:attachment":[{"href":"https:\/\/www.santeksmakine.com\/ar\/wp-json\/wp\/v2\/media?parent=2252"}],"wp:term":[{"taxonomy":"product_brand","embeddable":true,"href":"https:\/\/www.santeksmakine.com\/ar\/wp-json\/wp\/v2\/product_brand?post=2252"},{"taxonomy":"product_cat","embeddable":true,"href":"https:\/\/www.santeksmakine.com\/ar\/wp-json\/wp\/v2\/product_cat?post=2252"},{"taxonomy":"product_tag","embeddable":true,"href":"https:\/\/www.santeksmakine.com\/ar\/wp-json\/wp\/v2\/product_tag?post=2252"}],"curies":[{"name":"wp","href":"https:\/\/api.w.org\/{rel}","templated":true}]}}