{"id":2258,"date":"2019-08-21T12:59:58","date_gmt":"2019-08-21T12:59:58","guid":{"rendered":"https:\/\/www.santeksmakine.com\/?post_type=product&#038;p=2258"},"modified":"2024-09-30T10:36:34","modified_gmt":"2024-09-30T07:36:34","slug":"schmetz-tv-x-5-kollu-dikis-makinesi-ignesi-kisa","status":"publish","type":"product","link":"https:\/\/www.santeksmakine.com\/ar\/product\/schmetz-tv-x-5-kollu-dikis-makinesi-ignesi-kisa\/","title":{"rendered":"Schmetz TV X 5 Kollu Diki\u015f Makinesi \u0130\u011fnesi (K\u0131sa)"},"content":{"rendered":"<h1>Schmetz TV X 5 Kollu Diki\u015f Makinesi \u0130\u011fnesi (K\u0131sa)<\/h1>\n<p>Schmetz \u0130\u011fne | Schmetz TV x 5 Kollu Makina \u0130\u011fnesi | Diki\u015f \u0130\u011fneleri<\/p>\n<p>Diki\u015f \u0130\u011fnesi: Schmetz TVX5 Kollu Makina \u0130\u011fnesi, Sistem Numaras\u0131: TV x 5<\/p>\n<p>Kategori: Diki\u015f Makinas\u0131 \u0130\u011fneleri, Konfeksiyon Tekstil \u0130\u011fne \u00c7e\u015fitleri<\/p>\n","protected":false},"excerpt":{"rendered":"<p>Schmetz TV X 5 Kollu Diki\u015f Makinesi \u0130\u011fnesi (K\u0131sa) Schmetz \u0130\u011fne | Schmetz TV x 5 Kollu Makina \u0130\u011fnesi | Diki\u015f \u0130\u011fneleri Diki\u015f \u0130\u011fnesi: Schmetz TVX5 Kollu Makina \u0130\u011fnesi, Sistem Numaras\u0131: TV x 5 Kategori: Diki\u015f Makinas\u0131 \u0130\u011fneleri, Konfeksiyon Tekstil \u0130\u011fne \u00c7e\u015fitleri<\/p>\n","protected":false},"featured_media":2260,"comment_status":"closed","ping_status":"closed","template":"","meta":{"_joinchat":[]},"product_brand":[],"product_cat":[1682,1685,1672],"product_tag":[2609,1402,2379,2381,2399,2395,2581],"class_list":{"0":"post-2258","1":"product","2":"type-product","3":"status-publish","4":"has-post-thumbnail","6":"product_cat-dikis-ekipmanlari","7":"product_cat-dikis-igneleri","8":"product_cat-dikis-urunleri","9":"product_tag-5-kollu-dikis-makinesi-ignesi","10":"product_tag-dikis-makinesi","11":"product_tag-dikis-makinesi-ignesi","12":"product_tag-igne","13":"product_tag-makine-ignesi","14":"product_tag-schmetz","15":"product_tag-schmetz-igne","18":"instock","19":"taxable","20":"shipping-taxable","21":"purchasable","22":"product-type-simple"},"_links":{"self":[{"href":"https:\/\/www.santeksmakine.com\/ar\/wp-json\/wp\/v2\/product\/2258","targetHints":{"allow":["GET"]}}],"collection":[{"href":"https:\/\/www.santeksmakine.com\/ar\/wp-json\/wp\/v2\/product"}],"about":[{"href":"https:\/\/www.santeksmakine.com\/ar\/wp-json\/wp\/v2\/types\/product"}],"replies":[{"embeddable":true,"href":"https:\/\/www.santeksmakine.com\/ar\/wp-json\/wp\/v2\/comments?post=2258"}],"wp:featuredmedia":[{"embeddable":true,"href":"https:\/\/www.santeksmakine.com\/ar\/wp-json\/wp\/v2\/media\/2260"}],"wp:attachment":[{"href":"https:\/\/www.santeksmakine.com\/ar\/wp-json\/wp\/v2\/media?parent=2258"}],"wp:term":[{"taxonomy":"product_brand","embeddable":true,"href":"https:\/\/www.santeksmakine.com\/ar\/wp-json\/wp\/v2\/product_brand?post=2258"},{"taxonomy":"product_cat","embeddable":true,"href":"https:\/\/www.santeksmakine.com\/ar\/wp-json\/wp\/v2\/product_cat?post=2258"},{"taxonomy":"product_tag","embeddable":true,"href":"https:\/\/www.santeksmakine.com\/ar\/wp-json\/wp\/v2\/product_tag?post=2258"}],"curies":[{"name":"wp","href":"https:\/\/api.w.org\/{rel}","templated":true}]}}