{"id":2269,"date":"2019-08-21T13:06:16","date_gmt":"2019-08-21T13:06:16","guid":{"rendered":"https:\/\/www.santeksmakine.com\/?post_type=product&#038;p=2269"},"modified":"2024-09-30T10:36:35","modified_gmt":"2024-09-30T07:36:35","slug":"schmetz-tq-x-1-dugme-makinesi-ignesi","status":"publish","type":"product","link":"https:\/\/www.santeksmakine.com\/ar\/product\/schmetz-tq-x-1-dugme-makinesi-ignesi\/","title":{"rendered":"Schmetz TQ X 1 D\u00fc\u011fme Makinesi \u0130\u011fnesi"},"content":{"rendered":"<h1>Schmetz TQ X 1 D\u00fc\u011fme Makinesi \u0130\u011fnesi<\/h1>\n<p>Schmetz \u0130\u011fne | Schmetz TQ x 1 D\u00fc\u011fme Makinas\u0131 \u0130\u011fnesi | Diki\u015f \u0130\u011fneleri<\/p>\n<p>Diki\u015f \u0130\u011fnesi: Schmetz TQX1 D\u00fc\u011fme Makinas\u0131 \u0130\u011fnesi, Sistem Numaras\u0131: TQ x 1<\/p>\n<p>Kategori: Diki\u015f Makinas\u0131 \u0130\u011fneleri, Konfeksiyon Tekstil \u0130\u011fne \u00c7e\u015fitleri<\/p>\n","protected":false},"excerpt":{"rendered":"<p>Schmetz TQ X 1 D\u00fc\u011fme Makinesi \u0130\u011fnesi Schmetz \u0130\u011fne | Schmetz TQ x 1 D\u00fc\u011fme Makinas\u0131 \u0130\u011fnesi | Diki\u015f \u0130\u011fneleri Diki\u015f \u0130\u011fnesi: Schmetz TQX1 D\u00fc\u011fme Makinas\u0131 \u0130\u011fnesi, Sistem Numaras\u0131: TQ x 1 Kategori: Diki\u015f Makinas\u0131 \u0130\u011fneleri, Konfeksiyon Tekstil \u0130\u011fne \u00c7e\u015fitleri<\/p>\n","protected":false},"featured_media":2270,"comment_status":"closed","ping_status":"closed","template":"","meta":{"_joinchat":[]},"product_brand":[],"product_cat":[1682,1685,1672],"product_tag":[1402,2379,2594,2610,2611,2381,2399,2395,2581],"class_list":{"0":"post-2269","1":"product","2":"type-product","3":"status-publish","4":"has-post-thumbnail","6":"product_cat-dikis-ekipmanlari","7":"product_cat-dikis-igneleri","8":"product_cat-dikis-urunleri","9":"product_tag-dikis-makinesi","10":"product_tag-dikis-makinesi-ignesi","11":"product_tag-dugme","12":"product_tag-dugme-makinesi","13":"product_tag-dugme-makinesi-ignesi","14":"product_tag-igne","15":"product_tag-makine-ignesi","16":"product_tag-schmetz","17":"product_tag-schmetz-igne","20":"instock","21":"taxable","22":"shipping-taxable","23":"purchasable","24":"product-type-simple"},"_links":{"self":[{"href":"https:\/\/www.santeksmakine.com\/ar\/wp-json\/wp\/v2\/product\/2269","targetHints":{"allow":["GET"]}}],"collection":[{"href":"https:\/\/www.santeksmakine.com\/ar\/wp-json\/wp\/v2\/product"}],"about":[{"href":"https:\/\/www.santeksmakine.com\/ar\/wp-json\/wp\/v2\/types\/product"}],"replies":[{"embeddable":true,"href":"https:\/\/www.santeksmakine.com\/ar\/wp-json\/wp\/v2\/comments?post=2269"}],"wp:featuredmedia":[{"embeddable":true,"href":"https:\/\/www.santeksmakine.com\/ar\/wp-json\/wp\/v2\/media\/2270"}],"wp:attachment":[{"href":"https:\/\/www.santeksmakine.com\/ar\/wp-json\/wp\/v2\/media?parent=2269"}],"wp:term":[{"taxonomy":"product_brand","embeddable":true,"href":"https:\/\/www.santeksmakine.com\/ar\/wp-json\/wp\/v2\/product_brand?post=2269"},{"taxonomy":"product_cat","embeddable":true,"href":"https:\/\/www.santeksmakine.com\/ar\/wp-json\/wp\/v2\/product_cat?post=2269"},{"taxonomy":"product_tag","embeddable":true,"href":"https:\/\/www.santeksmakine.com\/ar\/wp-json\/wp\/v2\/product_tag?post=2269"}],"curies":[{"name":"wp","href":"https:\/\/api.w.org\/{rel}","templated":true}]}}