{"id":2290,"date":"2019-08-21T13:25:35","date_gmt":"2019-08-21T13:25:35","guid":{"rendered":"https:\/\/www.santeksmakine.com\/?post_type=product&#038;p=2290"},"modified":"2024-09-30T10:36:38","modified_gmt":"2024-09-30T07:36:38","slug":"schmetz-dp-x-17-punteriz-makinesi-ignesi","status":"publish","type":"product","link":"https:\/\/www.santeksmakine.com\/ar\/product\/schmetz-dp-x-17-punteriz-makinesi-ignesi\/","title":{"rendered":"Schmetz DP X 17 Punteriz Makinesi \u0130\u011fnesi"},"content":{"rendered":"<h1>Schmetz DP X 17 Punteriz Makinesi \u0130\u011fnesi<\/h1>\n<p>Schmetz \u0130\u011fne | Schmetz DP x 17 Punteriz Makinas\u0131 \u0130\u011fnesi | Diki\u015f \u0130\u011fneleri<\/p>\n<p>Diki\u015f \u0130\u011fnesi: Schmetz DPX17 Punteriz Makinas\u0131 \u0130\u011fnesi, Sistem Numaras\u0131: DP x 17<\/p>\n<p>Kategori: Diki\u015f Makinas\u0131 \u0130\u011fneleri, Konfeksiyon Tekstil \u0130\u011fneleri<\/p>\n","protected":false},"excerpt":{"rendered":"<p>Schmetz DP X 17 Punteriz Makinesi \u0130\u011fnesi Schmetz \u0130\u011fne | Schmetz DP x 17 Punteriz Makinas\u0131 \u0130\u011fnesi | Diki\u015f \u0130\u011fneleri Diki\u015f \u0130\u011fnesi: Schmetz DPX17 Punteriz Makinas\u0131 \u0130\u011fnesi, Sistem Numaras\u0131: DP x 17 Kategori: Diki\u015f Makinas\u0131 \u0130\u011fneleri, Konfeksiyon Tekstil \u0130\u011fneleri<\/p>\n","protected":false},"featured_media":2291,"comment_status":"closed","ping_status":"closed","template":"","meta":{"_joinchat":[]},"product_brand":[],"product_cat":[1682,1685,1672],"product_tag":[1402,2379,2381,2399,2590,2395,2581],"class_list":{"0":"post-2290","1":"product","2":"type-product","3":"status-publish","4":"has-post-thumbnail","6":"product_cat-dikis-ekipmanlari","7":"product_cat-dikis-igneleri","8":"product_cat-dikis-urunleri","9":"product_tag-dikis-makinesi","10":"product_tag-dikis-makinesi-ignesi","11":"product_tag-igne","12":"product_tag-makine-ignesi","13":"product_tag-punteriz","14":"product_tag-schmetz","15":"product_tag-schmetz-igne","18":"instock","19":"taxable","20":"shipping-taxable","21":"purchasable","22":"product-type-simple"},"_links":{"self":[{"href":"https:\/\/www.santeksmakine.com\/ar\/wp-json\/wp\/v2\/product\/2290","targetHints":{"allow":["GET"]}}],"collection":[{"href":"https:\/\/www.santeksmakine.com\/ar\/wp-json\/wp\/v2\/product"}],"about":[{"href":"https:\/\/www.santeksmakine.com\/ar\/wp-json\/wp\/v2\/types\/product"}],"replies":[{"embeddable":true,"href":"https:\/\/www.santeksmakine.com\/ar\/wp-json\/wp\/v2\/comments?post=2290"}],"wp:featuredmedia":[{"embeddable":true,"href":"https:\/\/www.santeksmakine.com\/ar\/wp-json\/wp\/v2\/media\/2291"}],"wp:attachment":[{"href":"https:\/\/www.santeksmakine.com\/ar\/wp-json\/wp\/v2\/media?parent=2290"}],"wp:term":[{"taxonomy":"product_brand","embeddable":true,"href":"https:\/\/www.santeksmakine.com\/ar\/wp-json\/wp\/v2\/product_brand?post=2290"},{"taxonomy":"product_cat","embeddable":true,"href":"https:\/\/www.santeksmakine.com\/ar\/wp-json\/wp\/v2\/product_cat?post=2290"},{"taxonomy":"product_tag","embeddable":true,"href":"https:\/\/www.santeksmakine.com\/ar\/wp-json\/wp\/v2\/product_tag?post=2290"}],"curies":[{"name":"wp","href":"https:\/\/api.w.org\/{rel}","templated":true}]}}