{"id":2301,"date":"2019-08-21T13:31:53","date_gmt":"2019-08-21T13:31:53","guid":{"rendered":"https:\/\/www.santeksmakine.com\/?post_type=product&#038;p=2301"},"modified":"2024-09-30T10:36:38","modified_gmt":"2024-09-30T07:36:38","slug":"orange-uy-x-128-kemer-makinesi-ignesi","status":"publish","type":"product","link":"https:\/\/www.santeksmakine.com\/ar\/product\/orange-uy-x-128-kemer-makinesi-ignesi\/","title":{"rendered":"Orange UY X 128 Kemer Makinesi \u0130\u011fnesi"},"content":{"rendered":"<h1>Orange UY X 128 Kemer Makinesi \u0130\u011fnesi<\/h1>\n<p>Orange \u0130\u011fne | Orange UY x 128 Kemer Makinas\u0131 \u0130\u011fnesi | \u0130\u011fne \u00c7e\u015fitleri<\/p>\n<p>Diki\u015f \u0130\u011fnesi: Orange UYX128 Kemer Makinas\u0131 \u0130\u011fnesi, Sistem Numaras\u0131: UY x 128<\/p>\n<p>Kategori: Diki\u015f Makinas\u0131 \u0130\u011fneleri, Konfeksiyon Tekstil \u0130\u011fneleri<\/p>\n","protected":false},"excerpt":{"rendered":"<p>Orange UY X 128 Kemer Makinesi \u0130\u011fnesi Orange \u0130\u011fne | Orange UY x 128 Kemer Makinas\u0131 \u0130\u011fnesi | \u0130\u011fne \u00c7e\u015fitleri Diki\u015f \u0130\u011fnesi: Orange UYX128 Kemer Makinas\u0131 \u0130\u011fnesi, Sistem Numaras\u0131: UY x 128 Kategori: Diki\u015f Makinas\u0131 \u0130\u011fneleri, Konfeksiyon Tekstil \u0130\u011fneleri<\/p>\n","protected":false},"featured_media":0,"comment_status":"closed","ping_status":"closed","template":"","meta":{"_joinchat":[]},"product_brand":[],"product_cat":[1682,1685,1672],"product_tag":[1402,2379,2381,2602,2603,2399,2583,2612],"class_list":{"0":"post-2301","1":"product","2":"type-product","3":"status-publish","5":"product_cat-dikis-ekipmanlari","6":"product_cat-dikis-igneleri","7":"product_cat-dikis-urunleri","8":"product_tag-dikis-makinesi","9":"product_tag-dikis-makinesi-ignesi","10":"product_tag-igne","11":"product_tag-kemer-makinesi","12":"product_tag-kemer-makinesi-ignesi","13":"product_tag-makine-ignesi","14":"product_tag-orange","15":"product_tag-orange-igne","18":"instock","19":"taxable","20":"shipping-taxable","21":"purchasable","22":"product-type-simple"},"_links":{"self":[{"href":"https:\/\/www.santeksmakine.com\/ar\/wp-json\/wp\/v2\/product\/2301","targetHints":{"allow":["GET"]}}],"collection":[{"href":"https:\/\/www.santeksmakine.com\/ar\/wp-json\/wp\/v2\/product"}],"about":[{"href":"https:\/\/www.santeksmakine.com\/ar\/wp-json\/wp\/v2\/types\/product"}],"replies":[{"embeddable":true,"href":"https:\/\/www.santeksmakine.com\/ar\/wp-json\/wp\/v2\/comments?post=2301"}],"wp:attachment":[{"href":"https:\/\/www.santeksmakine.com\/ar\/wp-json\/wp\/v2\/media?parent=2301"}],"wp:term":[{"taxonomy":"product_brand","embeddable":true,"href":"https:\/\/www.santeksmakine.com\/ar\/wp-json\/wp\/v2\/product_brand?post=2301"},{"taxonomy":"product_cat","embeddable":true,"href":"https:\/\/www.santeksmakine.com\/ar\/wp-json\/wp\/v2\/product_cat?post=2301"},{"taxonomy":"product_tag","embeddable":true,"href":"https:\/\/www.santeksmakine.com\/ar\/wp-json\/wp\/v2\/product_tag?post=2301"}],"curies":[{"name":"wp","href":"https:\/\/api.w.org\/{rel}","templated":true}]}}