{"id":2435,"date":"2019-08-27T13:07:33","date_gmt":"2019-08-27T13:07:33","guid":{"rendered":"https:\/\/www.santeksmakine.com\/?post_type=product&#038;p=2435"},"modified":"2024-09-30T10:36:43","modified_gmt":"2024-09-30T07:36:43","slug":"schmetz-uy-x-163-kroseta-makinesi-ignesi","status":"publish","type":"product","link":"https:\/\/www.santeksmakine.com\/ar\/product\/schmetz-uy-x-163-kroseta-makinesi-ignesi\/","title":{"rendered":"Schmetz UY X 163 Kro\u015feta Makinesi \u0130\u011fnesi"},"content":{"rendered":"<h1>Schmetz UY X 163 Kro\u015feta Makinesi \u0130\u011fnesi<\/h1>\n<p>Schmetz \u0130\u011fne | Schmetz UY 163 Kro\u015feta \u0130\u011fnesi | Diki\u015f \u0130\u011fneleri<\/p>\n<p>Diki\u015f \u0130\u011fnesi: Schmetz UY163 Kro\u015feta \u0130\u011fnesi, Sistem Numaras\u0131: UY 163<\/p>\n<p>Kategori: Diki\u015f Makinas\u0131 \u0130\u011fneleri, Konfeksiyon Tekstil \u0130\u011fne \u00c7e\u015fitleri<\/p>\n","protected":false},"excerpt":{"rendered":"<p>Schmetz UY X 163 Kro\u015feta Makinesi \u0130\u011fnesi Schmetz \u0130\u011fne | Schmetz UY 163 Kro\u015feta \u0130\u011fnesi | Diki\u015f \u0130\u011fneleri Diki\u015f \u0130\u011fnesi: Schmetz UY163 Kro\u015feta \u0130\u011fnesi, Sistem Numaras\u0131: UY 163 Kategori: Diki\u015f Makinas\u0131 \u0130\u011fneleri, Konfeksiyon Tekstil \u0130\u011fne \u00c7e\u015fitleri<\/p>\n","protected":false},"featured_media":2436,"comment_status":"closed","ping_status":"closed","template":"","meta":{"_joinchat":[]},"product_brand":[],"product_cat":[1682,1685,1672],"product_tag":[1402,2379,2381,2399,1323,2614,2395],"class_list":{"0":"post-2435","1":"product","2":"type-product","3":"status-publish","4":"has-post-thumbnail","6":"product_cat-dikis-ekipmanlari","7":"product_cat-dikis-igneleri","8":"product_cat-dikis-urunleri","9":"product_tag-dikis-makinesi","10":"product_tag-dikis-makinesi-ignesi","11":"product_tag-igne","12":"product_tag-makine-ignesi","13":"product_tag-nakis-makinesi","14":"product_tag-nakis-makinesi-ignesi","15":"product_tag-schmetz","18":"instock","19":"taxable","20":"shipping-taxable","21":"purchasable","22":"product-type-simple"},"_links":{"self":[{"href":"https:\/\/www.santeksmakine.com\/ar\/wp-json\/wp\/v2\/product\/2435","targetHints":{"allow":["GET"]}}],"collection":[{"href":"https:\/\/www.santeksmakine.com\/ar\/wp-json\/wp\/v2\/product"}],"about":[{"href":"https:\/\/www.santeksmakine.com\/ar\/wp-json\/wp\/v2\/types\/product"}],"replies":[{"embeddable":true,"href":"https:\/\/www.santeksmakine.com\/ar\/wp-json\/wp\/v2\/comments?post=2435"}],"wp:featuredmedia":[{"embeddable":true,"href":"https:\/\/www.santeksmakine.com\/ar\/wp-json\/wp\/v2\/media\/2436"}],"wp:attachment":[{"href":"https:\/\/www.santeksmakine.com\/ar\/wp-json\/wp\/v2\/media?parent=2435"}],"wp:term":[{"taxonomy":"product_brand","embeddable":true,"href":"https:\/\/www.santeksmakine.com\/ar\/wp-json\/wp\/v2\/product_brand?post=2435"},{"taxonomy":"product_cat","embeddable":true,"href":"https:\/\/www.santeksmakine.com\/ar\/wp-json\/wp\/v2\/product_cat?post=2435"},{"taxonomy":"product_tag","embeddable":true,"href":"https:\/\/www.santeksmakine.com\/ar\/wp-json\/wp\/v2\/product_tag?post=2435"}],"curies":[{"name":"wp","href":"https:\/\/api.w.org\/{rel}","templated":true}]}}