{"id":2749,"date":"2019-08-30T12:26:23","date_gmt":"2019-08-30T12:26:23","guid":{"rendered":"https:\/\/www.santeksmakine.com\/?post_type=product&#038;p=2749"},"modified":"2024-09-30T10:36:55","modified_gmt":"2024-09-30T07:36:55","slug":"terzi-makasi-musa-makas-no-11-12-13-turk-mali","status":"publish","type":"product","link":"https:\/\/www.santeksmakine.com\/ar\/product\/terzi-makasi-musa-makas-no-11-12-13-turk-mali\/","title":{"rendered":"Terzi Makas\u0131 &#8211; Musa Makas No: 11, 12, 13 &#8211; T\u00fcrk Mal\u0131"},"content":{"rendered":"<h1>Musa Makas &#8211; Terzi Makas\u0131<\/h1>\n<p><strong>No: 11 &#8211; 28cm<\/strong><\/p>\n<p><strong>No: 12 &#8211; 30cm<\/strong><\/p>\n<p><strong>No: 13 &#8211; 33cmm<\/strong><\/p>\n<p>S\u0131cak krom kaplama<\/p>\n<p>Masa\u00fcst\u00fc vida sistemi<\/p>\n<p>A\u011f\u0131z yap\u0131s\u0131, yay \u00e7eli\u011fi<\/p>\n<p>Orjinal \u00fcr\u00fcn &#8211; T\u00fcrk Mal\u0131<\/p>\n","protected":false},"excerpt":{"rendered":"<p>Musa Makas &#8211; Terzi Makas\u0131 No: 11 &#8211; 28cm No: 12 &#8211; 30cm No: 13 &#8211; 33cmm S\u0131cak krom kaplama Masa\u00fcst\u00fc vida sistemi A\u011f\u0131z yap\u0131s\u0131, yay \u00e7eli\u011fi Orjinal \u00fcr\u00fcn &#8211; T\u00fcrk Mal\u0131<\/p>\n","protected":false},"featured_media":2750,"comment_status":"closed","ping_status":"closed","template":"","meta":{"_joinchat":[]},"product_brand":[],"product_cat":[1682,1672,1689],"product_tag":[2649,2650,2642,2643,2651,2652,2645,2646,2644],"class_list":{"0":"post-2749","1":"product","2":"type-product","3":"status-publish","4":"has-post-thumbnail","6":"product_cat-dikis-ekipmanlari","7":"product_cat-dikis-urunleri","8":"product_cat-makaslar","9":"product_tag-iplik-temizleme","10":"product_tag-iplik-temizleme-makasi","11":"product_tag-makas","12":"product_tag-makaslar","13":"product_tag-parmak-gecirmeli-makas","14":"product_tag-plastik-makas","15":"product_tag-somunlu-makas","16":"product_tag-somunlu-terzi-makasi","17":"product_tag-terzi-makasi","20":"instock","21":"taxable","22":"shipping-taxable","23":"purchasable","24":"product-type-simple"},"_links":{"self":[{"href":"https:\/\/www.santeksmakine.com\/ar\/wp-json\/wp\/v2\/product\/2749","targetHints":{"allow":["GET"]}}],"collection":[{"href":"https:\/\/www.santeksmakine.com\/ar\/wp-json\/wp\/v2\/product"}],"about":[{"href":"https:\/\/www.santeksmakine.com\/ar\/wp-json\/wp\/v2\/types\/product"}],"replies":[{"embeddable":true,"href":"https:\/\/www.santeksmakine.com\/ar\/wp-json\/wp\/v2\/comments?post=2749"}],"wp:featuredmedia":[{"embeddable":true,"href":"https:\/\/www.santeksmakine.com\/ar\/wp-json\/wp\/v2\/media\/2750"}],"wp:attachment":[{"href":"https:\/\/www.santeksmakine.com\/ar\/wp-json\/wp\/v2\/media?parent=2749"}],"wp:term":[{"taxonomy":"product_brand","embeddable":true,"href":"https:\/\/www.santeksmakine.com\/ar\/wp-json\/wp\/v2\/product_brand?post=2749"},{"taxonomy":"product_cat","embeddable":true,"href":"https:\/\/www.santeksmakine.com\/ar\/wp-json\/wp\/v2\/product_cat?post=2749"},{"taxonomy":"product_tag","embeddable":true,"href":"https:\/\/www.santeksmakine.com\/ar\/wp-json\/wp\/v2\/product_tag?post=2749"}],"curies":[{"name":"wp","href":"https:\/\/api.w.org\/{rel}","templated":true}]}}