{"id":2754,"date":"2019-08-30T12:54:32","date_gmt":"2019-08-30T12:54:32","guid":{"rendered":"https:\/\/www.santeksmakine.com\/?post_type=product&#038;p=2754"},"modified":"2024-09-30T10:36:55","modified_gmt":"2024-09-30T07:36:55","slug":"della-kut-uclu-kivrik-brode-makasi-no5-12-70cm-della-m-160","status":"publish","type":"product","link":"https:\/\/www.santeksmakine.com\/ar\/product\/della-kut-uclu-kivrik-brode-makasi-no5-12-70cm-della-m-160\/","title":{"rendered":"Della K\u00fct U\u00e7lu K\u0131vr\u0131k Brode Makas\u0131 (No:5 &#8211; 12.70cm) Della M-160"},"content":{"rendered":"<h1>Della K\u00fct U\u00e7lu K\u0131vr\u0131k Brode Makas\u0131 (No:5 &#8211; 12.70cm) Della M-160<\/h1>\n<p>Nikel Kaplama<\/p>\n<p>Manifatura hal\u0131 ve brode makas\u0131 (K\u0131vr\u0131k)<\/p>\n<p>5&#8243; &#8211; 12.70cm<\/p>\n","protected":false},"excerpt":{"rendered":"<p>Della K\u00fct U\u00e7lu K\u0131vr\u0131k Brode Makas\u0131 (No:5 &#8211; 12.70cm) Della M-160 Nikel Kaplama Manifatura hal\u0131 ve brode makas\u0131 (K\u0131vr\u0131k) 5&#8243; &#8211; 12.70cm<\/p>\n","protected":false},"featured_media":2755,"comment_status":"closed","ping_status":"closed","template":"","meta":{"_joinchat":[]},"product_brand":[],"product_cat":[1682,1672,1689],"product_tag":[2655,2656,2658,2653,2657,2642,2643,2654],"class_list":{"0":"post-2754","1":"product","2":"type-product","3":"status-publish","4":"has-post-thumbnail","6":"product_cat-dikis-ekipmanlari","7":"product_cat-dikis-urunleri","8":"product_cat-makaslar","9":"product_tag-brode-makas","10":"product_tag-della","11":"product_tag-kivrik-brode-makasi","12":"product_tag-kivrik-makas","13":"product_tag-kut-uclu","14":"product_tag-makas","15":"product_tag-makaslar","16":"product_tag-manifatura-hali-makas","19":"instock","20":"taxable","21":"shipping-taxable","22":"purchasable","23":"product-type-simple"},"_links":{"self":[{"href":"https:\/\/www.santeksmakine.com\/ar\/wp-json\/wp\/v2\/product\/2754","targetHints":{"allow":["GET"]}}],"collection":[{"href":"https:\/\/www.santeksmakine.com\/ar\/wp-json\/wp\/v2\/product"}],"about":[{"href":"https:\/\/www.santeksmakine.com\/ar\/wp-json\/wp\/v2\/types\/product"}],"replies":[{"embeddable":true,"href":"https:\/\/www.santeksmakine.com\/ar\/wp-json\/wp\/v2\/comments?post=2754"}],"wp:featuredmedia":[{"embeddable":true,"href":"https:\/\/www.santeksmakine.com\/ar\/wp-json\/wp\/v2\/media\/2755"}],"wp:attachment":[{"href":"https:\/\/www.santeksmakine.com\/ar\/wp-json\/wp\/v2\/media?parent=2754"}],"wp:term":[{"taxonomy":"product_brand","embeddable":true,"href":"https:\/\/www.santeksmakine.com\/ar\/wp-json\/wp\/v2\/product_brand?post=2754"},{"taxonomy":"product_cat","embeddable":true,"href":"https:\/\/www.santeksmakine.com\/ar\/wp-json\/wp\/v2\/product_cat?post=2754"},{"taxonomy":"product_tag","embeddable":true,"href":"https:\/\/www.santeksmakine.com\/ar\/wp-json\/wp\/v2\/product_tag?post=2754"}],"curies":[{"name":"wp","href":"https:\/\/api.w.org\/{rel}","templated":true}]}}