{"id":2792,"date":"2019-09-02T12:08:22","date_gmt":"2019-09-02T12:08:22","guid":{"rendered":"https:\/\/www.santeksmakine.com\/?post_type=product&#038;p=2792"},"modified":"2024-09-30T10:36:56","modified_gmt":"2024-09-30T07:36:56","slug":"red-arrow-yh-930-yuvarlak-bicakli-rulet-kesici","status":"publish","type":"product","link":"https:\/\/www.santeksmakine.com\/ar\/product\/red-arrow-yh-930-yuvarlak-bicakli-rulet-kesici\/","title":{"rendered":"Red Arrow YH-930 Yuvarlak B\u0131\u00e7akl\u0131 Rulet Kesici"},"content":{"rendered":"<h1>Red Arrow YH-930 Yuvarlak B\u0131\u00e7akl\u0131 Rulet Kesici<\/h1>\n<p>\u00dcst\u00fcn kesme verimlili\u011fi<\/p>\n<p>Profesyonel kullan\u0131m i\u00e7in tasarlanm\u0131\u015ft\u0131r<\/p>\n<p>P\u00fcr\u00fczs\u00fcz kesme i\u015flemi<\/p>\n<p>Otomatik korumas\u0131 sayesinde ergonomik kullan\u0131m<\/p>\n","protected":false},"excerpt":{"rendered":"<p>Red Arrow YH-930 Yuvarlak B\u0131\u00e7akl\u0131 Rulet Kesici \u00dcst\u00fcn kesme verimlili\u011fi Profesyonel kullan\u0131m i\u00e7in tasarlanm\u0131\u015ft\u0131r P\u00fcr\u00fczs\u00fcz kesme i\u015flemi Otomatik korumas\u0131 sayesinde ergonomik kullan\u0131m<\/p>\n","protected":false},"featured_media":2793,"comment_status":"closed","ping_status":"closed","template":"","meta":{"_joinchat":[]},"product_brand":[],"product_cat":[1682,1672,1689],"product_tag":[2666,2642,2676,2680,2644,2677,2678,2679],"class_list":{"0":"post-2792","1":"product","2":"type-product","3":"status-publish","4":"has-post-thumbnail","6":"product_cat-dikis-ekipmanlari","7":"product_cat-dikis-urunleri","8":"product_cat-makaslar","9":"product_tag-kumas-makasi","10":"product_tag-makas","11":"product_tag-red-arrow","12":"product_tag-rulet-kesici","13":"product_tag-terzi-makasi","14":"product_tag-yuvarlak-bicakli","15":"product_tag-yuvarlak-bicakli-rulet","16":"product_tag-yuvarlak-bicakli-rulet-kesici","19":"instock","20":"taxable","21":"shipping-taxable","22":"purchasable","23":"product-type-simple"},"_links":{"self":[{"href":"https:\/\/www.santeksmakine.com\/ar\/wp-json\/wp\/v2\/product\/2792","targetHints":{"allow":["GET"]}}],"collection":[{"href":"https:\/\/www.santeksmakine.com\/ar\/wp-json\/wp\/v2\/product"}],"about":[{"href":"https:\/\/www.santeksmakine.com\/ar\/wp-json\/wp\/v2\/types\/product"}],"replies":[{"embeddable":true,"href":"https:\/\/www.santeksmakine.com\/ar\/wp-json\/wp\/v2\/comments?post=2792"}],"wp:featuredmedia":[{"embeddable":true,"href":"https:\/\/www.santeksmakine.com\/ar\/wp-json\/wp\/v2\/media\/2793"}],"wp:attachment":[{"href":"https:\/\/www.santeksmakine.com\/ar\/wp-json\/wp\/v2\/media?parent=2792"}],"wp:term":[{"taxonomy":"product_brand","embeddable":true,"href":"https:\/\/www.santeksmakine.com\/ar\/wp-json\/wp\/v2\/product_brand?post=2792"},{"taxonomy":"product_cat","embeddable":true,"href":"https:\/\/www.santeksmakine.com\/ar\/wp-json\/wp\/v2\/product_cat?post=2792"},{"taxonomy":"product_tag","embeddable":true,"href":"https:\/\/www.santeksmakine.com\/ar\/wp-json\/wp\/v2\/product_tag?post=2792"}],"curies":[{"name":"wp","href":"https:\/\/api.w.org\/{rel}","templated":true}]}}