{"id":2855,"date":"2019-09-03T11:55:38","date_gmt":"2019-09-03T11:55:38","guid":{"rendered":"https:\/\/www.santeksmakine.com\/?post_type=product&#038;p=2855"},"modified":"2024-09-30T10:36:56","modified_gmt":"2024-09-30T07:36:56","slug":"linate-somunlu-terzi-makasi-no7-17-78-cm-linate-m-131","status":"publish","type":"product","link":"https:\/\/www.santeksmakine.com\/ar\/product\/linate-somunlu-terzi-makasi-no7-17-78-cm-linate-m-131\/","title":{"rendered":"Linate Somunlu Terzi Makas\u0131 (No:7 &#8211; 17.78 cm) Linate M-131"},"content":{"rendered":"<h1>Linate Somunlu Terzi Makas\u0131 (No:7 &#8211; 17.78 cm) Linate M-131 T\u00fcrk Mal\u0131<\/h1>\n<p>Nikel Kaplama<\/p>\n<p>Terzi Makas\u0131<\/p>\n<p>7&#8243; in\u00e7 &#8211; 17.78 cm<\/p>\n<p>Kod: M-131<\/p>\n","protected":false},"excerpt":{"rendered":"<p>Linate Somunlu Terzi Makas\u0131 (No:7 &#8211; 17.78 cm) Linate M-131 T\u00fcrk Mal\u0131 Nikel Kaplama Terzi Makas\u0131 7&#8243; in\u00e7 &#8211; 17.78 cm Kod: M-131<\/p>\n","protected":false},"featured_media":2856,"comment_status":"closed","ping_status":"closed","template":"","meta":{"_joinchat":[]},"product_brand":[],"product_cat":[1682,1672,1689],"product_tag":[2666,2695,2696,2642,2706,2644],"class_list":{"0":"post-2855","1":"product","2":"type-product","3":"status-publish","4":"has-post-thumbnail","6":"product_cat-dikis-ekipmanlari","7":"product_cat-dikis-urunleri","8":"product_cat-makaslar","9":"product_tag-kumas-makasi","10":"product_tag-linate","11":"product_tag-linate-makas","12":"product_tag-makas","13":"product_tag-regula-makasi","14":"product_tag-terzi-makasi","17":"instock","18":"taxable","19":"shipping-taxable","20":"purchasable","21":"product-type-simple"},"_links":{"self":[{"href":"https:\/\/www.santeksmakine.com\/ar\/wp-json\/wp\/v2\/product\/2855","targetHints":{"allow":["GET"]}}],"collection":[{"href":"https:\/\/www.santeksmakine.com\/ar\/wp-json\/wp\/v2\/product"}],"about":[{"href":"https:\/\/www.santeksmakine.com\/ar\/wp-json\/wp\/v2\/types\/product"}],"replies":[{"embeddable":true,"href":"https:\/\/www.santeksmakine.com\/ar\/wp-json\/wp\/v2\/comments?post=2855"}],"wp:featuredmedia":[{"embeddable":true,"href":"https:\/\/www.santeksmakine.com\/ar\/wp-json\/wp\/v2\/media\/2856"}],"wp:attachment":[{"href":"https:\/\/www.santeksmakine.com\/ar\/wp-json\/wp\/v2\/media?parent=2855"}],"wp:term":[{"taxonomy":"product_brand","embeddable":true,"href":"https:\/\/www.santeksmakine.com\/ar\/wp-json\/wp\/v2\/product_brand?post=2855"},{"taxonomy":"product_cat","embeddable":true,"href":"https:\/\/www.santeksmakine.com\/ar\/wp-json\/wp\/v2\/product_cat?post=2855"},{"taxonomy":"product_tag","embeddable":true,"href":"https:\/\/www.santeksmakine.com\/ar\/wp-json\/wp\/v2\/product_tag?post=2855"}],"curies":[{"name":"wp","href":"https:\/\/api.w.org\/{rel}","templated":true}]}}