{"id":2865,"date":"2019-09-03T12:05:29","date_gmt":"2019-09-03T12:05:29","guid":{"rendered":"https:\/\/www.santeksmakine.com\/?post_type=product&#038;p=2865"},"modified":"2024-09-30T10:36:56","modified_gmt":"2024-09-30T07:36:56","slug":"linate-somunlu-terzi-makasi-no9-22-86-cm-linate-m-133","status":"publish","type":"product","link":"https:\/\/www.santeksmakine.com\/ar\/product\/linate-somunlu-terzi-makasi-no9-22-86-cm-linate-m-133\/","title":{"rendered":"Linate Somunlu Terzi Makas\u0131 (No:9 &#8211; 22.86 cm) Linate M-133"},"content":{"rendered":"<h1>Linate Somunlu Terzi Makas\u0131 (No:9 &#8211; 22.86 cm) Linate M-133 T\u00fcrk Mal\u0131<\/h1>\n<p>Nikel Kaplama<\/p>\n<p>Terzi Makas\u0131<\/p>\n<p>9&#8243; in\u00e7 &#8211; 22.86cm<\/p>\n<p>Kod: M-133<\/p>\n","protected":false},"excerpt":{"rendered":"<p>Linate Somunlu Terzi Makas\u0131 (No:9 &#8211; 22.86 cm) Linate M-133 T\u00fcrk Mal\u0131 Nikel Kaplama Terzi Makas\u0131 9&#8243; in\u00e7 &#8211; 22.86cm Kod: M-133<\/p>\n","protected":false},"featured_media":2866,"comment_status":"closed","ping_status":"closed","template":"","meta":{"_joinchat":[]},"product_brand":[],"product_cat":[1682,1672,1689],"product_tag":[2666,2695,2696,2642,2706,2644],"class_list":{"0":"post-2865","1":"product","2":"type-product","3":"status-publish","4":"has-post-thumbnail","6":"product_cat-dikis-ekipmanlari","7":"product_cat-dikis-urunleri","8":"product_cat-makaslar","9":"product_tag-kumas-makasi","10":"product_tag-linate","11":"product_tag-linate-makas","12":"product_tag-makas","13":"product_tag-regula-makasi","14":"product_tag-terzi-makasi","17":"instock","18":"taxable","19":"shipping-taxable","20":"purchasable","21":"product-type-simple"},"_links":{"self":[{"href":"https:\/\/www.santeksmakine.com\/ar\/wp-json\/wp\/v2\/product\/2865","targetHints":{"allow":["GET"]}}],"collection":[{"href":"https:\/\/www.santeksmakine.com\/ar\/wp-json\/wp\/v2\/product"}],"about":[{"href":"https:\/\/www.santeksmakine.com\/ar\/wp-json\/wp\/v2\/types\/product"}],"replies":[{"embeddable":true,"href":"https:\/\/www.santeksmakine.com\/ar\/wp-json\/wp\/v2\/comments?post=2865"}],"wp:featuredmedia":[{"embeddable":true,"href":"https:\/\/www.santeksmakine.com\/ar\/wp-json\/wp\/v2\/media\/2866"}],"wp:attachment":[{"href":"https:\/\/www.santeksmakine.com\/ar\/wp-json\/wp\/v2\/media?parent=2865"}],"wp:term":[{"taxonomy":"product_brand","embeddable":true,"href":"https:\/\/www.santeksmakine.com\/ar\/wp-json\/wp\/v2\/product_brand?post=2865"},{"taxonomy":"product_cat","embeddable":true,"href":"https:\/\/www.santeksmakine.com\/ar\/wp-json\/wp\/v2\/product_cat?post=2865"},{"taxonomy":"product_tag","embeddable":true,"href":"https:\/\/www.santeksmakine.com\/ar\/wp-json\/wp\/v2\/product_tag?post=2865"}],"curies":[{"name":"wp","href":"https:\/\/api.w.org\/{rel}","templated":true}]}}