{"id":4460,"date":"2019-07-04T09:19:58","date_gmt":"2019-07-04T09:19:58","guid":{"rendered":"https:\/\/www.santeksmakine.com\/urun\/%d8%a2%d9%84%d8%a9-%d9%82%d8%a8%d8%a9-%d8%b1%d8%a3%d8%b3-%d9%88%d8%a7%d8%ad%d8%af-%d8%a8%d8%ac%d8%a7%d9%83%d8%a7%d8%b1-%d8%b5%d8%ba%d9%8a%d8%b1-jp601\/"},"modified":"2020-02-04T13:24:34","modified_gmt":"2020-02-04T13:24:34","slug":"%d8%a2%d9%84%d8%a9-%d9%82%d8%a8%d8%a9-%d8%b1%d8%a3%d8%b3-%d9%88%d8%a7%d8%ad%d8%af-%d8%a8%d8%ac%d8%a7%d9%83%d8%a7%d8%b1-%d8%b5%d8%ba%d9%8a%d8%b1-jp601","status":"publish","type":"product","link":"https:\/\/www.santeksmakine.com\/ar\/product\/%d8%a2%d9%84%d8%a9-%d9%82%d8%a8%d8%a9-%d8%b1%d8%a3%d8%b3-%d9%88%d8%a7%d8%ad%d8%af-%d8%a8%d8%ac%d8%a7%d9%83%d8%a7%d8%b1-%d8%b5%d8%ba%d9%8a%d8%b1-jp601\/","title":{"rendered":"\u0622\u0644\u0629 \u0642\u0628\u0629 \u0631\u0623\u0633 \u0648\u0627\u062d\u062f \u0628\u062c\u0627\u0643\u0627\u0631 \u0635\u063a\u064a\u0631 JP601"},"content":{"rendered":"<div class=\"wpb-content-wrapper\"><p>[vc_row][vc_column][vc_column_text]<\/p>\n<h1>\u0622\u0644\u0629 \u0642\u0628\u0629 \u0631\u0623\u0633 \u0648\u0627\u062d\u062f \u0628\u062c\u0627\u0643\u0627\u0631 \u0635\u063a\u064a\u0631 JP601<\/h1>\n<p>[\/vc_column_text][\/vc_column][\/vc_row][vc_row][vc_column width=&#8221;1\/2&#8243;][vc_row_inner][vc_column_inner width=&#8221;1\/4&#8243;][vc_single_image image=&#8221;1713&#8243; img_size=&#8221;full&#8221; alignment=&#8221;center&#8221;][\/vc_column_inner][vc_column_inner width=&#8221;3\/4&#8243;][vc_column_text]<\/p>\n<h4>\u0644\u0648\u062d\u0629 \u062a\u062d\u0643\u0645<\/h4>\n<p>Makine bilgisayar i\u015fletim sistemi Boosan m\u00fchendisi taraf\u0131ndan \u00f6zel olarak tasarlanm\u0131\u015ft\u0131r. Boosan, i\u015fletim sistemini her zamankinden daha kullan\u0131c\u0131 dostu ve daha istikrarl\u0131 hale getirmek i\u00e7in y\u0131llarca \u00e7aba harc\u0131yor. Kontrol klavyesinin alt\u0131nda bir USB soketi vard\u0131r, kullan\u0131c\u0131 harici bir diske \u00e7ok say\u0131da \u00f6rg\u00fc tasar\u0131m\u0131 kaydedebilir.[\/vc_column_text][\/vc_column_inner][\/vc_row_inner][\/vc_column][vc_column width=&#8221;1\/2&#8243;][vc_row_inner][vc_column_inner width=&#8221;1\/4&#8243;][vc_single_image image=&#8221;1713&#8243; img_size=&#8221;full&#8221; alignment=&#8221;center&#8221;][\/vc_column_inner][vc_column_inner width=&#8221;3\/4&#8243;][vc_column_text]<\/p>\n<h4>\u0645\u0643\u0648\u0643 \u062f\u0642\u064a\u0642<\/h4>\n<p>Yeni mekik sistemi her zamankinden daha sa\u011flam ve hafiftir.[\/vc_column_text][\/vc_column_inner][\/vc_row_inner][\/vc_column][\/vc_row][vc_row][vc_column width=&#8221;1\/2&#8243;][vc_row_inner][vc_column_inner width=&#8221;1\/4&#8243;][vc_single_image image=&#8221;1713&#8243; img_size=&#8221;full&#8221; alignment=&#8221;center&#8221;][\/vc_column_inner][vc_column_inner width=&#8221;3\/4&#8243;][vc_column_text]<\/p>\n<h4>\u0646\u0638\u0627\u0645 \u0645\u0643\u0648\u0643<\/h4>\n<p>24 bilyeli yatak yap\u0131s\u0131 tasar\u0131m\u0131 mekik i\u00e7in uzun \u00f6m\u00fcrl\u00fc sa\u011flar.[\/vc_column_text][\/vc_column_inner][\/vc_row_inner][\/vc_column][vc_column width=&#8221;1\/2&#8243;][vc_row_inner][vc_column_inner width=&#8221;1\/4&#8243;][vc_single_image image=&#8221;1713&#8243; img_size=&#8221;full&#8221; alignment=&#8221;center&#8221;][\/vc_column_inner][vc_column_inner width=&#8221;3\/4&#8243;][vc_column_text]<\/p>\n<h4>\u0645\u063a\u0630\u064a \u062e\u064a\u0648\u0637<\/h4>\n<p>\u0130plik besleyiciler, k\u0131r\u0131lan ipli\u011fi etkili bir \u015fekilde azaltan ve ipli\u011fin sorunsuz bir \u015fekilde bitmesini sa\u011flayan iplikler ile \u00f6zel \u00e7elikten yap\u0131lm\u0131\u015ft\u0131r. Tek \u00e7elik sistem, \u00f6n ve arka plakada nopen ve \u00f6rg\u00fc sistemi, \u00e7ift tarafl\u0131, \u00e7izgili vb. desenler yapabilir.[\/vc_column_text][\/vc_column_inner][\/vc_row_inner][\/vc_column][\/vc_row][vc_row][vc_column width=&#8221;1\/2&#8243;][vc_row_inner][vc_column_inner width=&#8221;1\/4&#8243;][vc_single_image image=&#8221;1713&#8243; img_size=&#8221;full&#8221; alignment=&#8221;center&#8221;][\/vc_column_inner][vc_column_inner width=&#8221;3\/4&#8243;][vc_column_text]<\/p>\n<h4>\u0645\u0631\u062f \u062c\u0627\u0646\u0628\u064a<\/h4>\n<p>\u0130\u00e7erisinde kolayca ip ge\u00e7irilebilen yeni elektronik \u00e7ardaklar.[\/vc_column_text][\/vc_column_inner][\/vc_row_inner][\/vc_column][vc_column width=&#8221;1\/2&#8243;][vc_row_inner][vc_column_inner width=&#8221;1\/4&#8243;][\/vc_column_inner][vc_column_inner width=&#8221;3\/4&#8243;][\/vc_column_inner][\/vc_row_inner][\/vc_column][\/vc_row][vc_row][vc_column][vc_empty_space][\/vc_column][\/vc_row][vc_row][vc_column width=&#8221;1\/3&#8243;][vc_video link=&#8221;&#8221;][\/vc_column][vc_column width=&#8221;1\/3&#8243;][\/vc_column][vc_column width=&#8221;1\/3&#8243;][\/vc_column][\/vc_row][vc_row][vc_column][vc_empty_space][\/vc_column][\/vc_row][vc_row][vc_column][vc_media_grid element_width=&#8221;2&#8243; grid_id=&#8221;vc_gid:1578567592771-69bfbf0d-86cd-9&#8243; include=&#8221;1713&#8243;][\/vc_column][\/vc_row]<\/p>\n<\/div>","protected":false},"excerpt":{"rendered":"<p>[vc_row][vc_column][vc_column_text] \u0622\u0644\u0629 \u0642\u0628\u0629 \u0631\u0623\u0633 \u0648\u0627\u062d\u062f \u0628\u062c\u0627\u0643\u0627\u0631 \u0635\u063a\u064a\u0631 JP601 [\/vc_column_text][\/vc_column][\/vc_row][vc_row][vc_column width=&#8221;1\/2&#8243;][vc_row_inner][vc_column_inner width=&#8221;1\/4&#8243;][vc_single_image image=&#8221;1713&#8243; img_size=&#8221;full&#8221; alignment=&#8221;center&#8221;][\/vc_column_inner][vc_column_inner width=&#8221;3\/4&#8243;][vc_column_text] \u0644\u0648\u062d\u0629 \u062a\u062d\u0643\u0645 Makine bilgisayar i\u015fletim sistemi Boosan m\u00fchendisi taraf\u0131ndan \u00f6zel olarak tasarlanm\u0131\u015ft\u0131r. Boosan, i\u015fletim sistemini her zamankinden daha kullan\u0131c\u0131 dostu ve daha istikrarl\u0131 hale getirmek i\u00e7in y\u0131llarca \u00e7aba harc\u0131yor. Kontrol klavyesinin alt\u0131nda bir USB soketi vard\u0131r, kullan\u0131c\u0131 harici bir diske &hellip; <a href=\"https:\/\/www.santeksmakine.com\/ar\/product\/%d8%a2%d9%84%d8%a9-%d9%82%d8%a8%d8%a9-%d8%b1%d8%a3%d8%b3-%d9%88%d8%a7%d8%ad%d8%af-%d8%a8%d8%ac%d8%a7%d9%83%d8%a7%d8%b1-%d8%b5%d8%ba%d9%8a%d8%b1-jp601\/\" class=\"more-link\">Continue reading <span class=\"screen-reader-text\">\u0622\u0644\u0629 \u0642\u0628\u0629 \u0631\u0623\u0633 \u0648\u0627\u062d\u062f \u0628\u062c\u0627\u0643\u0627\u0631 \u0635\u063a\u064a\u0631 JP601<\/span><\/a><\/p>\n","protected":false},"featured_media":10004,"comment_status":"closed","ping_status":"closed","template":"","meta":{"_joinchat":[]},"product_brand":[],"product_cat":[1941,1940],"product_tag":[3820,3825,3821,3822,3847,3848,3824,3819,3817,3849,3823,3851,3816,3376,3818,3850],"class_list":{"0":"post-4460","1":"product","2":"type-product","3":"status-publish","4":"has-post-thumbnail","6":"product_cat-1941","7":"product_cat-1940","8":"product_tag-3820","9":"product_tag----ar","10":"product_tag-yaka-makinasi-ar","11":"product_tag-yaka-makinasi-ar-2","12":"product_tag-yaka-makinasi-ar-3","13":"product_tag-yaka-makinasi-ar-4","14":"product_tag-3824","15":"product_tag-3819","16":"product_tag-3817","17":"product_tag-3849","18":"product_tag-3823","19":"product_tag-3851","20":"product_tag-3816","21":"product_tag-3376","22":"product_tag-3818","23":"product_tag-3850","24":"pa_besleyici-mekik-6---2---","25":"pa_celik-sistem-0-99------","26":"pa_dikis-yogunlugu-0-99------","27":"pa_guc-220v-380v-ar","28":"pa_incelik-10g-ar","29":"pa_incelik-12g-ar","30":"pa_incelik-14g-ar","31":"pa_incelik-16g-ar","32":"pa_incelik-18g-ar","33":"pa_incelik-7g-ar","34":"pa_incelik-9g-ar","35":"pa_kontrol-sistemi-boosan-isletim-sistemi-tarafindan-kontrol-edilir-ar","36":"pa_orgu-genisligi-42-","37":"pa_orgu-genisligi-52-","38":"pa_orgu-hizi---1-2-------","39":"pa_otomatik-mudahale-ayar-motor-hatasi-ar","40":"pa_otomatik-mudahale-3837","41":"pa_otomatik-mudahale-3836","42":"pa_otomatik-mudahale-3839","43":"pa_otomatik-mudahale-3835","44":"pa_otomatik-mudahale-3842","45":"pa_otomatik-mudahale-3841","46":"pa_otomatik-mudahale-3834","47":"pa_otomatik-mudahale-3838","48":"pa_silindir-3856","49":"pa_yan-gergi---2-","52":"instock","53":"taxable","54":"shipping-taxable","55":"purchasable","56":"product-type-simple"},"_links":{"self":[{"href":"https:\/\/www.santeksmakine.com\/ar\/wp-json\/wp\/v2\/product\/4460","targetHints":{"allow":["GET"]}}],"collection":[{"href":"https:\/\/www.santeksmakine.com\/ar\/wp-json\/wp\/v2\/product"}],"about":[{"href":"https:\/\/www.santeksmakine.com\/ar\/wp-json\/wp\/v2\/types\/product"}],"replies":[{"embeddable":true,"href":"https:\/\/www.santeksmakine.com\/ar\/wp-json\/wp\/v2\/comments?post=4460"}],"wp:featuredmedia":[{"embeddable":true,"href":"https:\/\/www.santeksmakine.com\/ar\/wp-json\/wp\/v2\/media\/10004"}],"wp:attachment":[{"href":"https:\/\/www.santeksmakine.com\/ar\/wp-json\/wp\/v2\/media?parent=4460"}],"wp:term":[{"taxonomy":"product_brand","embeddable":true,"href":"https:\/\/www.santeksmakine.com\/ar\/wp-json\/wp\/v2\/product_brand?post=4460"},{"taxonomy":"product_cat","embeddable":true,"href":"https:\/\/www.santeksmakine.com\/ar\/wp-json\/wp\/v2\/product_cat?post=4460"},{"taxonomy":"product_tag","embeddable":true,"href":"https:\/\/www.santeksmakine.com\/ar\/wp-json\/wp\/v2\/product_tag?post=4460"}],"curies":[{"name":"wp","href":"https:\/\/api.w.org\/{rel}","templated":true}]}}