{"id":4518,"date":"2019-07-18T12:01:55","date_gmt":"2019-07-18T12:01:55","guid":{"rendered":"https:\/\/www.santeksmakine.com\/urun\/%d8%a2%d9%84%d8%a9-%d9%84%d8%ad%d9%81-%d8%a8%d9%85%d9%83%d9%88%d9%83-%d8%af%d9%88%d8%a7%d8%b1\/"},"modified":"2020-02-06T12:41:16","modified_gmt":"2020-02-06T12:41:16","slug":"%d8%a2%d9%84%d8%a9-%d9%84%d8%ad%d9%81-%d8%a8%d9%85%d9%83%d9%88%d9%83-%d8%af%d9%88%d8%a7%d8%b1","status":"publish","type":"product","link":"https:\/\/www.santeksmakine.com\/ar\/product\/%d8%a2%d9%84%d8%a9-%d9%84%d8%ad%d9%81-%d8%a8%d9%85%d9%83%d9%88%d9%83-%d8%af%d9%88%d8%a7%d8%b1\/","title":{"rendered":"\u0622\u0644\u0629 \u0644\u062d\u0641 \u0628\u0645\u0643\u0648\u0643 \u062f\u0648\u0627\u0631"},"content":{"rendered":"<div class=\"wpb-content-wrapper\"><p>[vc_row][vc_column][vc_column_text]The machine adopted large rotary hook that can make neat stitches and with lower noise, and effectively reduced defects such as miss stitches, loose stitches, coarse stitches, etc.<br \/>\nQuilt&amp;embroidery completed simutaneously.<br \/>\nFunction of independent patterns interval quilting, adopting Tensile Motor to keep the fabric smooth at the inlet and outlet fabrics.<br \/>\nMain axis and XY axis are all adopted the Servo Motor.<br \/>\nFunction of under and upper thread auto detector, red light displayed on the thread broken position.<br \/>\nFunction of edit patterns on the equipment directly, and convenient to read the embroidery format.<br \/>\nStitches between 1mm-12.7mm adjustable, Sewing Speed: 600-700\/R.P.M.<br \/>\nSafe operation display of quilting and embroidery; Automatic needle run-up and orientantion brake system.<br \/>\nFunction of pattern patch-up, can efficiently solve the distorted patterns when quilting the thick materials.<br \/>\nPrepared plenty patterns for your choice.[\/vc_column_text][\/vc_column][\/vc_row][vc_row][vc_column width=&#8221;1\/2&#8243;][vc_single_image image=&#8221;1900&#8243; img_size=&#8221;full&#8221;][\/vc_column][vc_column width=&#8221;1\/2&#8243;][vc_single_image image=&#8221;1901&#8243; img_size=&#8221;full&#8221;][\/vc_column][\/vc_row][vc_row][vc_column][vc_column_text]<\/p>\n<table class=\"table table-bordered table-hover table-responsive\">\n<thead>\n<tr>\n<th><\/th>\n<th>70&#8243; 2 \u0130\u011fne<\/th>\n<th>110&#8243; 2 \u0130\u011fne<\/th>\n<\/tr>\n<\/thead>\n<tbody>\n<tr>\n<th>\u00c7al\u0131\u015fma Geni\u015fli\u011fi<\/th>\n<td>1778 mm<\/td>\n<td>2794 mm<\/td>\n<\/tr>\n<tr>\n<th>X Alan\u0131<\/th>\n<td>220 mm<\/td>\n<td>220 mm<\/td>\n<\/tr>\n<tr>\n<th>Diki\u015f H\u0131z\u0131<\/th>\n<td>600 ~ 700 rpm<\/td>\n<td>400 ~ 550 rpm<\/td>\n<\/tr>\n<tr>\n<th>\u0130\u011fne Tipi<\/th>\n<td>9# ~ 16#<\/td>\n<td>9# ~ 16#<\/td>\n<\/tr>\n<tr>\n<th>Anma Gerilimi<\/th>\n<td>AC 380 V<\/td>\n<td>AC 380 V<\/td>\n<\/tr>\n<tr>\n<th>Diki\u015f Mesafesi<\/th>\n<td>\u200e1 mm ~ 12.7 mm<\/td>\n<td>\u200e1 mm ~ 12.7 mm<\/td>\n<\/tr>\n<tr>\n<th>G\u00fc\u00e7<\/th>\n<td>5.5 KW<\/td>\n<td>5.5 KW<\/td>\n<\/tr>\n<tr>\n<th>Makine Ebad\u0131 (cm)<\/th>\n<td>400 x 138 x 205<\/td>\n<td>502 x 138 x 205<\/td>\n<\/tr>\n<\/tbody>\n<\/table>\n<p>[\/vc_column_text][\/vc_column][\/vc_row]<\/p>\n<\/div>","protected":false},"excerpt":{"rendered":"<p>[vc_row][vc_column][vc_column_text]The machine adopted large rotary hook that can make neat stitches and with lower noise, and effectively reduced defects such as miss stitches, loose stitches, coarse stitches, etc. Quilt&amp;embroidery completed simutaneously. Function of independent patterns interval quilting, adopting Tensile Motor to keep the fabric smooth at the inlet and outlet fabrics. Main axis and XY &hellip; <a href=\"https:\/\/www.santeksmakine.com\/ar\/product\/%d8%a2%d9%84%d8%a9-%d9%84%d8%ad%d9%81-%d8%a8%d9%85%d9%83%d9%88%d9%83-%d8%af%d9%88%d8%a7%d8%b1\/\" class=\"more-link\">Continue reading <span class=\"screen-reader-text\">\u0622\u0644\u0629 \u0644\u062d\u0641 \u0628\u0645\u0643\u0648\u0643 \u062f\u0648\u0627\u0631<\/span><\/a><\/p>\n","protected":false},"featured_media":6404,"comment_status":"closed","ping_status":"closed","template":"","meta":{"_joinchat":[]},"product_brand":[],"product_cat":[3240,1940],"product_tag":[3877,3878,3879,3880,3543],"class_list":{"0":"post-4518","1":"product","2":"type-product","3":"status-publish","4":"has-post-thumbnail","6":"product_cat-3240","7":"product_cat-1940","8":"product_tag-kapitone-makinesi-ar","9":"product_tag-kapitone-makinasi-ar","10":"product_tag-kapitone-makineleri-ar","11":"product_tag-kapitone-makinalari-ar","12":"product_tag-3543","15":"instock","16":"taxable","17":"shipping-taxable","18":"purchasable","19":"product-type-simple"},"_links":{"self":[{"href":"https:\/\/www.santeksmakine.com\/ar\/wp-json\/wp\/v2\/product\/4518","targetHints":{"allow":["GET"]}}],"collection":[{"href":"https:\/\/www.santeksmakine.com\/ar\/wp-json\/wp\/v2\/product"}],"about":[{"href":"https:\/\/www.santeksmakine.com\/ar\/wp-json\/wp\/v2\/types\/product"}],"replies":[{"embeddable":true,"href":"https:\/\/www.santeksmakine.com\/ar\/wp-json\/wp\/v2\/comments?post=4518"}],"wp:featuredmedia":[{"embeddable":true,"href":"https:\/\/www.santeksmakine.com\/ar\/wp-json\/wp\/v2\/media\/6404"}],"wp:attachment":[{"href":"https:\/\/www.santeksmakine.com\/ar\/wp-json\/wp\/v2\/media?parent=4518"}],"wp:term":[{"taxonomy":"product_brand","embeddable":true,"href":"https:\/\/www.santeksmakine.com\/ar\/wp-json\/wp\/v2\/product_brand?post=4518"},{"taxonomy":"product_cat","embeddable":true,"href":"https:\/\/www.santeksmakine.com\/ar\/wp-json\/wp\/v2\/product_cat?post=4518"},{"taxonomy":"product_tag","embeddable":true,"href":"https:\/\/www.santeksmakine.com\/ar\/wp-json\/wp\/v2\/product_tag?post=4518"}],"curies":[{"name":"wp","href":"https:\/\/api.w.org\/{rel}","templated":true}]}}