{"id":4827,"date":"2020-05-06T11:44:21","date_gmt":"2020-05-06T11:44:21","guid":{"rendered":"https:\/\/www.santeksmakine.com\/?post_type=product&#038;p=4827"},"modified":"2024-09-30T10:37:13","modified_gmt":"2024-09-30T07:37:13","slug":"otomatik-yaglamali-iplik-temizleme-makinasi-komursuz-sensorlu","status":"publish","type":"product","link":"https:\/\/www.santeksmakine.com\/ar\/product\/otomatik-yaglamali-iplik-temizleme-makinasi-komursuz-sensorlu\/","title":{"rendered":"Otomatik Ya\u011flamal\u0131 \u0130plik Temizleme Makinas\u0131 (K\u00f6m\u00fcrs\u00fcz) (Sens\u00f6rl\u00fc)"},"content":{"rendered":"<div class=\"wpb-content-wrapper\"><p>[vc_row][vc_column][vc_column_text]\u00d6zellikler<\/p>\n<p>\u0130\u015f g\u00fcc\u00fc maliyetini azalt\u0131r, \u00fcretimi art\u0131r\u0131r, kullanmak i\u00e7in deneyim gerekmez.<br \/>\nMakas hatas\u0131 ihtimalini ortadan kald\u0131r\u0131r.<br \/>\n\u00c7al\u0131\u015fma alan\u0131n\u0131 temiz tutar dolay\u0131s\u0131 ile temizlik masraflar\u0131n\u0131 azalt\u0131r.<br \/>\nModern dizayn\u0131 ve m\u00fckemmel kalitesi ile kolay i\u015flem sunar.<br \/>\nModern iplik temizleme i\u015flemlerinde kullan\u0131labilen en iyi makinad\u0131r.<br \/>\nDe\u011fi\u015fik materyaller i\u00e7in de\u011fi\u015fik b\u0131\u00e7ak ve motor kontrol\u00fc sa\u011flar.<br \/>\nKolay hareket ettirilir, b\u00fcy\u00fck veya k\u00fc\u00e7\u00fck at\u00f6lyelerin kullan\u0131m\u0131na uygundur.<br \/>\nK\u00f6m\u00fcrs\u00fcz Motor kullan\u0131m\u0131yla beraber bak\u0131m i\u00e7in ayr\u0131lan s\u00fcreyi azalt\u0131r ve verimlili\u011fi art\u0131r\u0131r.<br \/>\nOtomatik ya\u011flama sistemi sayesinde b\u0131\u00e7ak harika bir \u015fekilde korunur.<\/p>\n<p>Kullan\u0131ld\u0131\u011f\u0131 yerler<br \/>\nDokuma tipi kuma\u015flarda (\u00e7ocuk k\u0131yafeti, i\u00e7 \u00e7ama\u015f\u0131r\u0131, triko, penye vs..), kullan\u0131l\u0131r ve tekstil \u00fcr\u00fcnlerindeki ip art\u0131\u011f\u0131n\u0131 m\u00fckemmel bi\u00e7imde temizler<\/p>\n<p>Teknik \u00d6zellikler<br \/>\nOtomatik ya\u011flama<br \/>\nK\u00f6m\u00fcrs\u00fcz elektronik hava motoru<br \/>\nDirect Drive (Kafadan) Motor<br \/>\nG\u00fc\u00e7: 180 W &#8211; 430 W<br \/>\nDevir: 1000 &#8211; 4000 RPM<br \/>\nG\u00fc\u00e7 T\u00fcketimi: 0.18 ~ 0.43Kw[\/vc_column_text][\/vc_column][\/vc_row]<\/p>\n<\/div>","protected":false},"excerpt":{"rendered":"<p>[vc_row][vc_column][vc_column_text]\u00d6zellikler \u0130\u015f g\u00fcc\u00fc maliyetini azalt\u0131r, \u00fcretimi art\u0131r\u0131r, kullanmak i\u00e7in deneyim gerekmez. Makas hatas\u0131 ihtimalini ortadan kald\u0131r\u0131r. \u00c7al\u0131\u015fma alan\u0131n\u0131 temiz tutar dolay\u0131s\u0131 ile temizlik masraflar\u0131n\u0131 azalt\u0131r. Modern dizayn\u0131 ve m\u00fckemmel kalitesi ile kolay i\u015flem sunar. Modern iplik temizleme i\u015flemlerinde kullan\u0131labilen en iyi makinad\u0131r. De\u011fi\u015fik materyaller i\u00e7in de\u011fi\u015fik b\u0131\u00e7ak ve motor kontrol\u00fc sa\u011flar. Kolay hareket ettirilir, b\u00fcy\u00fck &hellip; <a href=\"https:\/\/www.santeksmakine.com\/ar\/product\/otomatik-yaglamali-iplik-temizleme-makinasi-komursuz-sensorlu\/\" class=\"more-link\">Continue reading <span class=\"screen-reader-text\">Otomatik Ya\u011flamal\u0131 \u0130plik Temizleme Makinas\u0131 (K\u00f6m\u00fcrs\u00fcz) (Sens\u00f6rl\u00fc)<\/span><\/a><\/p>\n","protected":false},"featured_media":4828,"comment_status":"closed","ping_status":"closed","template":"","meta":{"_joinchat":[]},"product_brand":[],"product_cat":[1646,1651],"product_tag":[2649,3766],"class_list":{"0":"post-4827","1":"product","2":"type-product","3":"status-publish","4":"has-post-thumbnail","6":"product_cat-diger-makineler","7":"product_cat-iplik-temizleme","8":"product_tag-iplik-temizleme","9":"product_tag-iplik-temizleme-makinesi","12":"instock","13":"taxable","14":"shipping-taxable","15":"purchasable","16":"product-type-simple"},"_links":{"self":[{"href":"https:\/\/www.santeksmakine.com\/ar\/wp-json\/wp\/v2\/product\/4827","targetHints":{"allow":["GET"]}}],"collection":[{"href":"https:\/\/www.santeksmakine.com\/ar\/wp-json\/wp\/v2\/product"}],"about":[{"href":"https:\/\/www.santeksmakine.com\/ar\/wp-json\/wp\/v2\/types\/product"}],"replies":[{"embeddable":true,"href":"https:\/\/www.santeksmakine.com\/ar\/wp-json\/wp\/v2\/comments?post=4827"}],"wp:featuredmedia":[{"embeddable":true,"href":"https:\/\/www.santeksmakine.com\/ar\/wp-json\/wp\/v2\/media\/4828"}],"wp:attachment":[{"href":"https:\/\/www.santeksmakine.com\/ar\/wp-json\/wp\/v2\/media?parent=4827"}],"wp:term":[{"taxonomy":"product_brand","embeddable":true,"href":"https:\/\/www.santeksmakine.com\/ar\/wp-json\/wp\/v2\/product_brand?post=4827"},{"taxonomy":"product_cat","embeddable":true,"href":"https:\/\/www.santeksmakine.com\/ar\/wp-json\/wp\/v2\/product_cat?post=4827"},{"taxonomy":"product_tag","embeddable":true,"href":"https:\/\/www.santeksmakine.com\/ar\/wp-json\/wp\/v2\/product_tag?post=4827"}],"curies":[{"name":"wp","href":"https:\/\/api.w.org\/{rel}","templated":true}]}}