{"id":4883,"date":"2020-05-07T13:42:52","date_gmt":"2020-05-07T13:42:52","guid":{"rendered":"https:\/\/www.santeksmakine.com\/?post_type=product&#038;p=4883"},"modified":"2024-09-30T10:37:16","modified_gmt":"2024-09-30T07:37:16","slug":"yuki-kd-868-suluksiyon-ve-ilac-yapistirma-makinesi","status":"publish","type":"product","link":"https:\/\/www.santeksmakine.com\/ar\/product\/yuki-kd-868-suluksiyon-ve-ilac-yapistirma-makinesi\/","title":{"rendered":"Yuki KD-868 S\u00fcl\u00fcksiyon ve \u0130la\u00e7 Yap\u0131\u015ft\u0131rma Makinesi"},"content":{"rendered":"<div class=\"wpb-content-wrapper\"><p>[vc_row][vc_column][vc_column_text]Yuki KD-868 S\u00fcl\u00fcksiyon ve \u0130la\u00e7 Yap\u0131\u015ft\u0131rma Makinesi (Masa \u00dcst\u00fc) (16 cm)[\/vc_column_text][\/vc_column][\/vc_row]<\/p>\n<\/div>","protected":false},"excerpt":{"rendered":"<p>[vc_row][vc_column][vc_column_text]Yuki KD-868 S\u00fcl\u00fcksiyon ve \u0130la\u00e7 Yap\u0131\u015ft\u0131rma Makinesi (Masa \u00dcst\u00fc) (16 cm)[\/vc_column_text][\/vc_column][\/vc_row]<\/p>\n","protected":false},"featured_media":4884,"comment_status":"closed","ping_status":"closed","template":"","meta":{"_joinchat":[]},"product_brand":[],"product_cat":[1647,1646],"product_tag":[3771,3772],"class_list":{"0":"post-4883","1":"product","2":"type-product","3":"status-publish","4":"has-post-thumbnail","6":"product_cat-ayakkabi-imalati","7":"product_cat-diger-makineler","8":"product_tag-ilac-yapistirma-makinesi","9":"product_tag-suluksiyon-makinesi","12":"instock","13":"taxable","14":"shipping-taxable","15":"purchasable","16":"product-type-simple"},"_links":{"self":[{"href":"https:\/\/www.santeksmakine.com\/ar\/wp-json\/wp\/v2\/product\/4883","targetHints":{"allow":["GET"]}}],"collection":[{"href":"https:\/\/www.santeksmakine.com\/ar\/wp-json\/wp\/v2\/product"}],"about":[{"href":"https:\/\/www.santeksmakine.com\/ar\/wp-json\/wp\/v2\/types\/product"}],"replies":[{"embeddable":true,"href":"https:\/\/www.santeksmakine.com\/ar\/wp-json\/wp\/v2\/comments?post=4883"}],"wp:featuredmedia":[{"embeddable":true,"href":"https:\/\/www.santeksmakine.com\/ar\/wp-json\/wp\/v2\/media\/4884"}],"wp:attachment":[{"href":"https:\/\/www.santeksmakine.com\/ar\/wp-json\/wp\/v2\/media?parent=4883"}],"wp:term":[{"taxonomy":"product_brand","embeddable":true,"href":"https:\/\/www.santeksmakine.com\/ar\/wp-json\/wp\/v2\/product_brand?post=4883"},{"taxonomy":"product_cat","embeddable":true,"href":"https:\/\/www.santeksmakine.com\/ar\/wp-json\/wp\/v2\/product_cat?post=4883"},{"taxonomy":"product_tag","embeddable":true,"href":"https:\/\/www.santeksmakine.com\/ar\/wp-json\/wp\/v2\/product_tag?post=4883"}],"curies":[{"name":"wp","href":"https:\/\/api.w.org\/{rel}","templated":true}]}}