{"id":4899,"date":"2020-05-08T10:50:34","date_gmt":"2020-05-08T10:50:34","guid":{"rendered":"https:\/\/www.santeksmakine.com\/?post_type=product&#038;p=4899"},"modified":"2024-09-30T10:37:16","modified_gmt":"2024-09-30T07:37:16","slug":"dikis-makinasi-dizligi","status":"publish","type":"product","link":"https:\/\/www.santeksmakine.com\/ar\/product\/dikis-makinasi-dizligi\/","title":{"rendered":"Diki\u015f Makinas\u0131 Dizli\u011fi"},"content":{"rendered":"<div class=\"wpb-content-wrapper\"><p>[vc_row][vc_column][vc_column_text]Konfeksiyon Tekstil Sanayi \u00dcr\u00fcnleri, Sanayi Diki\u015f Makineleri Ayak Kald\u0131rma Dizli\u011fi[\/vc_column_text][\/vc_column][\/vc_row]<\/p>\n<\/div>","protected":false},"excerpt":{"rendered":"<p>[vc_row][vc_column][vc_column_text]Konfeksiyon Tekstil Sanayi \u00dcr\u00fcnleri, Sanayi Diki\u015f Makineleri Ayak Kald\u0131rma Dizli\u011fi[\/vc_column_text][\/vc_column][\/vc_row]<\/p>\n","protected":false},"featured_media":4900,"comment_status":"closed","ping_status":"closed","template":"","meta":{"_joinchat":[]},"product_brand":[],"product_cat":[1632,1628,29],"product_tag":[3774],"class_list":{"0":"post-4899","1":"product","2":"type-product","3":"status-publish","4":"has-post-thumbnail","6":"product_cat-cesitli-parcalar","7":"product_cat-makine-parcalari","8":"product_cat-yedek-parca","9":"product_tag-dikis-makinasi-dizligi","12":"instock","13":"taxable","14":"shipping-taxable","15":"purchasable","16":"product-type-simple"},"_links":{"self":[{"href":"https:\/\/www.santeksmakine.com\/ar\/wp-json\/wp\/v2\/product\/4899","targetHints":{"allow":["GET"]}}],"collection":[{"href":"https:\/\/www.santeksmakine.com\/ar\/wp-json\/wp\/v2\/product"}],"about":[{"href":"https:\/\/www.santeksmakine.com\/ar\/wp-json\/wp\/v2\/types\/product"}],"replies":[{"embeddable":true,"href":"https:\/\/www.santeksmakine.com\/ar\/wp-json\/wp\/v2\/comments?post=4899"}],"wp:featuredmedia":[{"embeddable":true,"href":"https:\/\/www.santeksmakine.com\/ar\/wp-json\/wp\/v2\/media\/4900"}],"wp:attachment":[{"href":"https:\/\/www.santeksmakine.com\/ar\/wp-json\/wp\/v2\/media?parent=4899"}],"wp:term":[{"taxonomy":"product_brand","embeddable":true,"href":"https:\/\/www.santeksmakine.com\/ar\/wp-json\/wp\/v2\/product_brand?post=4899"},{"taxonomy":"product_cat","embeddable":true,"href":"https:\/\/www.santeksmakine.com\/ar\/wp-json\/wp\/v2\/product_cat?post=4899"},{"taxonomy":"product_tag","embeddable":true,"href":"https:\/\/www.santeksmakine.com\/ar\/wp-json\/wp\/v2\/product_tag?post=4899"}],"curies":[{"name":"wp","href":"https:\/\/api.w.org\/{rel}","templated":true}]}}