{"id":4980,"date":"2020-05-08T11:52:06","date_gmt":"2020-05-08T11:52:06","guid":{"rendered":"https:\/\/www.santeksmakine.com\/?post_type=product&#038;p=4980"},"modified":"2024-09-30T10:37:17","modified_gmt":"2024-09-30T07:37:17","slug":"1-6-mm-cima-ayagi-cr-1-16n-1-kalite","status":"publish","type":"product","link":"https:\/\/www.santeksmakine.com\/ar\/product\/1-6-mm-cima-ayagi-cr-1-16n-1-kalite\/","title":{"rendered":"1.6 mm \u00c7ima Aya\u011f\u0131 (CR 1\/16N) (1.Kalite)"},"content":{"rendered":"<p><\/p>\n","protected":false},"excerpt":{"rendered":"<p>1.6 mm \u00c7ima Aya\u011f\u0131 (CR 1\/16N) (1.Kalite)<\/p>\n","protected":false},"featured_media":4981,"comment_status":"closed","ping_status":"closed","template":"","meta":{"_joinchat":[]},"product_brand":[],"product_cat":[1632,1628,29],"product_tag":[],"class_list":{"0":"post-4980","1":"product","2":"type-product","3":"status-publish","4":"has-post-thumbnail","6":"product_cat-cesitli-parcalar","7":"product_cat-makine-parcalari","8":"product_cat-yedek-parca","11":"instock","12":"taxable","13":"shipping-taxable","14":"purchasable","15":"product-type-simple"},"_links":{"self":[{"href":"https:\/\/www.santeksmakine.com\/ar\/wp-json\/wp\/v2\/product\/4980","targetHints":{"allow":["GET"]}}],"collection":[{"href":"https:\/\/www.santeksmakine.com\/ar\/wp-json\/wp\/v2\/product"}],"about":[{"href":"https:\/\/www.santeksmakine.com\/ar\/wp-json\/wp\/v2\/types\/product"}],"replies":[{"embeddable":true,"href":"https:\/\/www.santeksmakine.com\/ar\/wp-json\/wp\/v2\/comments?post=4980"}],"wp:featuredmedia":[{"embeddable":true,"href":"https:\/\/www.santeksmakine.com\/ar\/wp-json\/wp\/v2\/media\/4981"}],"wp:attachment":[{"href":"https:\/\/www.santeksmakine.com\/ar\/wp-json\/wp\/v2\/media?parent=4980"}],"wp:term":[{"taxonomy":"product_brand","embeddable":true,"href":"https:\/\/www.santeksmakine.com\/ar\/wp-json\/wp\/v2\/product_brand?post=4980"},{"taxonomy":"product_cat","embeddable":true,"href":"https:\/\/www.santeksmakine.com\/ar\/wp-json\/wp\/v2\/product_cat?post=4980"},{"taxonomy":"product_tag","embeddable":true,"href":"https:\/\/www.santeksmakine.com\/ar\/wp-json\/wp\/v2\/product_tag?post=4980"}],"curies":[{"name":"wp","href":"https:\/\/api.w.org\/{rel}","templated":true}]}}