{"id":5025,"date":"2020-05-08T12:15:27","date_gmt":"2020-05-08T12:15:27","guid":{"rendered":"https:\/\/www.santeksmakine.com\/?post_type=product&#038;p=5025"},"modified":"2024-09-30T10:37:21","modified_gmt":"2024-09-30T07:37:21","slug":"bc-db1-duz-makine-mekigi-yaysiz-orjinal","status":"publish","type":"product","link":"https:\/\/www.santeksmakine.com\/ar\/product\/bc-db1-duz-makine-mekigi-yaysiz-orjinal\/","title":{"rendered":"BC-DB1 D\u00fcz Makine Meki\u011fi (Yays\u0131z) (Orjinal)"},"content":{"rendered":"<p><\/p>\n","protected":false},"excerpt":{"rendered":"<p>BC-DB1 D\u00fcz Makine Meki\u011fi (Yays\u0131z) (Orjinal), B\u00fct\u00fcn Sanayi Tipi D\u00fcz Diki\u015f Makinelerine Uyumludur.<\/p>\n","protected":false},"featured_media":5026,"comment_status":"closed","ping_status":"closed","template":"","meta":{"_joinchat":[]},"product_brand":[],"product_cat":[1632,1628,29],"product_tag":[],"class_list":{"0":"post-5025","1":"product","2":"type-product","3":"status-publish","4":"has-post-thumbnail","6":"product_cat-cesitli-parcalar","7":"product_cat-makine-parcalari","8":"product_cat-yedek-parca","11":"instock","12":"taxable","13":"shipping-taxable","14":"purchasable","15":"product-type-simple"},"_links":{"self":[{"href":"https:\/\/www.santeksmakine.com\/ar\/wp-json\/wp\/v2\/product\/5025","targetHints":{"allow":["GET"]}}],"collection":[{"href":"https:\/\/www.santeksmakine.com\/ar\/wp-json\/wp\/v2\/product"}],"about":[{"href":"https:\/\/www.santeksmakine.com\/ar\/wp-json\/wp\/v2\/types\/product"}],"replies":[{"embeddable":true,"href":"https:\/\/www.santeksmakine.com\/ar\/wp-json\/wp\/v2\/comments?post=5025"}],"wp:featuredmedia":[{"embeddable":true,"href":"https:\/\/www.santeksmakine.com\/ar\/wp-json\/wp\/v2\/media\/5026"}],"wp:attachment":[{"href":"https:\/\/www.santeksmakine.com\/ar\/wp-json\/wp\/v2\/media?parent=5025"}],"wp:term":[{"taxonomy":"product_brand","embeddable":true,"href":"https:\/\/www.santeksmakine.com\/ar\/wp-json\/wp\/v2\/product_brand?post=5025"},{"taxonomy":"product_cat","embeddable":true,"href":"https:\/\/www.santeksmakine.com\/ar\/wp-json\/wp\/v2\/product_cat?post=5025"},{"taxonomy":"product_tag","embeddable":true,"href":"https:\/\/www.santeksmakine.com\/ar\/wp-json\/wp\/v2\/product_tag?post=5025"}],"curies":[{"name":"wp","href":"https:\/\/api.w.org\/{rel}","templated":true}]}}