{"id":5163,"date":"2020-05-12T12:37:39","date_gmt":"2020-05-12T12:37:39","guid":{"rendered":"https:\/\/www.santeksmakine.com\/?post_type=product&#038;p=5163"},"modified":"2024-09-30T10:37:27","modified_gmt":"2024-09-30T07:37:27","slug":"brother-s10605-001-bicakli-duz-makine-bicagi-b777-1-kalite","status":"publish","type":"product","link":"https:\/\/www.santeksmakine.com\/ar\/product\/brother-s10605-001-bicakli-duz-makine-bicagi-b777-1-kalite\/","title":{"rendered":"Brother S10605-001 B\u0131\u00e7akl\u0131 D\u00fcz Makine B\u0131\u00e7a\u011f\u0131 (B777) (1.Kalite)"},"content":{"rendered":"<div class=\"wpb-content-wrapper\"><p>[vc_row][vc_column][vc_column_text]Brother S10605-001 B\u0131\u00e7akl\u0131 D\u00fcz Makine B\u0131\u00e7a\u011f\u0131 (B777) (1.Kalite)<\/p>\n<p>Brother B777 B\u0131\u00e7akl\u0131 D\u00fcz Diki\u015f Makinelerine Uyumludur.[\/vc_column_text][\/vc_column][\/vc_row]<\/p>\n<\/div>","protected":false},"excerpt":{"rendered":"<p>Brother S10605-001 B\u0131\u00e7akl\u0131 D\u00fcz Makine B\u0131\u00e7a\u011f\u0131 (B777) (1.Kalite), Brother B777 B\u0131\u00e7akl\u0131 D\u00fcz Diki\u015f Makinelerine Uyumludur.<\/p>\n","protected":false},"featured_media":5164,"comment_status":"closed","ping_status":"closed","template":"","meta":{"_joinchat":[]},"product_brand":[],"product_cat":[1632,1628,29],"product_tag":[],"class_list":{"0":"post-5163","1":"product","2":"type-product","3":"status-publish","4":"has-post-thumbnail","6":"product_cat-cesitli-parcalar","7":"product_cat-makine-parcalari","8":"product_cat-yedek-parca","11":"instock","12":"taxable","13":"shipping-taxable","14":"purchasable","15":"product-type-simple"},"_links":{"self":[{"href":"https:\/\/www.santeksmakine.com\/ar\/wp-json\/wp\/v2\/product\/5163","targetHints":{"allow":["GET"]}}],"collection":[{"href":"https:\/\/www.santeksmakine.com\/ar\/wp-json\/wp\/v2\/product"}],"about":[{"href":"https:\/\/www.santeksmakine.com\/ar\/wp-json\/wp\/v2\/types\/product"}],"replies":[{"embeddable":true,"href":"https:\/\/www.santeksmakine.com\/ar\/wp-json\/wp\/v2\/comments?post=5163"}],"wp:featuredmedia":[{"embeddable":true,"href":"https:\/\/www.santeksmakine.com\/ar\/wp-json\/wp\/v2\/media\/5164"}],"wp:attachment":[{"href":"https:\/\/www.santeksmakine.com\/ar\/wp-json\/wp\/v2\/media?parent=5163"}],"wp:term":[{"taxonomy":"product_brand","embeddable":true,"href":"https:\/\/www.santeksmakine.com\/ar\/wp-json\/wp\/v2\/product_brand?post=5163"},{"taxonomy":"product_cat","embeddable":true,"href":"https:\/\/www.santeksmakine.com\/ar\/wp-json\/wp\/v2\/product_cat?post=5163"},{"taxonomy":"product_tag","embeddable":true,"href":"https:\/\/www.santeksmakine.com\/ar\/wp-json\/wp\/v2\/product_tag?post=5163"}],"curies":[{"name":"wp","href":"https:\/\/api.w.org\/{rel}","templated":true}]}}