{"id":5277,"date":"2020-05-14T11:31:36","date_gmt":"2020-05-14T11:31:36","guid":{"rendered":"https:\/\/www.santeksmakine.com\/?post_type=product&#038;p=5277"},"modified":"2024-09-30T10:37:30","modified_gmt":"2024-09-30T07:37:30","slug":"siruba-p253-f371-3-iplik-overlok-ayagi-yan-sanayi","status":"publish","type":"product","link":"https:\/\/www.santeksmakine.com\/ar\/product\/siruba-p253-f371-3-iplik-overlok-ayagi-yan-sanayi\/","title":{"rendered":"Siruba P253 F371 3 \u0130plik Overlok Aya\u011f\u0131 (Yan Sanayi)"},"content":{"rendered":"<div class=\"wpb-content-wrapper\"><p>[vc_row][vc_column][vc_column_text]Siruba P253 F371 3 \u0130plik Overlok Aya\u011f\u0131 (Yan Sanayi)<\/p>\n<p>Siruba 3 \u0130plik Overlok Makinelerine Uyumludur.[\/vc_column_text][\/vc_column][\/vc_row]<\/p>\n<\/div>","protected":false},"excerpt":{"rendered":"<p>Siruba P253 F371 3 \u0130plik Overlok Aya\u011f\u0131 (Yan Sanayi), Siruba 3 \u0130plik Overlok Makinelerine Uyumludur.<\/p>\n","protected":false},"featured_media":5278,"comment_status":"closed","ping_status":"closed","template":"","meta":{"_joinchat":[]},"product_brand":[],"product_cat":[1632,1628,29],"product_tag":[],"class_list":{"0":"post-5277","1":"product","2":"type-product","3":"status-publish","4":"has-post-thumbnail","6":"product_cat-cesitli-parcalar","7":"product_cat-makine-parcalari","8":"product_cat-yedek-parca","11":"instock","12":"taxable","13":"shipping-taxable","14":"purchasable","15":"product-type-simple"},"_links":{"self":[{"href":"https:\/\/www.santeksmakine.com\/ar\/wp-json\/wp\/v2\/product\/5277","targetHints":{"allow":["GET"]}}],"collection":[{"href":"https:\/\/www.santeksmakine.com\/ar\/wp-json\/wp\/v2\/product"}],"about":[{"href":"https:\/\/www.santeksmakine.com\/ar\/wp-json\/wp\/v2\/types\/product"}],"replies":[{"embeddable":true,"href":"https:\/\/www.santeksmakine.com\/ar\/wp-json\/wp\/v2\/comments?post=5277"}],"wp:featuredmedia":[{"embeddable":true,"href":"https:\/\/www.santeksmakine.com\/ar\/wp-json\/wp\/v2\/media\/5278"}],"wp:attachment":[{"href":"https:\/\/www.santeksmakine.com\/ar\/wp-json\/wp\/v2\/media?parent=5277"}],"wp:term":[{"taxonomy":"product_brand","embeddable":true,"href":"https:\/\/www.santeksmakine.com\/ar\/wp-json\/wp\/v2\/product_brand?post=5277"},{"taxonomy":"product_cat","embeddable":true,"href":"https:\/\/www.santeksmakine.com\/ar\/wp-json\/wp\/v2\/product_cat?post=5277"},{"taxonomy":"product_tag","embeddable":true,"href":"https:\/\/www.santeksmakine.com\/ar\/wp-json\/wp\/v2\/product_tag?post=5277"}],"curies":[{"name":"wp","href":"https:\/\/api.w.org\/{rel}","templated":true}]}}