{"id":5302,"date":"2020-05-14T11:42:28","date_gmt":"2020-05-14T11:42:28","guid":{"rendered":"https:\/\/www.santeksmakine.com\/?post_type=product&#038;p=5302"},"modified":"2024-09-30T10:37:34","modified_gmt":"2024-09-30T07:37:34","slug":"brother-146884-001-500-serisi-3-iplik-overlok-ayagi","status":"publish","type":"product","link":"https:\/\/www.santeksmakine.com\/ar\/product\/brother-146884-001-500-serisi-3-iplik-overlok-ayagi\/","title":{"rendered":"Brother 146884-001 (500 Serisi) 3 \u0130plik Overlok Aya\u011f\u0131"},"content":{"rendered":"<div class=\"wpb-content-wrapper\"><p>[vc_row][vc_column][vc_column_text]Brother 146884-001 (500 Serisi) 3 \u0130plik Overlok Aya\u011f\u0131 (Yan Sanayi)<\/p>\n<p>Brother 500 Serisi 3 \u0130plik Overlok Makinelerine Uyumludur.[\/vc_column_text][\/vc_column][\/vc_row]<\/p>\n<\/div>","protected":false},"excerpt":{"rendered":"<p>Brother 146884-001 (500 Serisi) 3 \u0130plik Overlok Aya\u011f\u0131 (Yan Sanayi), Brother 500 Serisi 3 \u0130plik Overlok Makinelerine Uyumludur.<\/p>\n","protected":false},"featured_media":5311,"comment_status":"closed","ping_status":"closed","template":"","meta":{"_joinchat":[]},"product_brand":[],"product_cat":[1632,1628,29],"product_tag":[],"class_list":{"0":"post-5302","1":"product","2":"type-product","3":"status-publish","4":"has-post-thumbnail","6":"product_cat-cesitli-parcalar","7":"product_cat-makine-parcalari","8":"product_cat-yedek-parca","11":"instock","12":"taxable","13":"shipping-taxable","14":"purchasable","15":"product-type-simple"},"_links":{"self":[{"href":"https:\/\/www.santeksmakine.com\/ar\/wp-json\/wp\/v2\/product\/5302","targetHints":{"allow":["GET"]}}],"collection":[{"href":"https:\/\/www.santeksmakine.com\/ar\/wp-json\/wp\/v2\/product"}],"about":[{"href":"https:\/\/www.santeksmakine.com\/ar\/wp-json\/wp\/v2\/types\/product"}],"replies":[{"embeddable":true,"href":"https:\/\/www.santeksmakine.com\/ar\/wp-json\/wp\/v2\/comments?post=5302"}],"wp:featuredmedia":[{"embeddable":true,"href":"https:\/\/www.santeksmakine.com\/ar\/wp-json\/wp\/v2\/media\/5311"}],"wp:attachment":[{"href":"https:\/\/www.santeksmakine.com\/ar\/wp-json\/wp\/v2\/media?parent=5302"}],"wp:term":[{"taxonomy":"product_brand","embeddable":true,"href":"https:\/\/www.santeksmakine.com\/ar\/wp-json\/wp\/v2\/product_brand?post=5302"},{"taxonomy":"product_cat","embeddable":true,"href":"https:\/\/www.santeksmakine.com\/ar\/wp-json\/wp\/v2\/product_cat?post=5302"},{"taxonomy":"product_tag","embeddable":true,"href":"https:\/\/www.santeksmakine.com\/ar\/wp-json\/wp\/v2\/product_tag?post=5302"}],"curies":[{"name":"wp","href":"https:\/\/api.w.org\/{rel}","templated":true}]}}