{"id":5343,"date":"2020-05-14T12:25:07","date_gmt":"2020-05-14T09:25:07","guid":{"rendered":"https:\/\/www.santeksmakine.com\/?post_type=product&#038;p=5343"},"modified":"2024-09-30T10:37:35","modified_gmt":"2024-09-30T07:37:35","slug":"brother-s19271-001-n-serisi-3-iplik-esarp-overlok-ayagi","status":"publish","type":"product","link":"https:\/\/www.santeksmakine.com\/ar\/product\/brother-s19271-001-n-serisi-3-iplik-esarp-overlok-ayagi\/","title":{"rendered":"Brother S19271-001 (N Serisi) 3 \u0130plik E\u015farp Overlok Aya\u011f\u0131"},"content":{"rendered":"<div class=\"wpb-content-wrapper\"><p>[vc_row][vc_column][vc_column_text]Brother S19271-001 (N Serisi) 3 \u0130plik E\u015farp Overlok Aya\u011f\u0131 (Yan Sanayi)<\/p>\n<p>Brother N Serisi 3 \u0130plik E\u015farp Overlok Makinelerine Uyumludur.[\/vc_column_text][\/vc_column][\/vc_row]<\/p>\n<\/div>","protected":false},"excerpt":{"rendered":"<p>Brother S19271-001 (N Serisi) 3 \u0130plik E\u015farp Overlok Aya\u011f\u0131 (Yan Sanayi), Brother N Serisi 3 \u0130plik E\u015farp Overlok Makinelerine Uyumludur.<\/p>\n","protected":false},"featured_media":5344,"comment_status":"closed","ping_status":"closed","template":"","meta":{"_joinchat":[]},"product_brand":[],"product_cat":[1632,1628,29],"product_tag":[3899,3900,3898,3901],"class_list":{"0":"post-5343","1":"product","2":"type-product","3":"status-publish","4":"has-post-thumbnail","6":"product_cat-cesitli-parcalar","7":"product_cat-makine-parcalari","8":"product_cat-yedek-parca","9":"product_tag-3-iplik-esarp","10":"product_tag-brother","11":"product_tag-overlok-ayagi","12":"product_tag-s19271","13":"yith_product_brand-brother","16":"instock","17":"taxable","18":"shipping-taxable","19":"purchasable","20":"product-type-simple"},"_links":{"self":[{"href":"https:\/\/www.santeksmakine.com\/ar\/wp-json\/wp\/v2\/product\/5343","targetHints":{"allow":["GET"]}}],"collection":[{"href":"https:\/\/www.santeksmakine.com\/ar\/wp-json\/wp\/v2\/product"}],"about":[{"href":"https:\/\/www.santeksmakine.com\/ar\/wp-json\/wp\/v2\/types\/product"}],"replies":[{"embeddable":true,"href":"https:\/\/www.santeksmakine.com\/ar\/wp-json\/wp\/v2\/comments?post=5343"}],"wp:featuredmedia":[{"embeddable":true,"href":"https:\/\/www.santeksmakine.com\/ar\/wp-json\/wp\/v2\/media\/5344"}],"wp:attachment":[{"href":"https:\/\/www.santeksmakine.com\/ar\/wp-json\/wp\/v2\/media?parent=5343"}],"wp:term":[{"taxonomy":"product_brand","embeddable":true,"href":"https:\/\/www.santeksmakine.com\/ar\/wp-json\/wp\/v2\/product_brand?post=5343"},{"taxonomy":"product_cat","embeddable":true,"href":"https:\/\/www.santeksmakine.com\/ar\/wp-json\/wp\/v2\/product_cat?post=5343"},{"taxonomy":"product_tag","embeddable":true,"href":"https:\/\/www.santeksmakine.com\/ar\/wp-json\/wp\/v2\/product_tag?post=5343"}],"curies":[{"name":"wp","href":"https:\/\/api.w.org\/{rel}","templated":true}]}}