{"id":8811,"date":"2020-05-11T11:51:24","date_gmt":"2020-05-11T08:51:24","guid":{"rendered":"https:\/\/www.santeksmakine.com\/urun\/8811\/"},"modified":"2021-09-07T12:28:43","modified_gmt":"2021-09-07T09:28:43","slug":"ffp2-n95-mask-production-machine-istanbul","status":"publish","type":"product","link":"https:\/\/www.santeksmakine.com\/ar\/product\/ffp2-n95-mask-production-machine-istanbul\/","title":{"rendered":"\u0622\u0644\u0629 \u062a\u0635\u0646\u064a\u0639 \u0627\u0644\u0642\u0646\u0627\u0639 FFP2 N95"},"content":{"rendered":"<div class=\"wpb-content-wrapper\"><p>[vc_row][vc_column width=&#8221;2\/3&#8243;][vc_column_text]\u0645\u0639\u0644\u0645\u0627\u062a \u062c\u0647\u0627\u0632 \u0627\u0644\u062a\u0646\u0641\u0633 \u0627\u0644\u0635\u0646\u0627\u0639\u064a N95 (\u0628\u0645\u0627 \u0641\u064a \u0630\u0644\u0643 \u062c\u0633\u0631 \u0627\u0644\u0623\u0646\u0641)<\/p>\n<p>N95 \u0622\u0644\u0629 \u0635\u0646\u0639 \u0627\u0644\u0642\u0646\u0627\u0639 \u0627\u0644\u0641\u0627\u0631\u063a \u0628\u0645\u0627 \u0641\u064a \u0630\u0644\u0643 \u0627\u0644\u062c\u0633\u0631[\/vc_column_text][vc_column_text]<\/p>\n<table>\n<tbody>\n<tr>\n<td colspan=\"2\">\u062c\u062f\u0648\u0644 \u0645\u0639\u0644\u0645\u0627\u062a \u0627\u0644\u0645\u0639\u062f\u0627\u062a<\/td>\n<\/tr>\n<tr>\n<td>\u0627\u0633\u0645 \u0627\u0644\u062c\u0647\u0627\u0632<\/td>\n<td>KN95 \u0622\u0644\u0629 \u0635\u0646\u0639 \u0627\u0644\u0642\u0646\u0627\u0639 \u0627\u0644\u0641\u0627\u0631\u063a \u0628\u0645\u0627 \u0641\u064a \u0630\u0644\u0643 \u0627\u0644\u062c\u0633\u0631<\/td>\n<\/tr>\n<tr>\n<td>\u0623\u0628\u0639\u0627\u062f \u0627\u0644\u062c\u0647\u0627\u0632<\/td>\n<td>4930*700*1700 mm<\/td>\n<\/tr>\n<tr>\n<td>\u0625\u0646\u062a\u0627\u062c\u064a\u0629<\/td>\n<td>80-100 adet\/dk<\/td>\n<\/tr>\n<tr>\n<td>\u062c\u0647\u062f \u0627\u0644\u062a\u0634\u063a\u064a\u0644<\/td>\n<td>220V 50Hz<\/td>\n<\/tr>\n<tr>\n<td>\u0642\u0648\u0629 \u0627\u0644\u0639\u0645\u0644<\/td>\n<td>4Kw<\/td>\n<\/tr>\n<tr>\n<td>\u0636\u063a\u0637 \u0627\u0644\u062a\u0634\u063a\u064a\u0644<\/td>\n<td>0,4 Mpa<\/td>\n<\/tr>\n<tr>\n<td>\u0628\u0627\u0644\u0645\u0648\u062c\u0627\u062a \u0641\u0648\u0642 \u0627\u0644\u0635\u0648\u062a\u064a\u0629<\/td>\n<td>20 KHz (2 adet)<\/td>\n<\/tr>\n<tr>\n<td>\u0648\u0632\u0646 \u0627\u0644\u062c\u0647\u0627\u0632<\/td>\n<td>500 kg<\/td>\n<\/tr>\n<tr>\n<td>\u062a\u0643\u0648\u064a\u0646 \u0627\u0644\u0639\u0645\u0644\u064a\u0629<\/td>\n<td>1 \u0634\u062e\u0635<\/td>\n<\/tr>\n<\/tbody>\n<\/table>\n<p>[\/vc_column_text][\/vc_column][vc_column width=&#8221;1\/3&#8243;][vc_single_image image=&#8221;5661&#8243;][vc_video link=&#8221;https:\/\/youtu.be\/LzhyE84Tuq4&#8243;][\/vc_column][\/vc_row][vc_row][vc_column width=&#8221;1\/2&#8243;][vc_column_text]\u062e\u0637\u0629 \u0639\u0645\u0644 \u0627\u0644\u0645\u0639\u062f\u0627\u062a<\/p>\n<p><img decoding=\"async\" class=\"alignleft size-full wp-image-5665 lazyload\" data-src=\"https:\/\/www.santeksmakine.com\/wp-content\/uploads\/2020\/05\/ekipman-calisma-plani.jpg\" alt=\"santek tekstil makineleri, yuvarlak \u00f6rme makinalar\u0131, jakarl\u0131 dar dokuma makineleri, kapitone makineleri, tres halat makinesi, yaka makineleri, raschel makineler, tektsil makinalar\u0131, sanayi imalat makineleri istanbul \u00f6zbekistan kazakistan rusya\" width=\"1500\" height=\"918\" title=\"santek tekstil makineleri, yuvarlak \u00f6rme makinalar\u0131, jakarl\u0131 dar dokuma makineleri, kapitone makineleri, tres halat makinesi, yaka makineleri, raschel makineler, tektsil makinalar\u0131, sanayi imalat makineleri istanbul \u00f6zbekistan kazakistan rusya\" src=\"data:image\/svg+xml;base64,PHN2ZyB3aWR0aD0iMSIgaGVpZ2h0PSIxIiB4bWxucz0iaHR0cDovL3d3dy53My5vcmcvMjAwMC9zdmciPjwvc3ZnPg==\" style=\"--smush-placeholder-width: 1500px; --smush-placeholder-aspect-ratio: 1500\/918;\">[\/vc_column_text][\/vc_column][vc_column width=&#8221;1\/2&#8243;][vc_column_text]<strong>Ekipman ta\u015f\u0131ma mod\u00fcl\u00fcn\u00fcn par\u00e7alar\u0131n\u0131n boyutlar\u0131<\/strong><\/p>\n<table>\n<tbody>\n<tr>\n<td colspan=\"6\">\u0622\u0644\u0629 \u0627\u0644\u0642\u0646\u0627\u0639 \u0645\u0641\u0643\u0643\u0629 \u0627\u0644\u0623\u0628\u0639\u0627\u062f<\/td>\n<\/tr>\n<tr>\n<td>\u0639\u062f\u062f<\/td>\n<td>\u0627\u0633\u0645 \u0648\u062d\u062f\u0629<\/td>\n<td>\u0639\u062f\u062f \u062c\u0632\u0621 \u0627\u0644\u0648\u062d\u062f\u0629<\/td>\n<td>\u0637\u0648\u0644<\/td>\n<td>\u0639\u0631\u0636<\/td>\n<td>\u0627\u0631\u062a\u0641\u0627\u0639<\/td>\n<\/tr>\n<tr>\n<td>1<\/td>\n<td>\u0648\u062d\u062f\u0629 \u0631\u0641 \u0627\u0644\u062a\u063a\u0630\u064a\u0629<\/td>\n<td>1 \u0639\u062f\u062f<\/td>\n<td>2530 mm<\/td>\n<td>700 mm<\/td>\n<td>1600 mm<\/td>\n<\/tr>\n<tr>\n<td>2<\/td>\n<td>\u0627\u0644\u0648\u062d\u062f\u0629 \u0627\u0644\u0631\u0626\u064a\u0633\u064a\u0629<\/td>\n<td>1 \u0639\u062f\u062f<\/td>\n<td>1200 mm<\/td>\n<td>670 mm<\/td>\n<td>1700 mm<\/td>\n<\/tr>\n<tr>\n<td>3<\/td>\n<td>\u0648\u062d\u062f\u0629 \u062d\u0632\u0627\u0645 \u0631\u0641 \u062c\u0647\u0627\u0632 \u0627\u0644\u0627\u0633\u062a\u0642\u0628\u0627\u0644<\/td>\n<td>1 \u0639\u062f\u062f<\/td>\n<td>1200 mm<\/td>\n<td>430 mm<\/td>\n<td>960 mm<\/td>\n<\/tr>\n<\/tbody>\n<\/table>\n<p>\u0627\u0644\u0648\u0635\u0641: \u0631\u0627\u062c\u0639 \u0627\u0644\u0648\u062d\u062f\u0627\u062a 1 ~ 3 \u0627\u0644\u0645\u0648\u0636\u062d\u0629 \u0641\u064a \u0645\u062e\u0637\u0637 \u0645\u0633\u0627\u062d\u0629 \u0627\u0644\u0623\u0631\u0636\u064a\u0629 \u060c \u0648\u0627\u0644\u062a\u064a \u064a\u0645\u0643\u0646 \u0641\u0635\u0644\u0647\u0627 \u0648\u0646\u0642\u0644\u0647\u0627 \u0648\u0641\u0642\u064b\u0627 \u0644\u0647\u0630\u0647 \u0627\u0644\u0648\u062d\u062f\u0629 \u0623\u062b\u0646\u0627\u0621 \u0627\u0644\u0646\u0642\u0644 \u060c \u0648\u0627\u0631\u062c\u0639 \u0625\u0644\u0649 \u0627\u0644\u062c\u062f\u0648\u0644 \u0623\u0639\u0644\u0627\u0647 \u0644\u0645\u0639\u0631\u0641\u0629 \u0623\u0628\u0639\u0627\u062f \u0627\u0644\u0646\u0642\u0644.<\/p>\n<p>[\/vc_column_text][\/vc_column][\/vc_row][vc_row][vc_column][vc_column_text]\u0645\u0639\u0644\u0645\u0627\u062a \u0627\u0644\u0639\u0644\u0627\u0645\u0629 \u0627\u0644\u062a\u062c\u0627\u0631\u064a\u0629 \u0644\u062a\u0643\u0648\u064a\u0646 \u0627\u0644\u062c\u0647\u0627\u0632<\/p>\n<table>\n<tbody>\n<tr>\n<td>S \u0644\u0627<\/td>\n<td>\u0627\u0644\u0627\u0633\u0645 \u0627\u0644\u0623\u0648\u0644<\/td>\n<td>\u0645\u0627\u0631\u0643\u0629<\/td>\n<\/tr>\n<tr>\n<td>1<\/td>\n<td>PLC<\/td>\n<td>OMRON<\/td>\n<\/tr>\n<tr>\n<td>2<\/td>\n<td>HMI<\/td>\n<td>OMRON<\/td>\n<\/tr>\n<tr>\n<td>3<\/td>\n<td>\u0627\u0644\u0645\u062d\u0631\u0643 \u0627\u0644\u0631\u0626\u064a\u0633\u064a<\/td>\n<td>HAIDE<\/td>\n<\/tr>\n<tr>\n<td>4<\/td>\n<td>\u0633\u0631\u0639\u0629 \u0627\u0644\u0645\u062d\u0631\u0643<\/td>\n<td>JSCC<\/td>\n<\/tr>\n<tr>\n<td>5<\/td>\n<td>\u0627\u0644\u0633\u0631\u064a\u0631<\/td>\n<td>HRB<\/td>\n<\/tr>\n<tr>\n<td>6<\/td>\n<td>Lineer<\/td>\n<td>HIWIN<\/td>\n<\/tr>\n<tr>\n<td>7<\/td>\n<td>\u0646\u0638\u0627\u0645 \u0627\u0644\u0645\u0648\u062c\u0627\u062a \u0641\u0648\u0642 \u0627\u0644\u0635\u0648\u062a\u064a\u0629<\/td>\n<td>\u0635\u064a\u0646\u0649<\/td>\n<\/tr>\n<tr>\n<td>8<\/td>\n<td>\u0645\u062d\u0648\u0644<\/td>\n<td>\u0635\u064a\u0646\u0649<\/td>\n<\/tr>\n<tr>\n<td>9<\/td>\n<td>Optik sensorlar<\/td>\n<td>OMRON<\/td>\n<\/tr>\n<\/tbody>\n<\/table>\n<p>[\/vc_column_text][\/vc_column][\/vc_row][vc_row][vc_column width=&#8221;1\/3&#8243;][vc_single_image image=&#8221;5669&#8243; img_size=&#8221;full&#8221;][\/vc_column][vc_column width=&#8221;2\/3&#8243;][vc_column_text]\u0645\u062a\u0637\u0644\u0628\u0627\u062a \u062d\u062c\u0645 \u0627\u0644\u0639\u0628\u0648\u0629 \u0644\u0645\u0648\u0627\u062f \u062a\u0635\u0646\u064a\u0639 \u0627\u0644\u0645\u0639\u062f\u0627\u062a<\/p>\n<ol>\n<li>\u0645\u062a\u0637\u0644\u0628\u0627\u062a \u0642\u0637\u0631 \u0648\u062d\u062c\u0645 \u0644\u0641\u0627\u062a \u0627\u0644\u0642\u0645\u0627\u0634 \u063a\u064a\u0631 \u0627\u0644\u0645\u0646\u0633\u0648\u062c \u0627\u0644\u0645\u0643\u0648\u0646\u0629 \u0645\u0646 \u0623\u0631\u0628\u0639 \u0637\u0628\u0642\u0627\u062a<\/li>\n<\/ol>\n<p>76 \u0645\u0644\u0645 \u0642\u0637\u0631 \u0644\u0641\u0629 700 \u0645\u0644\u0645<\/p>\n<p>\u0642\u0637\u0631 \u0627\u0644\u0623\u0646\u0628\u0648\u0628 \u0627\u0644\u0623\u0648\u0633\u0637 76 \u0645\u0645<\/p>\n<ol start=\"2\">\n<li>\u0645\u062a\u0637\u0644\u0628\u0627\u062a \u062d\u062c\u0645 \u0645\u0644\u0641 \u0634\u0631\u064a\u0637 \u0627\u0644\u062c\u0633\u0631<\/li>\n<\/ol>\n<p>125 \u0645\u0645 \u060c \u0627\u0644\u0642\u0637\u0631 \u0627\u0644\u062f\u0627\u062e\u0644\u064a \u0644\u0644\u0641\u0629 \u0627\u0644\u0645\u0627\u062f\u0629 \u2264 215 \u0645\u0645<\/p>\n<p>125 \u0645\u0645 \u2264 \u0644\u0641\u0629 \u0645\u0627\u062f\u0629 \u0627\u0644\u0642\u0637\u0631 \u0627\u0644\u062e\u0627\u0631\u062c\u064a \u2264 400 \u0645\u0645<\/p>\n<p>100 \u0645\u0645 \u060c \u0633\u0645\u0643 \u0644\u0641\u0629 \u0627\u0644\u0645\u0648\u0627\u062f \u2264 120 \u0645\u0645<\/p>\n<p>\u0644\u0627 \u062a\u0648\u062c\u062f \u0623\u0633\u0637\u0648\u0627\u0646\u0629 \u0648\u0631\u0642\u064a\u0629 \u0641\u064a \u0627\u0644\u0645\u0646\u062a\u0635\u0641 \u060c \u0644\u0643\u0646 \u064a\u062c\u0628 \u0623\u0644\u0627 \u062a\u0633\u0642\u0637 \u0627\u0644\u0645\u0648\u0627\u062f.[\/vc_column_text][\/vc_column][\/vc_row]<\/p>\n<\/div>","protected":false},"excerpt":{"rendered":"<p>\u0645\u0639 \u0622\u0644\u0629 \u0625\u0646\u062a\u0627\u062c \u0627\u0644\u0623\u0642\u0646\u0639\u0629 \u0627\u0644\u062c\u0631\u0627\u062d\u064a\u0629 n95 \u060c \u0648\u0627\u0644\u062a\u064a \u062a\u0639\u062f \u0645\u0646 \u0631\u0648\u0627\u062f \u0622\u0644\u0627\u062a \u0627\u0644\u0646\u0633\u064a\u062c Santeks \u0648\u062a\u0648\u0641\u0631 \u062f\u0639\u0645\u064b\u0627 \u0641\u0646\u064a\u064b\u0627 \u0639\u0644\u0649 \u0645\u062f\u0627\u0631 \u0627\u0644\u0633\u0627\u0639\u0629 \u0637\u0648\u0627\u0644 \u0623\u064a\u0627\u0645 \u0627\u0644\u0623\u0633\u0628\u0648\u0639 \u060c \u064a\u0645\u0643\u0646\u0643 \u0625\u0646\u062a\u0627\u062c 80 \u0642\u0646\u0627\u0639\u064b\u0627 \u0641\u064a \u0627\u0644\u062f\u0642\u064a\u0642\u0629. \u064a\u0648\u0641\u0631 \u0643\u0644 \u0645\u0627 \u064a\u062a\u0639\u0644\u0642 \u0628\u0627\u0644\u0625\u0646\u062a\u0627\u062c \u0645\u0646 \u0627\u0644\u0623\u0642\u0646\u0639\u0629. \u064a\u0631\u062c\u0649 \u0627\u0644\u0627\u062a\u0635\u0627\u0644 \u0628\u0646\u0627 \u0644\u0644\u062d\u0635\u0648\u0644 \u0639\u0644\u0649 \u0623\u0633\u0639\u0627\u0631 \u0622\u0644\u0629 \u0627\u0644\u0642\u0646\u0627\u0639. \u064a\u0645\u0643\u0646\u0643 \u0627\u0644\u0639\u062b\u0648\u0631 \u0639\u0644\u0649 \u062c\u0645\u064a\u0639 \u0642\u0637\u0639 \u063a\u064a\u0627\u0631 \u0622\u0644\u0629 \u0627\u0644\u0642\u0646\u0627\u0639 \u0641\u064a \u0642\u0633\u0645 \u0642\u0637\u0639 \u0627\u0644\u063a\u064a\u0627\u0631 \u0641\u064a \u0633\u0627\u0646\u062a\u064a\u0643\u0633. \u0628\u0627\u0644\u0625\u0636\u0627\u0641\u0629 \u0625\u0644\u0649 \u0630\u0644\u0643 \u060c \u0645\u0646 \u062e\u0644\u0627\u0644 \u0641\u0631\u064a\u0642 \u0627\u0644\u062f\u0639\u0645 \u0627\u0644\u0641\u0646\u064a \u0627\u0644\u0630\u064a \u064a\u0639\u0645\u0644 \u0639\u0644\u0649 \u0645\u062f\u0627\u0631 \u0627\u0644\u0633\u0627\u0639\u0629 \u0637\u0648\u0627\u0644 \u0623\u064a\u0627\u0645 \u0627\u0644\u0623\u0633\u0628\u0648\u0639 \u060c \u0646\u0648\u0641\u0631 \u0644\u0643 \u0625\u0631\u0636\u0627\u0621 \u0627\u0644\u0639\u0645\u0644\u0627\u0621 \u0628\u0646\u0633\u0628\u0629 100\u066a \u062d\u062a\u0649 \u062a\u062a\u0645\u0643\u0646 \u0645\u0646 \u0645\u0648\u0627\u0635\u0644\u0629 \u0627\u0644\u0625\u0646\u062a\u0627\u062c. \u064a\u0645\u0643\u0646\u0643 \u0627\u0644\u0627\u062a\u0635\u0627\u0644 \u0628\u0646\u0627 \u0644\u0631\u0624\u064a\u0629 \u0623\u062c\u0647\u0632\u062a\u0646\u0627.<\/p>\n","protected":false},"featured_media":5652,"comment_status":"closed","ping_status":"closed","template":"","meta":{"_joinchat":[]},"product_brand":[],"product_cat":[3788,1940],"product_tag":[],"class_list":{"0":"post-8811","1":"product","2":"type-product","3":"status-publish","4":"has-post-thumbnail","6":"product_cat-3788","7":"product_cat-1940","10":"instock","11":"taxable","12":"shipping-taxable","13":"purchasable","14":"product-type-simple"},"_links":{"self":[{"href":"https:\/\/www.santeksmakine.com\/ar\/wp-json\/wp\/v2\/product\/8811","targetHints":{"allow":["GET"]}}],"collection":[{"href":"https:\/\/www.santeksmakine.com\/ar\/wp-json\/wp\/v2\/product"}],"about":[{"href":"https:\/\/www.santeksmakine.com\/ar\/wp-json\/wp\/v2\/types\/product"}],"replies":[{"embeddable":true,"href":"https:\/\/www.santeksmakine.com\/ar\/wp-json\/wp\/v2\/comments?post=8811"}],"wp:featuredmedia":[{"embeddable":true,"href":"https:\/\/www.santeksmakine.com\/ar\/wp-json\/wp\/v2\/media\/5652"}],"wp:attachment":[{"href":"https:\/\/www.santeksmakine.com\/ar\/wp-json\/wp\/v2\/media?parent=8811"}],"wp:term":[{"taxonomy":"product_brand","embeddable":true,"href":"https:\/\/www.santeksmakine.com\/ar\/wp-json\/wp\/v2\/product_brand?post=8811"},{"taxonomy":"product_cat","embeddable":true,"href":"https:\/\/www.santeksmakine.com\/ar\/wp-json\/wp\/v2\/product_cat?post=8811"},{"taxonomy":"product_tag","embeddable":true,"href":"https:\/\/www.santeksmakine.com\/ar\/wp-json\/wp\/v2\/product_tag?post=8811"}],"curies":[{"name":"wp","href":"https:\/\/api.w.org\/{rel}","templated":true}]}}