{"id":1024,"date":"2019-07-24T13:12:33","date_gmt":"2019-07-24T13:12:33","guid":{"rendered":"https:\/\/www.santeksmakine.com\/?post_type=product&#038;p=1024"},"modified":"2024-09-30T10:36:22","modified_gmt":"2024-09-30T07:36:22","slug":"rabbit-hava-ile-ucan-cizgi-tasi","status":"publish","type":"product","link":"https:\/\/www.santeksmakine.com\/en\/product\/rabbit-hava-ile-ucan-cizgi-tasi\/","title":{"rendered":"Rabbit Hava ile U\u00e7an \u00c7izgi Ta\u015f\u0131"},"content":{"rendered":"<p>Rabbit Hava ile U\u00e7an \u00c7izgi Ta\u015f\u0131 (50 Adet) (RABBITCHALK &#8211; TAILOR&#8221;S CHALK)<\/p>\n<p>Ergonomik \u015eekilli U\u00e7an \u00c7izim Ta\u015flar\u0131<br \/>\nRabbit \u00c7izgi Ta\u015f\u0131: Hava \u0130le Kendili\u011finden Kaybolma Etkisi<br \/>\nHer T\u00fcr Kuma\u015fta Kullan\u0131m \u00d6zelli\u011fi<br \/>\nDayan\u0131kl\u0131 Kolay K\u0131r\u0131lmayan \u00d6zel Tasar\u0131m \u00c7izgi Ta\u015f\u0131 Modelleri<br \/>\nErgonomik \u015eekilli K\u00f6\u015feleri Sayesinde Kolay Kullan\u0131ml\u0131, Tekstil Terzi Sabun Ta\u015flar\u0131<\/p>\n","protected":false},"excerpt":{"rendered":"<p>Rabbit Hava ile U\u00e7an \u00c7izgi Ta\u015f\u0131 (50 Adet) (RABBITCHALK &#8211; TAILOR&#8221;S CHALK) Ergonomik \u015eekilli U\u00e7an \u00c7izim Ta\u015flar\u0131 Rabbit \u00c7izgi Ta\u015f\u0131: Hava \u0130le Kendili\u011finden Kaybolma Etkisi Her T\u00fcr Kuma\u015fta Kullan\u0131m \u00d6zelli\u011fi Dayan\u0131kl\u0131 Kolay K\u0131r\u0131lmayan \u00d6zel Tasar\u0131m \u00c7izgi Ta\u015f\u0131 Modelleri Ergonomik \u015eekilli K\u00f6\u015feleri Sayesinde Kolay Kullan\u0131ml\u0131, Tekstil Terzi Sabun Ta\u015flar\u0131<\/p>\n","protected":false},"featured_media":1025,"comment_status":"closed","ping_status":"closed","template":"","meta":{"_joinchat":[]},"product_brand":[],"product_cat":[1675,1673,1672],"product_tag":[1737,1751,1750,1752,1749],"class_list":{"0":"post-1024","1":"product","2":"type-product","3":"status-publish","4":"has-post-thumbnail","6":"product_cat-cizgi-taslari","7":"product_cat-dikis-aksesuarlari","8":"product_cat-dikis-urunleri","9":"product_tag-cizgi-tasi","10":"product_tag-hava-ile-ucan-cizgi-tasi","11":"product_tag-rabbit","12":"product_tag-rabbit-cizgi-tasi","13":"product_tag-rabbit-hava-ile-ucan-cizgi-tasi","16":"instock","17":"taxable","18":"shipping-taxable","19":"purchasable","20":"product-type-simple"},"_links":{"self":[{"href":"https:\/\/www.santeksmakine.com\/en\/wp-json\/wp\/v2\/product\/1024","targetHints":{"allow":["GET"]}}],"collection":[{"href":"https:\/\/www.santeksmakine.com\/en\/wp-json\/wp\/v2\/product"}],"about":[{"href":"https:\/\/www.santeksmakine.com\/en\/wp-json\/wp\/v2\/types\/product"}],"replies":[{"embeddable":true,"href":"https:\/\/www.santeksmakine.com\/en\/wp-json\/wp\/v2\/comments?post=1024"}],"wp:featuredmedia":[{"embeddable":true,"href":"https:\/\/www.santeksmakine.com\/en\/wp-json\/wp\/v2\/media\/1025"}],"wp:attachment":[{"href":"https:\/\/www.santeksmakine.com\/en\/wp-json\/wp\/v2\/media?parent=1024"}],"wp:term":[{"taxonomy":"product_brand","embeddable":true,"href":"https:\/\/www.santeksmakine.com\/en\/wp-json\/wp\/v2\/product_brand?post=1024"},{"taxonomy":"product_cat","embeddable":true,"href":"https:\/\/www.santeksmakine.com\/en\/wp-json\/wp\/v2\/product_cat?post=1024"},{"taxonomy":"product_tag","embeddable":true,"href":"https:\/\/www.santeksmakine.com\/en\/wp-json\/wp\/v2\/product_tag?post=1024"}],"curies":[{"name":"wp","href":"https:\/\/api.w.org\/{rel}","templated":true}]}}