{"id":1051,"date":"2019-07-24T14:13:25","date_gmt":"2019-07-24T14:13:25","guid":{"rendered":"https:\/\/www.santeksmakine.com\/?post_type=product&#038;p=1051"},"modified":"2024-09-30T10:36:23","modified_gmt":"2024-09-30T07:36:23","slug":"fleibig-q1-b-500w-hava-uflemeli-el-kompresoru","status":"publish","type":"product","link":"https:\/\/www.santeksmakine.com\/en\/product\/fleibig-q1-b-500w-hava-uflemeli-el-kompresoru\/","title":{"rendered":"Fleibig Q1-B-500W Hava \u00dcflemeli El Kompres\u00f6r\u00fc"},"content":{"rendered":"<p>Fleibig Q1-B-500W Hava \u00dcflemeli El Kompres\u00f6r\u00fc (Elektrikli Hava K\u00f6r\u00fc\u011f\u00fc)<\/p>\n<p>Bilgisayar\u0131n\u0131z\u0131n kasa i\u00e7ini ya da klavyenizi \u00fcst\u00fcn emi\u015f ve iti\u015f g\u00fcc\u00fc sayesinde t\u00fcm toz ve pisliklerden ar\u0131nd\u0131rabilirsiniz<\/p>\n<p>Masa \u00fczerini, koltuk kanepe hal\u0131 gibi ev e\u015fyalar\u0131n\u0131z\u0131 t\u0131pk\u0131 elektrikli s\u00fcp\u00fcrge gibi temizleyebilir<\/p>\n<p>Bah\u00e7edeki yaprak vs.. pislikleri \u00fcst\u00fcn iti\u015f ve \u00fcfleme g\u00fcc\u00fcyle bir k\u00f6\u015feye biriktirip temizleyebilirsiniz<\/p>\n<p>\u00dcfleme g\u00fcc\u00fc o kadar y\u00fcksek ki 7,8 metre mesafeden plastik bir barda\u011f\u0131 devirebilir<\/p>\n<p>D\u00fc\u015f\u00fcnsenize bu r\u00fczgar g\u00fcc\u00fcyle neler yapabilirsiniz<\/p>\n<p>Elbisenizi bile kurutabilirsiniz acil zamanlarda<\/p>\n<p>K\u00fc\u00e7\u00fck ve hafif oldu\u011fundan kullan\u0131rken yorgunluk yapmaz<\/p>\n<p>G\u00fc\u00e7l\u00fc motoru b\u00fcy\u00fck r\u00fczgar bas\u0131nc\u0131 ve hacmi olu\u015fturarak iki kat daha fazla \u00e7al\u0131\u015fma verimlili\u011fi sa\u011flar<\/p>\n<p>G\u00fcvenlik ve kolayl\u0131k i\u00e7in iki kat izole edilmi\u015ftir<\/p>\n<p>HERKESE EV DE \u0130\u015e YER\u0130NDE HATTA BAH\u00c7E DE LAZIM.<\/p>\n<p>B\u0130LG\u0130SAYARINIZIN KASA \u0130\u00c7\u0130N\u0130, KLAVYEN\u0130Z\u0130 EM\u0130\u015e VE \u0130T\u0130\u015e G\u00dcC\u00dc SAYES\u0130NDE T\u00dcM TOZ VE P\u0130SL\u0130KLER\u0130 YOK EDEB\u0130L\u0130RS\u0130N\u0130Z.<\/p>\n<p>MANGALDASINIZ VE EL\u0130N\u0130ZDE YELPAZE SALLIYORSUNUZ VE YANMIYOR K\u00d6R\u00dcK VASITASIYLA MANGALINIZI YAKAB\u0130L\u0130RS\u0130N\u0130Z.<\/p>\n<p>ELEKT\u0130RKL\u0130 BLOWER KOMPRES\u00d6R Y\u00dcKSEK DERECEDE EM\u0130\u015e VE \u00dcFLEME G\u00dcC\u00dcNE SAH\u0130PT\u0130R<\/p>\n<p>\u00d6ZELL\u0130KLER\u0130;<br \/>\nHAF\u0130F TA\u015eINAB\u0130L\u0130R<br \/>\n1 ADET \u00dcFLEME BORUSU<br \/>\n1 ADET TOZ TORBASI<\/p>\n<p>500 WATT<br \/>\n220-240 VOLT<br \/>\n50\/60 HZ<br \/>\n1300 DEV\u0130R<br \/>\n2,8 M3 M\u0130N<\/p>\n","protected":false},"excerpt":{"rendered":"<p>Fleibig Q1-B-500W Hava \u00dcflemeli El Kompres\u00f6r\u00fc (Elektrikli Hava K\u00f6r\u00fc\u011f\u00fc) Bilgisayar\u0131n\u0131z\u0131n kasa i\u00e7ini ya da klavyenizi \u00fcst\u00fcn emi\u015f ve iti\u015f g\u00fcc\u00fc sayesinde t\u00fcm toz ve pisliklerden ar\u0131nd\u0131rabilirsiniz Masa \u00fczerini, koltuk kanepe hal\u0131 gibi ev e\u015fyalar\u0131n\u0131z\u0131 t\u0131pk\u0131 elektrikli s\u00fcp\u00fcrge gibi temizleyebilir Bah\u00e7edeki yaprak vs.. pislikleri \u00fcst\u00fcn iti\u015f ve \u00fcfleme g\u00fcc\u00fcyle bir k\u00f6\u015feye biriktirip temizleyebilirsiniz \u00dcfleme g\u00fcc\u00fc o &hellip; <a href=\"https:\/\/www.santeksmakine.com\/en\/product\/fleibig-q1-b-500w-hava-uflemeli-el-kompresoru\/\" class=\"more-link\">Continue reading <span class=\"screen-reader-text\">Fleibig Q1-B-500W Hava \u00dcflemeli El Kompres\u00f6r\u00fc<\/span><\/a><\/p>\n","protected":false},"featured_media":1052,"comment_status":"closed","ping_status":"closed","template":"","meta":{"_joinchat":[]},"product_brand":[],"product_cat":[1673,1672,1676],"product_tag":[1769,1775,1773,1776,1770],"class_list":{"0":"post-1051","1":"product","2":"type-product","3":"status-publish","4":"has-post-thumbnail","6":"product_cat-dikis-aksesuarlari","7":"product_cat-dikis-urunleri","8":"product_cat-hava-tabancalari","9":"product_tag-el-kompresoru","10":"product_tag-fleibig","11":"product_tag-hava-kompresoru","12":"product_tag-hava-uflemeli-el-kompresoru","13":"product_tag-kompresor","16":"instock","17":"taxable","18":"shipping-taxable","19":"purchasable","20":"product-type-simple"},"_links":{"self":[{"href":"https:\/\/www.santeksmakine.com\/en\/wp-json\/wp\/v2\/product\/1051","targetHints":{"allow":["GET"]}}],"collection":[{"href":"https:\/\/www.santeksmakine.com\/en\/wp-json\/wp\/v2\/product"}],"about":[{"href":"https:\/\/www.santeksmakine.com\/en\/wp-json\/wp\/v2\/types\/product"}],"replies":[{"embeddable":true,"href":"https:\/\/www.santeksmakine.com\/en\/wp-json\/wp\/v2\/comments?post=1051"}],"wp:featuredmedia":[{"embeddable":true,"href":"https:\/\/www.santeksmakine.com\/en\/wp-json\/wp\/v2\/media\/1052"}],"wp:attachment":[{"href":"https:\/\/www.santeksmakine.com\/en\/wp-json\/wp\/v2\/media?parent=1051"}],"wp:term":[{"taxonomy":"product_brand","embeddable":true,"href":"https:\/\/www.santeksmakine.com\/en\/wp-json\/wp\/v2\/product_brand?post=1051"},{"taxonomy":"product_cat","embeddable":true,"href":"https:\/\/www.santeksmakine.com\/en\/wp-json\/wp\/v2\/product_cat?post=1051"},{"taxonomy":"product_tag","embeddable":true,"href":"https:\/\/www.santeksmakine.com\/en\/wp-json\/wp\/v2\/product_tag?post=1051"}],"curies":[{"name":"wp","href":"https:\/\/api.w.org\/{rel}","templated":true}]}}