{"id":2232,"date":"2019-08-21T12:17:42","date_gmt":"2019-08-21T12:17:42","guid":{"rendered":"https:\/\/www.santeksmakine.com\/?post_type=product&#038;p=2232"},"modified":"2024-09-30T10:36:34","modified_gmt":"2024-09-30T07:36:34","slug":"groz-beckert-db-x-1-duz-makine-ignesi-gebedur-sari-uc-ince-dip","status":"publish","type":"product","link":"https:\/\/www.santeksmakine.com\/en\/product\/groz-beckert-db-x-1-duz-makine-ignesi-gebedur-sari-uc-ince-dip\/","title":{"rendered":"Groz Beckert DB X 1 D\u00fcz Makine \u0130\u011fnesi (Gebedur &#8211; Sar\u0131 U\u00e7 &#8211; \u0130nce Dip)"},"content":{"rendered":"<h1>Groz Beckert DB X 1 D\u00fcz Makine \u0130\u011fnesi\u00a0 (Gebedur &#8211; Sar\u0131 U\u00e7lu \u0130\u011fne) (\u0130nce Dip) (10 Adet)<\/h1>\n<p>Groz Beckert Gebedur Sistem No: (DB x 1) (1738) (71 x 1) (16 x 231) ( 287 WH) (DB x 257)<\/p>\n<p>Kal\u0131nl\u0131k No: (8\/60) (9\/65) (10\/70) (11\/75) (12\/80) (14\/90) (16\/100) (18\/110) (19\/120) (21\/130) (22\/140)<\/p>\n<p>Groz Beckert Gebedur DBx1 1738 71&#215;1 16&#215;231 287 WH DBx257<\/p>\n<p>Groz Beckert Gebedur 81X1 \/ DCX1 \/ GEBEDUR \/ DCX27 \/ B27 \/ GEBEDUR \/ DCX1 \/ 81X1 \/ GEBEDUR<\/p>\n<p>Groz Beckert Gebedur 1738 \/ DBX1 \/ GEBEDUR \/ DBX1 PD<\/p>\n<p>1 Kutu \u0130\u00e7erisinde 10 Adet \u0130\u011fne Mevcuttur.<\/p>\n","protected":false},"excerpt":{"rendered":"<p>Groz Beckert DB X 1 D\u00fcz Makine \u0130\u011fnesi\u00a0 (Gebedur &#8211; Sar\u0131 U\u00e7lu \u0130\u011fne) (\u0130nce Dip) (10 Adet) Groz Beckert Gebedur Sistem No: (DB x 1) (1738) (71 x 1) (16 x 231) ( 287 WH) (DB x 257) Kal\u0131nl\u0131k No: (8\/60) (9\/65) (10\/70) (11\/75) (12\/80) (14\/90) (16\/100) (18\/110) (19\/120) (21\/130) (22\/140) Groz Beckert Gebedur DBx1 &hellip; <a href=\"https:\/\/www.santeksmakine.com\/en\/product\/groz-beckert-db-x-1-duz-makine-ignesi-gebedur-sari-uc-ince-dip\/\" class=\"more-link\">Continue reading <span class=\"screen-reader-text\">Groz Beckert DB X 1 D\u00fcz Makine \u0130\u011fnesi (Gebedur &#8211; Sar\u0131 U\u00e7 &#8211; \u0130nce Dip)<\/span><\/a><\/p>\n","protected":false},"featured_media":2233,"comment_status":"closed","ping_status":"closed","template":"","meta":{"_joinchat":[]},"product_brand":[],"product_cat":[1682,1685,1672],"product_tag":[1402,2379,2604,2377,2381,2399,2606,2605],"class_list":{"0":"post-2232","1":"product","2":"type-product","3":"status-publish","4":"has-post-thumbnail","6":"product_cat-dikis-ekipmanlari","7":"product_cat-dikis-igneleri","8":"product_cat-dikis-urunleri","9":"product_tag-dikis-makinesi","10":"product_tag-dikis-makinesi-ignesi","11":"product_tag-gebedur","12":"product_tag-groz-beckert","13":"product_tag-igne","14":"product_tag-makine-ignesi","15":"product_tag-sari-uclu","16":"product_tag-sari-uclu-igne","19":"instock","20":"taxable","21":"shipping-taxable","22":"purchasable","23":"product-type-simple"},"_links":{"self":[{"href":"https:\/\/www.santeksmakine.com\/en\/wp-json\/wp\/v2\/product\/2232","targetHints":{"allow":["GET"]}}],"collection":[{"href":"https:\/\/www.santeksmakine.com\/en\/wp-json\/wp\/v2\/product"}],"about":[{"href":"https:\/\/www.santeksmakine.com\/en\/wp-json\/wp\/v2\/types\/product"}],"replies":[{"embeddable":true,"href":"https:\/\/www.santeksmakine.com\/en\/wp-json\/wp\/v2\/comments?post=2232"}],"wp:featuredmedia":[{"embeddable":true,"href":"https:\/\/www.santeksmakine.com\/en\/wp-json\/wp\/v2\/media\/2233"}],"wp:attachment":[{"href":"https:\/\/www.santeksmakine.com\/en\/wp-json\/wp\/v2\/media?parent=2232"}],"wp:term":[{"taxonomy":"product_brand","embeddable":true,"href":"https:\/\/www.santeksmakine.com\/en\/wp-json\/wp\/v2\/product_brand?post=2232"},{"taxonomy":"product_cat","embeddable":true,"href":"https:\/\/www.santeksmakine.com\/en\/wp-json\/wp\/v2\/product_cat?post=2232"},{"taxonomy":"product_tag","embeddable":true,"href":"https:\/\/www.santeksmakine.com\/en\/wp-json\/wp\/v2\/product_tag?post=2232"}],"curies":[{"name":"wp","href":"https:\/\/api.w.org\/{rel}","templated":true}]}}