{"id":2326,"date":"2019-08-22T10:11:07","date_gmt":"2019-08-22T10:11:07","guid":{"rendered":"https:\/\/www.santeksmakine.com\/?post_type=product&#038;p=2326"},"modified":"2024-09-30T10:36:39","modified_gmt":"2024-09-30T07:36:39","slug":"groz-beckert-db-x-1-duz-makine-ignesi-san-kesik-uclu-ince-dip","status":"publish","type":"product","link":"https:\/\/www.santeksmakine.com\/en\/product\/groz-beckert-db-x-1-duz-makine-ignesi-san-kesik-uclu-ince-dip\/","title":{"rendered":"Groz Beckert DB X 1 D\u00fcz Makine \u0130\u011fnesi (San &#8211; Kesik U\u00e7lu) (\u0130nce Dip)"},"content":{"rendered":"<h1>Groz Beckert DB X 1 D\u00fcz Makine \u0130\u011fnesi (San &#8211; Kesik U\u00e7lu) (\u0130nce Dip) (10 Adet)<\/h1>\n<p>Groz Beckert San Sistem No: (DB x 1) (1738) (16 x 257)<\/p>\n<p>Kal\u0131nl\u0131k No: (8\/60) (9\/65) (10\/70) (11\/75) (12\/80) (14\/90) (16\/100) (18\/110) (19\/120) (21\/130) (22\/140)<\/p>\n<p>Groz Beckert San DBx1 1738 16&#215;257<\/p>\n<p>Groz Beckert San DBX1 KN \/ DBX1 SAN10 \/ DBX1 SAN10 \/ DBX1 KN\/ 16X231 \/ DBX1 KN<\/p>\n<p>Groz Beckert San DBX1 SAN11 \/ 1738A \/ 287WH \/ 71X1 \/ 1738A \/ DLX95 \/ 71X1 \/1738 SAN10<\/p>\n<p>1 Kutu \u0130\u00e7erisinde 10 Adet \u0130\u011fne Mevcuttur.<\/p>\n","protected":false},"excerpt":{"rendered":"<p>Groz Beckert DB X 1 D\u00fcz Makine \u0130\u011fnesi (San &#8211; Kesik U\u00e7lu) (\u0130nce Dip) (10 Adet) Groz Beckert San Sistem No: (DB x 1) (1738) (16 x 257) Kal\u0131nl\u0131k No: (8\/60) (9\/65) (10\/70) (11\/75) (12\/80) (14\/90) (16\/100) (18\/110) (19\/120) (21\/130) (22\/140) Groz Beckert San DBx1 1738 16&#215;257 Groz Beckert San DBX1 KN \/ DBX1 SAN10 &hellip; <a href=\"https:\/\/www.santeksmakine.com\/en\/product\/groz-beckert-db-x-1-duz-makine-ignesi-san-kesik-uclu-ince-dip\/\" class=\"more-link\">Continue reading <span class=\"screen-reader-text\">Groz Beckert DB X 1 D\u00fcz Makine \u0130\u011fnesi (San &#8211; Kesik U\u00e7lu) (\u0130nce Dip)<\/span><\/a><\/p>\n","protected":false},"featured_media":2327,"comment_status":"closed","ping_status":"closed","template":"","meta":{"_joinchat":[]},"product_brand":[],"product_cat":[1682,1685,1672],"product_tag":[2616,2400,2377,2381,2602,2603,2615,2585],"class_list":{"0":"post-2326","1":"product","2":"type-product","3":"status-publish","4":"has-post-thumbnail","6":"product_cat-dikis-ekipmanlari","7":"product_cat-dikis-igneleri","8":"product_cat-dikis-urunleri","9":"product_tag-dikis","10":"product_tag-dikis-ignesi","11":"product_tag-groz-beckert","12":"product_tag-igne","13":"product_tag-kemer-makinesi","14":"product_tag-kemer-makinesi-ignesi","15":"product_tag-nakis","16":"product_tag-nakis-ignesi","19":"instock","20":"taxable","21":"shipping-taxable","22":"purchasable","23":"product-type-simple"},"_links":{"self":[{"href":"https:\/\/www.santeksmakine.com\/en\/wp-json\/wp\/v2\/product\/2326","targetHints":{"allow":["GET"]}}],"collection":[{"href":"https:\/\/www.santeksmakine.com\/en\/wp-json\/wp\/v2\/product"}],"about":[{"href":"https:\/\/www.santeksmakine.com\/en\/wp-json\/wp\/v2\/types\/product"}],"replies":[{"embeddable":true,"href":"https:\/\/www.santeksmakine.com\/en\/wp-json\/wp\/v2\/comments?post=2326"}],"wp:featuredmedia":[{"embeddable":true,"href":"https:\/\/www.santeksmakine.com\/en\/wp-json\/wp\/v2\/media\/2327"}],"wp:attachment":[{"href":"https:\/\/www.santeksmakine.com\/en\/wp-json\/wp\/v2\/media?parent=2326"}],"wp:term":[{"taxonomy":"product_brand","embeddable":true,"href":"https:\/\/www.santeksmakine.com\/en\/wp-json\/wp\/v2\/product_brand?post=2326"},{"taxonomy":"product_cat","embeddable":true,"href":"https:\/\/www.santeksmakine.com\/en\/wp-json\/wp\/v2\/product_cat?post=2326"},{"taxonomy":"product_tag","embeddable":true,"href":"https:\/\/www.santeksmakine.com\/en\/wp-json\/wp\/v2\/product_tag?post=2326"}],"curies":[{"name":"wp","href":"https:\/\/api.w.org\/{rel}","templated":true}]}}