{"id":2341,"date":"2019-08-22T10:22:46","date_gmt":"2019-08-22T10:22:46","guid":{"rendered":"https:\/\/www.santeksmakine.com\/?post_type=product&#038;p=2341"},"modified":"2024-09-30T10:36:39","modified_gmt":"2024-09-30T07:36:39","slug":"orange-lw-x-3t-etek-baski-makinesi-ignesi","status":"publish","type":"product","link":"https:\/\/www.santeksmakine.com\/en\/product\/orange-lw-x-3t-etek-baski-makinesi-ignesi\/","title":{"rendered":"Orange LW X 3T Etek Bask\u0131 Makinesi \u0130\u011fnesi"},"content":{"rendered":"<h1>Orange LW X 3T Etek Bask\u0131 Makinesi \u0130\u011fnesi<\/h1>\n<p>Orange \u0130\u011fne | Orange LW x 3T Etek Bask\u0131 Makinas\u0131 \u0130\u011fnesi | Diki\u015f \u0130\u011fneleri<\/p>\n<p>Diki\u015f \u0130\u011fnesi: Orange LWX3T Etek Bask\u0131 Makinas\u0131 \u0130\u011fnesi, Sistem Numaras\u0131: LW x 3T<\/p>\n<p>Kategori: Diki\u015f Makinas\u0131 \u0130\u011fneleri, Konfeksiyon Tekstil \u0130\u011fneleri<\/p>\n","protected":false},"excerpt":{"rendered":"<p>Orange LW X 3T Etek Bask\u0131 Makinesi \u0130\u011fnesi Orange \u0130\u011fne | Orange LW x 3T Etek Bask\u0131 Makinas\u0131 \u0130\u011fnesi | Diki\u015f \u0130\u011fneleri Diki\u015f \u0130\u011fnesi: Orange LWX3T Etek Bask\u0131 Makinas\u0131 \u0130\u011fnesi, Sistem Numaras\u0131: LW x 3T Kategori: Diki\u015f Makinas\u0131 \u0130\u011fneleri, Konfeksiyon Tekstil \u0130\u011fneleri<\/p>\n","protected":false},"featured_media":2342,"comment_status":"closed","ping_status":"closed","template":"","meta":{"_joinchat":[]},"product_brand":[],"product_cat":[1682,1685,1672],"product_tag":[2616,2400,2619,2582,2381,2615,2585],"class_list":{"0":"post-2341","1":"product","2":"type-product","3":"status-publish","4":"has-post-thumbnail","6":"product_cat-dikis-ekipmanlari","7":"product_cat-dikis-igneleri","8":"product_cat-dikis-urunleri","9":"product_tag-dikis","10":"product_tag-dikis-ignesi","11":"product_tag-etek-baski-makinesi","12":"product_tag-etek-baski-makinesi-ignesi","13":"product_tag-igne","14":"product_tag-nakis","15":"product_tag-nakis-ignesi","18":"instock","19":"taxable","20":"shipping-taxable","21":"purchasable","22":"product-type-simple"},"_links":{"self":[{"href":"https:\/\/www.santeksmakine.com\/en\/wp-json\/wp\/v2\/product\/2341","targetHints":{"allow":["GET"]}}],"collection":[{"href":"https:\/\/www.santeksmakine.com\/en\/wp-json\/wp\/v2\/product"}],"about":[{"href":"https:\/\/www.santeksmakine.com\/en\/wp-json\/wp\/v2\/types\/product"}],"replies":[{"embeddable":true,"href":"https:\/\/www.santeksmakine.com\/en\/wp-json\/wp\/v2\/comments?post=2341"}],"wp:featuredmedia":[{"embeddable":true,"href":"https:\/\/www.santeksmakine.com\/en\/wp-json\/wp\/v2\/media\/2342"}],"wp:attachment":[{"href":"https:\/\/www.santeksmakine.com\/en\/wp-json\/wp\/v2\/media?parent=2341"}],"wp:term":[{"taxonomy":"product_brand","embeddable":true,"href":"https:\/\/www.santeksmakine.com\/en\/wp-json\/wp\/v2\/product_brand?post=2341"},{"taxonomy":"product_cat","embeddable":true,"href":"https:\/\/www.santeksmakine.com\/en\/wp-json\/wp\/v2\/product_cat?post=2341"},{"taxonomy":"product_tag","embeddable":true,"href":"https:\/\/www.santeksmakine.com\/en\/wp-json\/wp\/v2\/product_tag?post=2341"}],"curies":[{"name":"wp","href":"https:\/\/api.w.org\/{rel}","templated":true}]}}