{"id":2415,"date":"2019-08-26T14:26:25","date_gmt":"2019-08-26T14:26:25","guid":{"rendered":"https:\/\/www.santeksmakine.com\/?post_type=product&#038;p=2415"},"modified":"2024-09-30T10:36:43","modified_gmt":"2024-09-30T07:36:43","slug":"groz-beckert-db-x-k5-nakis-ignesi-10-adet","status":"publish","type":"product","link":"https:\/\/www.santeksmakine.com\/en\/product\/groz-beckert-db-x-k5-nakis-ignesi-10-adet\/","title":{"rendered":"Groz Beckert DB X K5 Nak\u0131\u015f \u0130\u011fnesi (10 Adet)"},"content":{"rendered":"<h1>Groz Beckert DB X K5 Nak\u0131\u015f \u0130\u011fnesi (10 Adet)<\/h1>\n<p>Groz Beckert Sistem No: ( DBxK5 )<\/p>\n<p>Kal\u0131nl\u0131k No: (8\/60) (9\/65) (10\/70) (11\/75) (12\/80) (14\/90) (16\/100) (18\/110) (19\/120) (21\/130) (22\/140)<\/p>\n<p>Groz Beckert DBxK5<\/p>\n<p>Groz Beckert DBX1 \/ DBXF2 \/ 1738 LR \/ DBXK5 \/ DBXK5 KK<\/p>\n<p>1 Kutu \u0130\u00e7erisinde 10 Adet \u0130\u011fne Mevcuttur.<\/p>\n","protected":false},"excerpt":{"rendered":"<p>Groz Beckert DB X K5 Nak\u0131\u015f \u0130\u011fnesi (10 Adet) Groz Beckert Sistem No: ( DBxK5 ) Kal\u0131nl\u0131k No: (8\/60) (9\/65) (10\/70) (11\/75) (12\/80) (14\/90) (16\/100) (18\/110) (19\/120) (21\/130) (22\/140) Groz Beckert DBxK5 Groz Beckert DBX1 \/ DBXF2 \/ 1738 LR \/ DBXK5 \/ DBXK5 KK 1 Kutu \u0130\u00e7erisinde 10 Adet \u0130\u011fne Mevcuttur.<\/p>\n","protected":false},"featured_media":2416,"comment_status":"closed","ping_status":"closed","template":"","meta":{"_joinchat":[]},"product_brand":[],"product_cat":[1682,1685,1672],"product_tag":[2616,2400,2377,2381,2615,2585],"class_list":{"0":"post-2415","1":"product","2":"type-product","3":"status-publish","4":"has-post-thumbnail","6":"product_cat-dikis-ekipmanlari","7":"product_cat-dikis-igneleri","8":"product_cat-dikis-urunleri","9":"product_tag-dikis","10":"product_tag-dikis-ignesi","11":"product_tag-groz-beckert","12":"product_tag-igne","13":"product_tag-nakis","14":"product_tag-nakis-ignesi","17":"instock","18":"taxable","19":"shipping-taxable","20":"purchasable","21":"product-type-simple"},"_links":{"self":[{"href":"https:\/\/www.santeksmakine.com\/en\/wp-json\/wp\/v2\/product\/2415","targetHints":{"allow":["GET"]}}],"collection":[{"href":"https:\/\/www.santeksmakine.com\/en\/wp-json\/wp\/v2\/product"}],"about":[{"href":"https:\/\/www.santeksmakine.com\/en\/wp-json\/wp\/v2\/types\/product"}],"replies":[{"embeddable":true,"href":"https:\/\/www.santeksmakine.com\/en\/wp-json\/wp\/v2\/comments?post=2415"}],"wp:featuredmedia":[{"embeddable":true,"href":"https:\/\/www.santeksmakine.com\/en\/wp-json\/wp\/v2\/media\/2416"}],"wp:attachment":[{"href":"https:\/\/www.santeksmakine.com\/en\/wp-json\/wp\/v2\/media?parent=2415"}],"wp:term":[{"taxonomy":"product_brand","embeddable":true,"href":"https:\/\/www.santeksmakine.com\/en\/wp-json\/wp\/v2\/product_brand?post=2415"},{"taxonomy":"product_cat","embeddable":true,"href":"https:\/\/www.santeksmakine.com\/en\/wp-json\/wp\/v2\/product_cat?post=2415"},{"taxonomy":"product_tag","embeddable":true,"href":"https:\/\/www.santeksmakine.com\/en\/wp-json\/wp\/v2\/product_tag?post=2415"}],"curies":[{"name":"wp","href":"https:\/\/api.w.org\/{rel}","templated":true}]}}