{"id":2833,"date":"2019-09-02T12:52:06","date_gmt":"2019-09-02T12:52:06","guid":{"rendered":"https:\/\/www.santeksmakine.com\/?post_type=product&#038;p=2833"},"modified":"2024-09-30T10:36:56","modified_gmt":"2024-09-30T07:36:56","slug":"merze-plastik-sapli-terzi-makasi-25cm-merze-m8250","status":"publish","type":"product","link":"https:\/\/www.santeksmakine.com\/en\/product\/merze-plastik-sapli-terzi-makasi-25cm-merze-m8250\/","title":{"rendered":"Merze Plastik Sapl\u0131 Terzi Makas\u0131 (25cm) Merze M8250"},"content":{"rendered":"<h1>Merze Plastik Sapl\u0131 Terzi Makas\u0131 (25cm) Merze M8250 -T\u00fcrk Mal\u0131<\/h1>\n<p>&nbsp;<\/p>\n","protected":false},"excerpt":{"rendered":"<p>Merze Plastik Sapl\u0131 Terzi Makas\u0131 (25cm) Merze M8250 -T\u00fcrk Mal\u0131 &nbsp;<\/p>\n","protected":false},"featured_media":2834,"comment_status":"closed","ping_status":"closed","template":"","meta":{"_joinchat":[]},"product_brand":[],"product_cat":[1682,1672,1689],"product_tag":[2690,2666,2642,2692,2693,2681,2691,2689,2644],"class_list":{"0":"post-2833","1":"product","2":"type-product","3":"status-publish","4":"has-post-thumbnail","6":"product_cat-dikis-ekipmanlari","7":"product_cat-dikis-urunleri","8":"product_cat-makaslar","9":"product_tag-celik-makas","10":"product_tag-kumas-makasi","11":"product_tag-makas","12":"product_tag-merze","13":"product_tag-merze-makas","14":"product_tag-nakis-makasi","15":"product_tag-plastik-sapli-terzi-makasi","16":"product_tag-siyah-sapli-celik-makas","17":"product_tag-terzi-makasi","20":"instock","21":"taxable","22":"shipping-taxable","23":"purchasable","24":"product-type-simple"},"_links":{"self":[{"href":"https:\/\/www.santeksmakine.com\/en\/wp-json\/wp\/v2\/product\/2833","targetHints":{"allow":["GET"]}}],"collection":[{"href":"https:\/\/www.santeksmakine.com\/en\/wp-json\/wp\/v2\/product"}],"about":[{"href":"https:\/\/www.santeksmakine.com\/en\/wp-json\/wp\/v2\/types\/product"}],"replies":[{"embeddable":true,"href":"https:\/\/www.santeksmakine.com\/en\/wp-json\/wp\/v2\/comments?post=2833"}],"wp:featuredmedia":[{"embeddable":true,"href":"https:\/\/www.santeksmakine.com\/en\/wp-json\/wp\/v2\/media\/2834"}],"wp:attachment":[{"href":"https:\/\/www.santeksmakine.com\/en\/wp-json\/wp\/v2\/media?parent=2833"}],"wp:term":[{"taxonomy":"product_brand","embeddable":true,"href":"https:\/\/www.santeksmakine.com\/en\/wp-json\/wp\/v2\/product_brand?post=2833"},{"taxonomy":"product_cat","embeddable":true,"href":"https:\/\/www.santeksmakine.com\/en\/wp-json\/wp\/v2\/product_cat?post=2833"},{"taxonomy":"product_tag","embeddable":true,"href":"https:\/\/www.santeksmakine.com\/en\/wp-json\/wp\/v2\/product_tag?post=2833"}],"curies":[{"name":"wp","href":"https:\/\/api.w.org\/{rel}","templated":true}]}}