{"id":2882,"date":"2019-09-03T12:52:13","date_gmt":"2019-09-03T12:52:13","guid":{"rendered":"https:\/\/www.santeksmakine.com\/?post_type=product&#038;p=2882"},"modified":"2024-09-30T10:36:57","modified_gmt":"2024-09-30T07:36:57","slug":"rose-europe-ayrik-sapli-nakis-makasi-no4-10-16-cm-rose-m-166","status":"publish","type":"product","link":"https:\/\/www.santeksmakine.com\/en\/product\/rose-europe-ayrik-sapli-nakis-makasi-no4-10-16-cm-rose-m-166\/","title":{"rendered":"Rose Europe Ayr\u0131k Sapl\u0131 Nak\u0131\u015f Makas\u0131 (No:4 &#8211; 10.16 cm) Rose M-166"},"content":{"rendered":"<h1>Rose Europe Ayr\u0131k Sapl\u0131 Nak\u0131\u015f Makas\u0131 (No:4 &#8211; 10.16 cm) Rose M-166 &#8211; \u0130thal<\/h1>\n<p>Nikel Kaplama<\/p>\n<p>Ayr\u0131k Sapl\u0131 Nak\u0131\u015f Makas\u0131 (Rose)<\/p>\n<p>4&#8243; in\u00e7 &#8211; 10.16 cm<\/p>\n<p>Kod: M-166<\/p>\n<p>\u0130thal<\/p>\n","protected":false},"excerpt":{"rendered":"<p>Rose Europe Ayr\u0131k Sapl\u0131 Nak\u0131\u015f Makas\u0131 (No:4 &#8211; 10.16 cm) Rose M-166 &#8211; \u0130thal Nikel Kaplama Ayr\u0131k Sapl\u0131 Nak\u0131\u015f Makas\u0131 (Rose) 4&#8243; in\u00e7 &#8211; 10.16 cm Kod: M-166 \u0130thal<\/p>\n","protected":false},"featured_media":2888,"comment_status":"closed","ping_status":"closed","template":"","meta":{"_joinchat":[]},"product_brand":[],"product_cat":[1682,1672,1689],"product_tag":[2708,2709,2710,2666,2642,2681,2707,2682,2644],"class_list":{"0":"post-2882","1":"product","2":"type-product","3":"status-publish","4":"has-post-thumbnail","6":"product_cat-dikis-ekipmanlari","7":"product_cat-dikis-urunleri","8":"product_cat-makaslar","9":"product_tag-ayrik-sapli","10":"product_tag-ayrik-sapli-makas","11":"product_tag-ayrik-sapli-nakis-makasi","12":"product_tag-kumas-makasi","13":"product_tag-makas","14":"product_tag-nakis-makasi","15":"product_tag-rose","16":"product_tag-rose-europe","17":"product_tag-terzi-makasi","20":"instock","21":"taxable","22":"shipping-taxable","23":"purchasable","24":"product-type-simple"},"_links":{"self":[{"href":"https:\/\/www.santeksmakine.com\/en\/wp-json\/wp\/v2\/product\/2882","targetHints":{"allow":["GET"]}}],"collection":[{"href":"https:\/\/www.santeksmakine.com\/en\/wp-json\/wp\/v2\/product"}],"about":[{"href":"https:\/\/www.santeksmakine.com\/en\/wp-json\/wp\/v2\/types\/product"}],"replies":[{"embeddable":true,"href":"https:\/\/www.santeksmakine.com\/en\/wp-json\/wp\/v2\/comments?post=2882"}],"wp:featuredmedia":[{"embeddable":true,"href":"https:\/\/www.santeksmakine.com\/en\/wp-json\/wp\/v2\/media\/2888"}],"wp:attachment":[{"href":"https:\/\/www.santeksmakine.com\/en\/wp-json\/wp\/v2\/media?parent=2882"}],"wp:term":[{"taxonomy":"product_brand","embeddable":true,"href":"https:\/\/www.santeksmakine.com\/en\/wp-json\/wp\/v2\/product_brand?post=2882"},{"taxonomy":"product_cat","embeddable":true,"href":"https:\/\/www.santeksmakine.com\/en\/wp-json\/wp\/v2\/product_cat?post=2882"},{"taxonomy":"product_tag","embeddable":true,"href":"https:\/\/www.santeksmakine.com\/en\/wp-json\/wp\/v2\/product_tag?post=2882"}],"curies":[{"name":"wp","href":"https:\/\/api.w.org\/{rel}","templated":true}]}}