{"id":4402,"date":"2019-07-18T10:58:01","date_gmt":"2019-07-18T10:58:01","guid":{"rendered":"https:\/\/www.santeksmakine.com\/urun\/laser-cutting-machine-yx\/"},"modified":"2020-01-27T10:34:43","modified_gmt":"2020-01-27T10:34:43","slug":"laser-cutting-machine-yx","status":"publish","type":"product","link":"https:\/\/www.santeksmakine.com\/en\/product\/laser-cutting-machine-yx\/","title":{"rendered":"Laser Cutting Machine YX"},"content":{"rendered":"<p>Clothing industry, shoes industry, luggage, computer embroidery cutting, models, electronics, electronics appliances, toys, furniture, advertising, decoration, handicrafts, packaging and printing industries.<\/p>\n<table class=\"table table-bordered table-hover table-responsive\">\n<thead>\n<tr>\n<th>Parameters<\/th>\n<th>Description<\/th>\n<\/tr>\n<\/thead>\n<tbody>\n<tr>\n<th>Model<\/th>\n<td>FLG-T640 FLG-T960 FLG-T1390 FLG-T1680 FLG-T1810<\/td>\n<\/tr>\n<tr>\n<th>Processing Area<\/th>\n<td>600 x 400 &#8211; 900 x 600 &#8211; 1300 x 900 &#8211; 1600 x 800 &#8211; 1800 x 1000<\/td>\n<\/tr>\n<tr>\n<th>Laser Type<\/th>\n<td>Glass Tube CO2<\/td>\n<\/tr>\n<tr>\n<th>Laser Power<\/th>\n<td>80W 100W 130W 150W<\/td>\n<\/tr>\n<tr>\n<th>Laser Head<\/th>\n<td>Single \/ Double<\/td>\n<\/tr>\n<tr>\n<th>Br\u00fct g\u00fc\u00e7<\/th>\n<td>\u2264 1800W<\/td>\n<\/tr>\n<tr>\n<th>Minimum Text<\/th>\n<td>22 mm, letter 11 mm<\/td>\n<\/tr>\n<tr>\n<th>Graphic Format<\/th>\n<td>Al, PLT, DXF, ETC, BMP, GIF<\/td>\n<\/tr>\n<tr>\n<th>Power<\/th>\n<td>4C220V4 961030 Hz<\/td>\n<\/tr>\n<tr>\n<th>Cutting Speed<\/th>\n<td>0-36000mm\/dk<\/td>\n<\/tr>\n<tr>\n<th>Engraving Speed<\/th>\n<td>0-64.000mm\/dk<\/td>\n<\/tr>\n<tr>\n<th>Cutting Platform<\/th>\n<td>Petekli \u0131zgaral\u0131 platform<\/td>\n<\/tr>\n<tr>\n<th>Cutting Deepness<\/th>\n<td>\u2264 10 mm<\/td>\n<\/tr>\n<tr>\n<th>Cooling System<\/th>\n<td>Conditioner<\/td>\n<\/tr>\n<\/tbody>\n<\/table>\n","protected":false},"excerpt":{"rendered":"<p>Clothing industry, shoes industry, luggage, computer embroidery cutting, models, electronics, electronics appliances, toys, furniture, advertising, decoration, handicrafts, packaging and printing industries. Parameters Description Model FLG-T640 FLG-T960 FLG-T1390 FLG-T1680 FLG-T1810 Processing Area 600 x 400 &#8211; 900 x 600 &#8211; 1300 x 900 &#8211; 1600 x 800 &#8211; 1800 x 1000 Laser Type Glass Tube CO2 &hellip; <a href=\"https:\/\/www.santeksmakine.com\/en\/product\/laser-cutting-machine-yx\/\" class=\"more-link\">Continue reading <span class=\"screen-reader-text\">Laser Cutting Machine YX<\/span><\/a><\/p>\n","protected":false},"featured_media":905,"comment_status":"closed","ping_status":"closed","template":"","meta":{"_joinchat":[]},"product_brand":[],"product_cat":[967,341],"product_tag":[3088,3089,3090,3091,3095,3094,3087,3092,3093],"class_list":{"0":"post-4402","1":"product","2":"type-product","3":"status-publish","4":"has-post-thumbnail","6":"product_cat-embroidery-machines","7":"product_cat-machines","8":"product_tag-cutting-machine","9":"product_tag-cutting-machine-en","10":"product_tag-cutting-machines","11":"product_tag-cutting-machines-en","12":"product_tag-laser-cutting","13":"product_tag-laser-cutting-machine-en","14":"product_tag-laser-cutting-machine","15":"product_tag-laser-cutting-machines","16":"product_tag-laser-cutting-machines-en","19":"instock","20":"taxable","21":"shipping-taxable","22":"purchasable","23":"product-type-simple"},"_links":{"self":[{"href":"https:\/\/www.santeksmakine.com\/en\/wp-json\/wp\/v2\/product\/4402","targetHints":{"allow":["GET"]}}],"collection":[{"href":"https:\/\/www.santeksmakine.com\/en\/wp-json\/wp\/v2\/product"}],"about":[{"href":"https:\/\/www.santeksmakine.com\/en\/wp-json\/wp\/v2\/types\/product"}],"replies":[{"embeddable":true,"href":"https:\/\/www.santeksmakine.com\/en\/wp-json\/wp\/v2\/comments?post=4402"}],"wp:featuredmedia":[{"embeddable":true,"href":"https:\/\/www.santeksmakine.com\/en\/wp-json\/wp\/v2\/media\/905"}],"wp:attachment":[{"href":"https:\/\/www.santeksmakine.com\/en\/wp-json\/wp\/v2\/media?parent=4402"}],"wp:term":[{"taxonomy":"product_brand","embeddable":true,"href":"https:\/\/www.santeksmakine.com\/en\/wp-json\/wp\/v2\/product_brand?post=4402"},{"taxonomy":"product_cat","embeddable":true,"href":"https:\/\/www.santeksmakine.com\/en\/wp-json\/wp\/v2\/product_cat?post=4402"},{"taxonomy":"product_tag","embeddable":true,"href":"https:\/\/www.santeksmakine.com\/en\/wp-json\/wp\/v2\/product_tag?post=4402"}],"curies":[{"name":"wp","href":"https:\/\/api.w.org\/{rel}","templated":true}]}}