{"id":4771,"date":"2020-05-05T12:21:23","date_gmt":"2020-05-05T12:21:23","guid":{"rendered":"https:\/\/www.santeksmakine.com\/?post_type=product&#038;p=4771"},"modified":"2024-09-30T10:37:12","modified_gmt":"2024-09-30T07:37:12","slug":"yatay-maske-paketleme-makinesi","status":"publish","type":"product","link":"https:\/\/www.santeksmakine.com\/en\/product\/yatay-maske-paketleme-makinesi\/","title":{"rendered":"Yatay Maske Paketleme Makinesi"},"content":{"rendered":"<div class=\"wpb-content-wrapper\"><p>[vc_row][vc_column][vc_column_text]<strong>Maske Paketleme Makinas\u0131<\/strong><\/p>\n<p>Ebatlar: 900 x 3.800 x 1.600 mm<br \/>\nA\u011f\u0131rl\u0131k: 550 kg<br \/>\nKapasite: 40 &#8211; 70 adet\/dk (\u00fcr\u00fcne g\u00f6re de\u011fi\u015fiklik g\u00f6sterebilir)<br \/>\nElektrik T\u00fcketimi: 2,5 kW<br \/>\n7&#8243; in\u00e7 dokunmatik ekran.<br \/>\nPic kontroll\u00fc.<br \/>\nServo motor.<br \/>\nMakine paket ambalaj\u0131 OPP \u0131s\u0131 ile yap\u0131\u015fkan malzemedir.<br \/>\nBask\u0131l\u0131 ambalajla \u00e7al\u0131\u015fabilme \u00f6zelli\u011fi.<br \/>\nPo\u015fet ayar\u0131 ekrandan mm olarak ayarlanabilmektedir.<br \/>\nDijital \u0131s\u0131 g\u00f6stergesi (+\/-) 2 derece hassasiyetle.<br \/>\nMakine dur kalk veya s\u00fcrekli \u00e7al\u0131\u015fabilme kabiliyetindedir.<br \/>\n\u0130stenilen adette durabilme \u00f6zelli\u011fi.<br \/>\nMakine \u00e7al\u0131\u015fma h\u0131z\u0131 besleme \u00fcnitesine g\u00f6re de\u011fi\u015fiklik g\u00f6sterir.<br \/>\n\u00dcr\u00fcn\u00fc temas etti\u011fi yerler 304 kalite paslanmazd\u0131r.<br \/>\nKaporta aksam\u0131 304 kalite paslanmazd\u0131r.<br \/>\n2.000 mm konvey\u00f6r (standart)<br \/>\n600 mm \u00e7\u0131k\u0131\u015f konvey\u00f6r\u00fc (standart)<br \/>\nPaketlenecek \u00fcr\u00fcn: Maske<br \/>\nPaketlenecek \u00fcr\u00fcn \u00f6l\u00e7\u00fcleri:[\/vc_column_text][\/vc_column][\/vc_row]<\/p>\n<\/div>","protected":false},"excerpt":{"rendered":"<p>Yeni nesil yatay maske paketleme makinas\u0131 ile \u00fcretim alan\u0131nda verim elde edin. Kolay kullan\u0131m\u0131 ve performans\u0131 ile \u00fcretim konusunda zamandan kazanman\u0131za olanak sa\u011flar. \u00dcst\u00fcn performans\u0131 ve kaliteli \u00fcretim kabiliyeti ile muadilleriyle aras\u0131na uzak ara fark a\u00e7maktad\u0131r. Bu makina ile kaliteli ve benzersiz \u00fcr\u00fcnler \u00fcretebilirsiniz.<\/p>\n<p>Yedek par\u00e7a temini ve teknik destek hizmeti konusunda firmam\u0131z \u00fcr\u00fcnlerimizin ard\u0131nda sonuna kadar m\u00fc\u015fteri memnuniyetini g\u00f6zeterek durmaktad\u0131r.<\/p>\n","protected":false},"featured_media":0,"comment_status":"closed","ping_status":"closed","template":"","meta":{"_joinchat":[]},"product_brand":[],"product_cat":[1646,3687],"product_tag":[3709,3708,3710,3758,3760,3759,3757],"class_list":{"0":"post-4771","1":"product","2":"type-product","3":"status-publish","5":"product_cat-diger-makineler","6":"product_cat-maske-makineleri","7":"product_tag-maske-makinalari","8":"product_tag-maske-makinasi","9":"product_tag-maske-makineleri","10":"product_tag-maske-paketleme","11":"product_tag-maske-paketleme-makinasi","12":"product_tag-maske-paketleme-makinesi","13":"product_tag-paketleme","16":"instock","17":"taxable","18":"shipping-taxable","19":"purchasable","20":"product-type-simple"},"_links":{"self":[{"href":"https:\/\/www.santeksmakine.com\/en\/wp-json\/wp\/v2\/product\/4771","targetHints":{"allow":["GET"]}}],"collection":[{"href":"https:\/\/www.santeksmakine.com\/en\/wp-json\/wp\/v2\/product"}],"about":[{"href":"https:\/\/www.santeksmakine.com\/en\/wp-json\/wp\/v2\/types\/product"}],"replies":[{"embeddable":true,"href":"https:\/\/www.santeksmakine.com\/en\/wp-json\/wp\/v2\/comments?post=4771"}],"wp:attachment":[{"href":"https:\/\/www.santeksmakine.com\/en\/wp-json\/wp\/v2\/media?parent=4771"}],"wp:term":[{"taxonomy":"product_brand","embeddable":true,"href":"https:\/\/www.santeksmakine.com\/en\/wp-json\/wp\/v2\/product_brand?post=4771"},{"taxonomy":"product_cat","embeddable":true,"href":"https:\/\/www.santeksmakine.com\/en\/wp-json\/wp\/v2\/product_cat?post=4771"},{"taxonomy":"product_tag","embeddable":true,"href":"https:\/\/www.santeksmakine.com\/en\/wp-json\/wp\/v2\/product_tag?post=4771"}],"curies":[{"name":"wp","href":"https:\/\/api.w.org\/{rel}","templated":true}]}}