{"id":4789,"date":"2020-05-06T10:42:59","date_gmt":"2020-05-06T10:42:59","guid":{"rendered":"https:\/\/www.santeksmakine.com\/?post_type=product&#038;p=4789"},"modified":"2024-09-30T10:37:12","modified_gmt":"2024-09-30T07:37:12","slug":"konti-gk26-1a-cuval-agzi-dikis-makinasi","status":"publish","type":"product","link":"https:\/\/www.santeksmakine.com\/en\/product\/konti-gk26-1a-cuval-agzi-dikis-makinasi\/","title":{"rendered":"Konti Gk26-1A \u00c7uval A\u011fz\u0131 Diki\u015f Makinas\u0131"},"content":{"rendered":"<div class=\"wpb-content-wrapper\"><p>[vc_row][vc_column][vc_column_text]Diki\u015f Boyu : 5 &#8211; 6 mm<br \/>\nDevir : 1250<br \/>\n\u0130\u011fne Sistem Numaras\u0131 : ( DN x 1 ) Tavsiye Edilen \u0130\u011fne Kal\u0131nl\u0131\u011f\u0131 25 Numara<br \/>\n\u0130plik : Naylon Sentetik veya Pamuk | \u0130pik Numaras\u0131 : 20 \/ 6<br \/>\nMotor : 90 W<br \/>\nVoltaj : 220 V<br \/>\nUn, Bakliyat, Tohum, Metal, Kuma\u015f, K\u00f6m\u00fcr \u00e7uval\u0131n\u0131n a\u011fz\u0131n\u0131 kapatmak i\u00e7in kullan\u0131l\u0131r. Ka\u011f\u0131t Torba Dikimi i\u00e7inde kullan\u0131labilir[\/vc_column_text][\/vc_column][\/vc_row]<\/p>\n<\/div>","protected":false},"excerpt":{"rendered":"<p>Yeni nesil makinelerimiz ile \u00fcretim alan\u0131nda verim elde edin. Kolay kullan\u0131m\u0131 ve performans\u0131 ile \u00fcretim konusunda zamandan kazanman\u0131za olanak sa\u011flar. \u00dcst\u00fcn performans\u0131 ve kaliteli \u00fcretim kabiliyeti ile muadilleriyle aras\u0131na uzak ara fark a\u00e7maktad\u0131r. Bu makina ile kaliteli ve benzersiz \u00fcr\u00fcnler \u00fcretebilirsiniz.<\/p>\n<p>Yedek par\u00e7a temini ve teknik destek hizmeti konusunda firmam\u0131z \u00fcr\u00fcnlerimizin ard\u0131nda sonuna kadar m\u00fc\u015fteri memnuniyetini g\u00f6zeterek durmaktad\u0131r.<\/p>\n","protected":false},"featured_media":4790,"comment_status":"closed","ping_status":"closed","template":"","meta":{"_joinchat":[]},"product_brand":[],"product_cat":[1649,1646],"product_tag":[2577,2621,2622],"class_list":{"0":"post-4789","1":"product","2":"type-product","3":"status-publish","4":"has-post-thumbnail","6":"product_cat-cuval-agzi-dikis","7":"product_cat-diger-makineler","8":"product_tag-cuval-agzi","9":"product_tag-cuval-agzi-dikis","10":"product_tag-cuval-agzi-dikis-makinesi","13":"instock","14":"taxable","15":"shipping-taxable","16":"purchasable","17":"product-type-simple"},"_links":{"self":[{"href":"https:\/\/www.santeksmakine.com\/en\/wp-json\/wp\/v2\/product\/4789","targetHints":{"allow":["GET"]}}],"collection":[{"href":"https:\/\/www.santeksmakine.com\/en\/wp-json\/wp\/v2\/product"}],"about":[{"href":"https:\/\/www.santeksmakine.com\/en\/wp-json\/wp\/v2\/types\/product"}],"replies":[{"embeddable":true,"href":"https:\/\/www.santeksmakine.com\/en\/wp-json\/wp\/v2\/comments?post=4789"}],"wp:featuredmedia":[{"embeddable":true,"href":"https:\/\/www.santeksmakine.com\/en\/wp-json\/wp\/v2\/media\/4790"}],"wp:attachment":[{"href":"https:\/\/www.santeksmakine.com\/en\/wp-json\/wp\/v2\/media?parent=4789"}],"wp:term":[{"taxonomy":"product_brand","embeddable":true,"href":"https:\/\/www.santeksmakine.com\/en\/wp-json\/wp\/v2\/product_brand?post=4789"},{"taxonomy":"product_cat","embeddable":true,"href":"https:\/\/www.santeksmakine.com\/en\/wp-json\/wp\/v2\/product_cat?post=4789"},{"taxonomy":"product_tag","embeddable":true,"href":"https:\/\/www.santeksmakine.com\/en\/wp-json\/wp\/v2\/product_tag?post=4789"}],"curies":[{"name":"wp","href":"https:\/\/api.w.org\/{rel}","templated":true}]}}