{"id":4804,"date":"2020-05-06T10:56:31","date_gmt":"2020-05-06T10:56:31","guid":{"rendered":"https:\/\/www.santeksmakine.com\/?post_type=product&#038;p=4804"},"modified":"2024-09-30T10:37:12","modified_gmt":"2024-09-30T07:37:12","slug":"yuki-gk26-1a-cuval-agzi-dikis-dikme-kapama-makinasi","status":"publish","type":"product","link":"https:\/\/www.santeksmakine.com\/en\/product\/yuki-gk26-1a-cuval-agzi-dikis-dikme-kapama-makinasi\/","title":{"rendered":"Yuki Gk26-1A \u00c7uval A\u011fz\u0131 Diki\u015f Dikme Kapama Makinas\u0131"},"content":{"rendered":"<div class=\"wpb-content-wrapper\"><p>[vc_row][vc_column][vc_column_text]Diki\u015f Boyu : 5 &#8211; 6 mm<br \/>\nDevir : 1250<br \/>\n\u0130\u011fne Sistem Numaras\u0131 : ( DN x 1 ) Tavsiye Edilen \u0130\u011fne Kal\u0131nl\u0131\u011f\u0131 25 Numara<br \/>\n\u0130plik : Naylon Sentetik veya Pamuk | \u0130pik Numaras\u0131 : 20 \/ 6<br \/>\nMotor : 90 W<br \/>\nVoltaj : 220 V<br \/>\nKomple A\u011f\u0131rl\u0131k : 5.9 Kg<br \/>\nUn, Bakliyat, Tohum, Metal, Kuma\u015f, K\u00f6m\u00fcr \u00e7uval\u0131n\u0131n a\u011fz\u0131n\u0131 kapatmak i\u00e7in kullan\u0131l\u0131r. Ka\u011f\u0131t Torba Dikimi i\u00e7inde kullan\u0131labilir<br \/>\n\u00c7uval A\u011fz\u0131 Makinas\u0131nda 20 Numara Ya\u011f Kullan\u0131l\u0131r.[\/vc_column_text][\/vc_column][\/vc_row]<\/p>\n<\/div>","protected":false},"excerpt":{"rendered":"<p>[vc_row][vc_column][vc_column_text]Diki\u015f Boyu : 5 &#8211; 6 mm Devir : 1250 \u0130\u011fne Sistem Numaras\u0131 : ( DN x 1 ) Tavsiye Edilen \u0130\u011fne Kal\u0131nl\u0131\u011f\u0131 25 Numara \u0130plik : Naylon Sentetik veya Pamuk | \u0130pik Numaras\u0131 : 20 \/ 6 Motor : 90 W Voltaj : 220 V Komple A\u011f\u0131rl\u0131k : 5.9 Kg Un, Bakliyat, Tohum, Metal, &hellip; <a href=\"https:\/\/www.santeksmakine.com\/en\/product\/yuki-gk26-1a-cuval-agzi-dikis-dikme-kapama-makinasi\/\" class=\"more-link\">Continue reading <span class=\"screen-reader-text\">Yuki Gk26-1A \u00c7uval A\u011fz\u0131 Diki\u015f Dikme Kapama Makinas\u0131<\/span><\/a><\/p>\n","protected":false},"featured_media":4805,"comment_status":"closed","ping_status":"closed","template":"","meta":{"_joinchat":[]},"product_brand":[],"product_cat":[1649,1646],"product_tag":[2621,2622],"class_list":{"0":"post-4804","1":"product","2":"type-product","3":"status-publish","4":"has-post-thumbnail","6":"product_cat-cuval-agzi-dikis","7":"product_cat-diger-makineler","8":"product_tag-cuval-agzi-dikis","9":"product_tag-cuval-agzi-dikis-makinesi","12":"instock","13":"taxable","14":"shipping-taxable","15":"purchasable","16":"product-type-simple"},"_links":{"self":[{"href":"https:\/\/www.santeksmakine.com\/en\/wp-json\/wp\/v2\/product\/4804","targetHints":{"allow":["GET"]}}],"collection":[{"href":"https:\/\/www.santeksmakine.com\/en\/wp-json\/wp\/v2\/product"}],"about":[{"href":"https:\/\/www.santeksmakine.com\/en\/wp-json\/wp\/v2\/types\/product"}],"replies":[{"embeddable":true,"href":"https:\/\/www.santeksmakine.com\/en\/wp-json\/wp\/v2\/comments?post=4804"}],"wp:featuredmedia":[{"embeddable":true,"href":"https:\/\/www.santeksmakine.com\/en\/wp-json\/wp\/v2\/media\/4805"}],"wp:attachment":[{"href":"https:\/\/www.santeksmakine.com\/en\/wp-json\/wp\/v2\/media?parent=4804"}],"wp:term":[{"taxonomy":"product_brand","embeddable":true,"href":"https:\/\/www.santeksmakine.com\/en\/wp-json\/wp\/v2\/product_brand?post=4804"},{"taxonomy":"product_cat","embeddable":true,"href":"https:\/\/www.santeksmakine.com\/en\/wp-json\/wp\/v2\/product_cat?post=4804"},{"taxonomy":"product_tag","embeddable":true,"href":"https:\/\/www.santeksmakine.com\/en\/wp-json\/wp\/v2\/product_tag?post=4804"}],"curies":[{"name":"wp","href":"https:\/\/api.w.org\/{rel}","templated":true}]}}