{"id":4863,"date":"2020-05-07T10:58:57","date_gmt":"2020-05-07T10:58:57","guid":{"rendered":"https:\/\/www.santeksmakine.com\/?post_type=product&#038;p=4863"},"modified":"2024-09-30T10:37:16","modified_gmt":"2024-09-30T07:37:16","slug":"grand-ga112-overlok-makinasi-iplik-temizleme-tertibati","status":"publish","type":"product","link":"https:\/\/www.santeksmakine.com\/en\/product\/grand-ga112-overlok-makinasi-iplik-temizleme-tertibati\/","title":{"rendered":"Grand GA112 Overlok Makinas\u0131 \u0130plik Temizleme Tertibat\u0131"},"content":{"rendered":"<div class=\"wpb-content-wrapper\"><p>[vc_row][vc_column][vc_column_text]Grand GA112 Overlok Makinas\u0131 \u0130plik Temizleme Tertibat\u0131[\/vc_column_text][\/vc_column][\/vc_row]<\/p>\n<\/div>","protected":false},"excerpt":{"rendered":"<p>[vc_row][vc_column][vc_column_text]Grand GA112 Overlok Makinas\u0131 \u0130plik Temizleme Tertibat\u0131[\/vc_column_text][\/vc_column][\/vc_row]<\/p>\n","protected":false},"featured_media":4864,"comment_status":"closed","ping_status":"closed","template":"","meta":{"_joinchat":[]},"product_brand":[],"product_cat":[1646,1651],"product_tag":[2649,2650,3766],"class_list":{"0":"post-4863","1":"product","2":"type-product","3":"status-publish","4":"has-post-thumbnail","6":"product_cat-diger-makineler","7":"product_cat-iplik-temizleme","8":"product_tag-iplik-temizleme","9":"product_tag-iplik-temizleme-makasi","10":"product_tag-iplik-temizleme-makinesi","13":"instock","14":"taxable","15":"shipping-taxable","16":"purchasable","17":"product-type-simple"},"_links":{"self":[{"href":"https:\/\/www.santeksmakine.com\/en\/wp-json\/wp\/v2\/product\/4863","targetHints":{"allow":["GET"]}}],"collection":[{"href":"https:\/\/www.santeksmakine.com\/en\/wp-json\/wp\/v2\/product"}],"about":[{"href":"https:\/\/www.santeksmakine.com\/en\/wp-json\/wp\/v2\/types\/product"}],"replies":[{"embeddable":true,"href":"https:\/\/www.santeksmakine.com\/en\/wp-json\/wp\/v2\/comments?post=4863"}],"wp:featuredmedia":[{"embeddable":true,"href":"https:\/\/www.santeksmakine.com\/en\/wp-json\/wp\/v2\/media\/4864"}],"wp:attachment":[{"href":"https:\/\/www.santeksmakine.com\/en\/wp-json\/wp\/v2\/media?parent=4863"}],"wp:term":[{"taxonomy":"product_brand","embeddable":true,"href":"https:\/\/www.santeksmakine.com\/en\/wp-json\/wp\/v2\/product_brand?post=4863"},{"taxonomy":"product_cat","embeddable":true,"href":"https:\/\/www.santeksmakine.com\/en\/wp-json\/wp\/v2\/product_cat?post=4863"},{"taxonomy":"product_tag","embeddable":true,"href":"https:\/\/www.santeksmakine.com\/en\/wp-json\/wp\/v2\/product_tag?post=4863"}],"curies":[{"name":"wp","href":"https:\/\/api.w.org\/{rel}","templated":true}]}}