{"id":8812,"date":"2020-05-11T11:51:24","date_gmt":"2020-05-11T08:51:24","guid":{"rendered":"https:\/\/www.santeksmakine.com\/urun\/ffp2-n95-maske-uretim-makinesi-istanbul\/"},"modified":"2021-09-07T12:38:38","modified_gmt":"2021-09-07T09:38:38","slug":"ffp2-n95-maske-uretim-makinesi-istanbul","status":"publish","type":"product","link":"https:\/\/www.santeksmakine.com\/en\/product\/ffp2-n95-maske-uretim-makinesi-istanbul\/","title":{"rendered":"FFP2 N95 Mask Manufacturing Machine"},"content":{"rendered":"<div class=\"wpb-content-wrapper\"><p>[vc_row][vc_column width=&#8221;2\/3&#8243;][vc_column_text]N95 respirator machine parameters (including nose bridge)<\/p>\n<p>N95 blank mask making machine including bridge[\/vc_column_text][vc_column_text]<\/p>\n<table>\n<tbody>\n<tr>\n<td colspan=\"2\">Equipment parameter table<\/td>\n<\/tr>\n<tr>\n<td>Device name<\/td>\n<td>KN95 blank mask making machine including bridge<\/td>\n<\/tr>\n<tr>\n<td>Dimensions of the device<\/td>\n<td>4930*700*1700 mm<\/td>\n<\/tr>\n<tr>\n<td>Productivity<\/td>\n<td>80-100 adet\/dk<\/td>\n<\/tr>\n<tr>\n<td>Operating voltage<\/td>\n<td>220V 50Hz<\/td>\n<\/tr>\n<tr>\n<td>working power<\/td>\n<td>4Kw<\/td>\n<\/tr>\n<tr>\n<td>Operating pressure<\/td>\n<td>0,4 Mpa<\/td>\n<\/tr>\n<tr>\n<td>Ultrasonic<\/td>\n<td>20 KHz (2 adet)<\/td>\n<\/tr>\n<tr>\n<td>Device weight<\/td>\n<td>500 kg<\/td>\n<\/tr>\n<tr>\n<td>Operation configuration<\/td>\n<td>1 person<\/td>\n<\/tr>\n<\/tbody>\n<\/table>\n<p>[\/vc_column_text][\/vc_column][vc_column width=&#8221;1\/3&#8243;][vc_single_image image=&#8221;5662&#8243;][vc_video link=&#8221;https:\/\/youtu.be\/LzhyE84Tuq4&#8243;][\/vc_column][\/vc_row][vc_row][vc_column width=&#8221;1\/2&#8243;][vc_column_text]Equipment Working Plan<\/p>\n<p><img decoding=\"async\" class=\"alignleft size-full wp-image-5666 lazyload\" data-src=\"https:\/\/www.santeksmakine.com\/wp-content\/uploads\/2020\/05\/ekipman-calisma-plani.jpg\" alt=\"santek tekstil makineleri, yuvarlak \u00f6rme makinalar\u0131, jakarl\u0131 dar dokuma makineleri, kapitone makineleri, tres halat makinesi, yaka makineleri, raschel makineler, tektsil makinalar\u0131, sanayi imalat makineleri istanbul \u00f6zbekistan kazakistan rusya\" width=\"1500\" height=\"918\" title=\"santek tekstil makineleri, yuvarlak \u00f6rme makinalar\u0131, jakarl\u0131 dar dokuma makineleri, kapitone makineleri, tres halat makinesi, yaka makineleri, raschel makineler, tektsil makinalar\u0131, sanayi imalat makineleri istanbul \u00f6zbekistan kazakistan rusya\" src=\"data:image\/svg+xml;base64,PHN2ZyB3aWR0aD0iMSIgaGVpZ2h0PSIxIiB4bWxucz0iaHR0cDovL3d3dy53My5vcmcvMjAwMC9zdmciPjwvc3ZnPg==\" style=\"--smush-placeholder-width: 1500px; --smush-placeholder-aspect-ratio: 1500\/918;\">[\/vc_column_text][\/vc_column][vc_column width=&#8221;1\/2&#8243;][vc_column_text]Equipment Working Plan<\/p>\n<table>\n<tbody>\n<tr>\n<td colspan=\"6\">Mask machine disassembled dimensions<\/td>\n<\/tr>\n<tr>\n<td>Number<\/td>\n<td>Module name<\/td>\n<td>Number of module part<\/td>\n<td>Length<\/td>\n<td>Width<\/td>\n<td>Height<\/td>\n<\/tr>\n<tr>\n<td>1<\/td>\n<td>Feed rack module<\/td>\n<td>1 number<\/td>\n<td>2530 mm<\/td>\n<td>700 mm<\/td>\n<td>1600 mm<\/td>\n<\/tr>\n<tr>\n<td>2<\/td>\n<td>main module<\/td>\n<td>1 number<\/td>\n<td>1200 mm<\/td>\n<td>670 mm<\/td>\n<td>1700 mm<\/td>\n<\/tr>\n<tr>\n<td>3<\/td>\n<td>Receiver rack belt module<\/td>\n<td>1 number<\/td>\n<td>1200 mm<\/td>\n<td>430 mm<\/td>\n<td>960 mm<\/td>\n<\/tr>\n<\/tbody>\n<\/table>\n<p><strong>Description:<\/strong>\u00a0See modules 1 ~ 3 marked in the floor space layout, which can be separated and transported according to this module during transportation, and refer to the table above for transport dimensions.<\/p>\n<p>[\/vc_column_text][\/vc_column][\/vc_row][vc_row][vc_column][vc_column_text]Device configuration brand parameters<\/p>\n<table>\n<tbody>\n<tr>\n<td>S No<\/td>\n<td>First Name<\/td>\n<td>Brand<\/td>\n<\/tr>\n<tr>\n<td>1<\/td>\n<td>PLC<\/td>\n<td>OMRON<\/td>\n<\/tr>\n<tr>\n<td>2<\/td>\n<td>HMI<\/td>\n<td>OMRON<\/td>\n<\/tr>\n<tr>\n<td>3<\/td>\n<td>main engine<\/td>\n<td>HAIDE<\/td>\n<\/tr>\n<tr>\n<td>4<\/td>\n<td>speed motor<\/td>\n<td>JSCC<\/td>\n<\/tr>\n<tr>\n<td>5<\/td>\n<td>Bed<\/td>\n<td>HRB<\/td>\n<\/tr>\n<tr>\n<td>6<\/td>\n<td>Lineer<\/td>\n<td>HIWIN<\/td>\n<\/tr>\n<tr>\n<td>7<\/td>\n<td>ultrasonic system<\/td>\n<td>CHINESE<\/td>\n<\/tr>\n<tr>\n<td>8<\/td>\n<td>Transducer<\/td>\n<td>CHINESE<\/td>\n<\/tr>\n<tr>\n<td>9<\/td>\n<td>optical sensors<\/td>\n<td>OMRON<\/td>\n<\/tr>\n<\/tbody>\n<\/table>\n<p>[\/vc_column_text][\/vc_column][\/vc_row][vc_row][vc_column width=&#8221;1\/3&#8243;][vc_single_image image=&#8221;5670&#8243; img_size=&#8221;full&#8221;][\/vc_column][vc_column width=&#8221;2\/3&#8243;][vc_column_text]Packaging size requirements for equipment manufacturing materials<\/p>\n<ol>\n<li>Requirements for diameter and size of four-ply non-woven fabric rolls<\/li>\n<\/ol>\n<p>76 mm \u2264 rulo \u00e7ap\u0131 \u2264 700 mm<\/p>\n<p>Orta borunun \u00e7ap\u0131 76 mm&#8217;dir<\/p>\n<ol start=\"2\">\n<li>Requirements for the size of the bridge strip coil<\/li>\n<\/ol>\n<p>125 mm \u2264 material roll inner diameter \u2264 215 mm<\/p>\n<p>125 mm \u2264 material roll outer diameter \u2264 400 mm<\/p>\n<p>100 mm \u2264 thickness of material roll \u2264 120 mm<\/p>\n<p>There is no paper cylinder in the middle, but the materials should not drop.[\/vc_column_text][\/vc_column][\/vc_row]<\/p>\n<\/div>","protected":false},"excerpt":{"rendered":"<p>You can produce 80 masks per minute with the surgical mask n95 mask production machine, pioneered by Santeks textile machinery and providing 24\/7 technical support. It provides all production related to masks. Please contact us for mask machine prices. You can find all spare parts of the mask machine in santeks spare parts section. In addition, with our 24\/7 technical support team, we provide you with 100% customer satisfaction so that you can continue production. You can contact us to see our machine.<\/p>\n","protected":false},"featured_media":5653,"comment_status":"closed","ping_status":"closed","template":"","meta":{"_joinchat":[]},"product_brand":[],"product_cat":[341,3693],"product_tag":[],"class_list":{"0":"post-8812","1":"product","2":"type-product","3":"status-publish","4":"has-post-thumbnail","6":"product_cat-machines","7":"product_cat-mask-making-machines","10":"instock","11":"taxable","12":"shipping-taxable","13":"purchasable","14":"product-type-simple"},"_links":{"self":[{"href":"https:\/\/www.santeksmakine.com\/en\/wp-json\/wp\/v2\/product\/8812","targetHints":{"allow":["GET"]}}],"collection":[{"href":"https:\/\/www.santeksmakine.com\/en\/wp-json\/wp\/v2\/product"}],"about":[{"href":"https:\/\/www.santeksmakine.com\/en\/wp-json\/wp\/v2\/types\/product"}],"replies":[{"embeddable":true,"href":"https:\/\/www.santeksmakine.com\/en\/wp-json\/wp\/v2\/comments?post=8812"}],"wp:featuredmedia":[{"embeddable":true,"href":"https:\/\/www.santeksmakine.com\/en\/wp-json\/wp\/v2\/media\/5653"}],"wp:attachment":[{"href":"https:\/\/www.santeksmakine.com\/en\/wp-json\/wp\/v2\/media?parent=8812"}],"wp:term":[{"taxonomy":"product_brand","embeddable":true,"href":"https:\/\/www.santeksmakine.com\/en\/wp-json\/wp\/v2\/product_brand?post=8812"},{"taxonomy":"product_cat","embeddable":true,"href":"https:\/\/www.santeksmakine.com\/en\/wp-json\/wp\/v2\/product_cat?post=8812"},{"taxonomy":"product_tag","embeddable":true,"href":"https:\/\/www.santeksmakine.com\/en\/wp-json\/wp\/v2\/product_tag?post=8812"}],"curies":[{"name":"wp","href":"https:\/\/api.w.org\/{rel}","templated":true}]}}