{"id":1005,"date":"2019-07-24T12:52:39","date_gmt":"2019-07-24T12:52:39","guid":{"rendered":"https:\/\/www.santeksmakine.com\/?post_type=product&#038;p=1005"},"modified":"2024-09-30T10:36:19","modified_gmt":"2024-09-30T07:36:19","slug":"cros-cizgi-tasi-100-adet","status":"publish","type":"product","link":"https:\/\/www.santeksmakine.com\/ru\/product\/cros-cizgi-tasi-100-adet\/","title":{"rendered":"Cros \u00c7izgi Ta\u015f\u0131 (100 Adet)"},"content":{"rendered":"<p>Ti\u015f\u00f6rt Etiket Takma Nokta Belirleme \u00c7izgi Ta\u015f\u0131<br \/>\nCros \u00c7izgi Ta\u015f\u0131: 99 Renk Se\u00e7ene\u011fi<\/p>\n<p>Prova Mankeni Haz\u0131r Giyim \u00d6l\u00e7\u00fc Belirleme \u00c7izim Ta\u015flar\u0131<br \/>\nSar\u0131 Pembe Mavi Beyaz \u00c7izgi Ta\u015f\u0131, Konfeksiyon Tekstil Terzi Malzemeleri Ve \u00dcr\u00fcnleri<\/p>\n","protected":false},"excerpt":{"rendered":"<p>Ti\u015f\u00f6rt Etiket Takma Nokta Belirleme \u00c7izgi Ta\u015f\u0131 Cros \u00c7izgi Ta\u015f\u0131: 99 Renk Se\u00e7ene\u011fi Prova Mankeni Haz\u0131r Giyim \u00d6l\u00e7\u00fc Belirleme \u00c7izim Ta\u015flar\u0131 Sar\u0131 Pembe Mavi Beyaz \u00c7izgi Ta\u015f\u0131, Konfeksiyon Tekstil Terzi Malzemeleri Ve \u00dcr\u00fcnleri<\/p>\n","protected":false},"featured_media":1006,"comment_status":"closed","ping_status":"closed","template":"","meta":{"_joinchat":[]},"product_brand":[],"product_cat":[1675,1673,1672],"product_tag":[1737,1736,1735],"class_list":{"0":"post-1005","1":"product","2":"type-product","3":"status-publish","4":"has-post-thumbnail","6":"product_cat-cizgi-taslari","7":"product_cat-dikis-aksesuarlari","8":"product_cat-dikis-urunleri","9":"product_tag-cizgi-tasi","10":"product_tag-cros-cizgi-tasi","11":"product_tag-cros-cizgi-tasi-100-adet","14":"instock","15":"taxable","16":"shipping-taxable","17":"purchasable","18":"product-type-simple"},"_links":{"self":[{"href":"https:\/\/www.santeksmakine.com\/ru\/wp-json\/wp\/v2\/product\/1005","targetHints":{"allow":["GET"]}}],"collection":[{"href":"https:\/\/www.santeksmakine.com\/ru\/wp-json\/wp\/v2\/product"}],"about":[{"href":"https:\/\/www.santeksmakine.com\/ru\/wp-json\/wp\/v2\/types\/product"}],"replies":[{"embeddable":true,"href":"https:\/\/www.santeksmakine.com\/ru\/wp-json\/wp\/v2\/comments?post=1005"}],"wp:featuredmedia":[{"embeddable":true,"href":"https:\/\/www.santeksmakine.com\/ru\/wp-json\/wp\/v2\/media\/1006"}],"wp:attachment":[{"href":"https:\/\/www.santeksmakine.com\/ru\/wp-json\/wp\/v2\/media?parent=1005"}],"wp:term":[{"taxonomy":"product_brand","embeddable":true,"href":"https:\/\/www.santeksmakine.com\/ru\/wp-json\/wp\/v2\/product_brand?post=1005"},{"taxonomy":"product_cat","embeddable":true,"href":"https:\/\/www.santeksmakine.com\/ru\/wp-json\/wp\/v2\/product_cat?post=1005"},{"taxonomy":"product_tag","embeddable":true,"href":"https:\/\/www.santeksmakine.com\/ru\/wp-json\/wp\/v2\/product_tag?post=1005"}],"curies":[{"name":"wp","href":"https:\/\/api.w.org\/{rel}","templated":true}]}}