{"id":1028,"date":"2019-07-24T13:18:54","date_gmt":"2019-07-24T13:18:54","guid":{"rendered":"https:\/\/www.santeksmakine.com\/?post_type=product&#038;p=1028"},"modified":"2024-09-30T10:36:22","modified_gmt":"2024-09-30T07:36:22","slug":"diamond-kirilmayan-cizgi-tasi","status":"publish","type":"product","link":"https:\/\/www.santeksmakine.com\/ru\/product\/diamond-kirilmayan-cizgi-tasi\/","title":{"rendered":"Diamond K\u0131r\u0131lmayan \u00c7izgi Ta\u015f\u0131"},"content":{"rendered":"<p>Diamond K\u0131r\u0131lmayan \u00c7izgi Ta\u015f\u0131 &#8211; \u00dc\u00e7gen (25 Adet) (TAILOR&#8217;S SOFT CHALK)<br \/>\nYumu\u015fak K\u0131r\u0131lmaya Dayan\u0131kl\u0131 \u00dc\u00e7gen Sabun Ta\u015flar\u0131<br \/>\nDiamond \u00c7izgi Ta\u015f\u0131: K\u0131r\u0131lmayan \u00c7izgi Ta\u015f\u0131<\/p>\n<p>Leke \u0130z B\u0131rakmaz Kullan\u0131\u015fl\u0131 Terzi Kuma\u015f \u00c7izim Ekipmanlar\u0131<br \/>\n\u00d6zel Tasarlanm\u0131\u015f \u00c7izgi Ta\u015flar\u0131, Kullan\u0131\u015fl\u0131 Diamond \u00c7izgi Ta\u015flar\u0131, \u0130\u015faretleme Ta\u015flar\u0131<\/p>\n","protected":false},"excerpt":{"rendered":"<p>Diamond K\u0131r\u0131lmayan \u00c7izgi Ta\u015f\u0131 &#8211; \u00dc\u00e7gen (25 Adet) (TAILOR&#8217;S SOFT CHALK) Yumu\u015fak K\u0131r\u0131lmaya Dayan\u0131kl\u0131 \u00dc\u00e7gen Sabun Ta\u015flar\u0131 Diamond \u00c7izgi Ta\u015f\u0131: K\u0131r\u0131lmayan \u00c7izgi Ta\u015f\u0131 Leke \u0130z B\u0131rakmaz Kullan\u0131\u015fl\u0131 Terzi Kuma\u015f \u00c7izim Ekipmanlar\u0131 \u00d6zel Tasarlanm\u0131\u015f \u00c7izgi Ta\u015flar\u0131, Kullan\u0131\u015fl\u0131 Diamond \u00c7izgi Ta\u015flar\u0131, \u0130\u015faretleme Ta\u015flar\u0131<\/p>\n","protected":false},"featured_media":1029,"comment_status":"closed","ping_status":"closed","template":"","meta":{"_joinchat":[]},"product_brand":[],"product_cat":[1675,1673,1672],"product_tag":[1737,1754,1753,1755,1757,1756],"class_list":{"0":"post-1028","1":"product","2":"type-product","3":"status-publish","4":"has-post-thumbnail","6":"product_cat-cizgi-taslari","7":"product_cat-dikis-aksesuarlari","8":"product_cat-dikis-urunleri","9":"product_tag-cizgi-tasi","10":"product_tag-diamond","11":"product_tag-diamond-kirilmayan-cizgi-tasi","12":"product_tag-kirilmayan-cizgi-tasi","13":"product_tag-ucgen","14":"product_tag-ucgen-cizgi-tasi","17":"instock","18":"taxable","19":"shipping-taxable","20":"purchasable","21":"product-type-simple"},"_links":{"self":[{"href":"https:\/\/www.santeksmakine.com\/ru\/wp-json\/wp\/v2\/product\/1028","targetHints":{"allow":["GET"]}}],"collection":[{"href":"https:\/\/www.santeksmakine.com\/ru\/wp-json\/wp\/v2\/product"}],"about":[{"href":"https:\/\/www.santeksmakine.com\/ru\/wp-json\/wp\/v2\/types\/product"}],"replies":[{"embeddable":true,"href":"https:\/\/www.santeksmakine.com\/ru\/wp-json\/wp\/v2\/comments?post=1028"}],"wp:featuredmedia":[{"embeddable":true,"href":"https:\/\/www.santeksmakine.com\/ru\/wp-json\/wp\/v2\/media\/1029"}],"wp:attachment":[{"href":"https:\/\/www.santeksmakine.com\/ru\/wp-json\/wp\/v2\/media?parent=1028"}],"wp:term":[{"taxonomy":"product_brand","embeddable":true,"href":"https:\/\/www.santeksmakine.com\/ru\/wp-json\/wp\/v2\/product_brand?post=1028"},{"taxonomy":"product_cat","embeddable":true,"href":"https:\/\/www.santeksmakine.com\/ru\/wp-json\/wp\/v2\/product_cat?post=1028"},{"taxonomy":"product_tag","embeddable":true,"href":"https:\/\/www.santeksmakine.com\/ru\/wp-json\/wp\/v2\/product_tag?post=1028"}],"curies":[{"name":"wp","href":"https:\/\/api.w.org\/{rel}","templated":true}]}}