{"id":1036,"date":"2019-07-24T13:34:04","date_gmt":"2019-07-24T13:34:04","guid":{"rendered":"https:\/\/www.santeksmakine.com\/?post_type=product&#038;p=1036"},"modified":"2024-09-30T10:36:23","modified_gmt":"2024-09-30T07:36:23","slug":"eti-cizgi-tasi","status":"publish","type":"product","link":"https:\/\/www.santeksmakine.com\/ru\/product\/eti-cizgi-tasi\/","title":{"rendered":"Eti \u00c7izgi Ta\u015f\u0131"},"content":{"rendered":"<p>Eti \u00c7izgi Ta\u015f\u0131 &#8211; Renkli (25 Adet)<\/p>\n<p>Renkli \u00dc\u00e7gen Tekstil \u00c7izim Ta\u015f\u0131<br \/>\nEti \u00c7izgi Ta\u015f\u0131: Renkli \u00c7izgi Ta\u015f\u0131<br \/>\nKuma\u015f \u0130\u015faretleme Malzemeleri ve Ekipmanlar\u0131<\/p>\n<p>Mavi Kiremit Bej Kahverengi Ya\u011fl\u0131 Sabun \u00c7izgi Ta\u015flar\u0131<br \/>\nHafif Silmede Kaybolur, Ya\u011fl\u0131 Terzi Sabun Ta\u015f\u0131, Kaliteli Ekonomik \u00c7izgi Ta\u015flar\u0131<\/p>\n","protected":false},"excerpt":{"rendered":"<p>Eti \u00c7izgi Ta\u015f\u0131 &#8211; Renkli (25 Adet) Renkli \u00dc\u00e7gen Tekstil \u00c7izim Ta\u015f\u0131 Eti \u00c7izgi Ta\u015f\u0131: Renkli \u00c7izgi Ta\u015f\u0131 Kuma\u015f \u0130\u015faretleme Malzemeleri ve Ekipmanlar\u0131 Mavi Kiremit Bej Kahverengi Ya\u011fl\u0131 Sabun \u00c7izgi Ta\u015flar\u0131 Hafif Silmede Kaybolur, Ya\u011fl\u0131 Terzi Sabun Ta\u015f\u0131, Kaliteli Ekonomik \u00c7izgi Ta\u015flar\u0131<\/p>\n","protected":false},"featured_media":1037,"comment_status":"closed","ping_status":"closed","template":"","meta":{"_joinchat":[]},"product_brand":[],"product_cat":[1675,1673,1672],"product_tag":[1737,1763,1764,1765],"class_list":{"0":"post-1036","1":"product","2":"type-product","3":"status-publish","4":"has-post-thumbnail","6":"product_cat-cizgi-taslari","7":"product_cat-dikis-aksesuarlari","8":"product_cat-dikis-urunleri","9":"product_tag-cizgi-tasi","10":"product_tag-cizgi-taslari","11":"product_tag-eti-cizgi-tasi","12":"product_tag-eti-cizgi-taslari","15":"instock","16":"taxable","17":"shipping-taxable","18":"purchasable","19":"product-type-simple"},"_links":{"self":[{"href":"https:\/\/www.santeksmakine.com\/ru\/wp-json\/wp\/v2\/product\/1036","targetHints":{"allow":["GET"]}}],"collection":[{"href":"https:\/\/www.santeksmakine.com\/ru\/wp-json\/wp\/v2\/product"}],"about":[{"href":"https:\/\/www.santeksmakine.com\/ru\/wp-json\/wp\/v2\/types\/product"}],"replies":[{"embeddable":true,"href":"https:\/\/www.santeksmakine.com\/ru\/wp-json\/wp\/v2\/comments?post=1036"}],"wp:featuredmedia":[{"embeddable":true,"href":"https:\/\/www.santeksmakine.com\/ru\/wp-json\/wp\/v2\/media\/1037"}],"wp:attachment":[{"href":"https:\/\/www.santeksmakine.com\/ru\/wp-json\/wp\/v2\/media?parent=1036"}],"wp:term":[{"taxonomy":"product_brand","embeddable":true,"href":"https:\/\/www.santeksmakine.com\/ru\/wp-json\/wp\/v2\/product_brand?post=1036"},{"taxonomy":"product_cat","embeddable":true,"href":"https:\/\/www.santeksmakine.com\/ru\/wp-json\/wp\/v2\/product_cat?post=1036"},{"taxonomy":"product_tag","embeddable":true,"href":"https:\/\/www.santeksmakine.com\/ru\/wp-json\/wp\/v2\/product_tag?post=1036"}],"curies":[{"name":"wp","href":"https:\/\/api.w.org\/{rel}","templated":true}]}}