{"id":1063,"date":"2019-07-24T14:24:27","date_gmt":"2019-07-24T14:24:27","guid":{"rendered":"https:\/\/www.santeksmakine.com\/?post_type=product&#038;p=1063"},"modified":"2024-09-30T10:36:23","modified_gmt":"2024-09-30T07:36:23","slug":"kisa-hava-tabancasi","status":"publish","type":"product","link":"https:\/\/www.santeksmakine.com\/ru\/product\/kisa-hava-tabancasi\/","title":{"rendered":"K\u0131sa Hava Tabancas\u0131"},"content":{"rendered":"<p>K\u0131sa Tip Al\u00fcminyum Hava Tabancas\u0131<br \/>\nK\u0131sa Hava Tabancas\u0131: Temizlik Malzemeleri<\/p>\n<p>Tekstil Konfeksiyon Pn\u00f6matik Hava Haz\u0131rlay\u0131c\u0131lar<br \/>\nBas\u0131n\u00e7l\u0131 Hava P\u00fcsk\u00fcrtme Silah\u0131, T\u00fcm Kopmres\u00f6rlere Uyumlu Hava Tabancalar\u0131<\/p>\n","protected":false},"excerpt":{"rendered":"<p>K\u0131sa Tip Al\u00fcminyum Hava Tabancas\u0131 K\u0131sa Hava Tabancas\u0131: Temizlik Malzemeleri Tekstil Konfeksiyon Pn\u00f6matik Hava Haz\u0131rlay\u0131c\u0131lar Bas\u0131n\u00e7l\u0131 Hava P\u00fcsk\u00fcrtme Silah\u0131, T\u00fcm Kopmres\u00f6rlere Uyumlu Hava Tabancalar\u0131<\/p>\n","protected":false},"featured_media":1064,"comment_status":"closed","ping_status":"closed","template":"","meta":{"_joinchat":[]},"product_brand":[],"product_cat":[1673,1672,1676],"product_tag":[1778,1777],"class_list":{"0":"post-1063","1":"product","2":"type-product","3":"status-publish","4":"has-post-thumbnail","6":"product_cat-dikis-aksesuarlari","7":"product_cat-dikis-urunleri","8":"product_cat-hava-tabancalari","9":"product_tag-hava-tabancasi","10":"product_tag-kisa-hava-tabancasi","13":"instock","14":"taxable","15":"shipping-taxable","16":"purchasable","17":"product-type-simple"},"_links":{"self":[{"href":"https:\/\/www.santeksmakine.com\/ru\/wp-json\/wp\/v2\/product\/1063","targetHints":{"allow":["GET"]}}],"collection":[{"href":"https:\/\/www.santeksmakine.com\/ru\/wp-json\/wp\/v2\/product"}],"about":[{"href":"https:\/\/www.santeksmakine.com\/ru\/wp-json\/wp\/v2\/types\/product"}],"replies":[{"embeddable":true,"href":"https:\/\/www.santeksmakine.com\/ru\/wp-json\/wp\/v2\/comments?post=1063"}],"wp:featuredmedia":[{"embeddable":true,"href":"https:\/\/www.santeksmakine.com\/ru\/wp-json\/wp\/v2\/media\/1064"}],"wp:attachment":[{"href":"https:\/\/www.santeksmakine.com\/ru\/wp-json\/wp\/v2\/media?parent=1063"}],"wp:term":[{"taxonomy":"product_brand","embeddable":true,"href":"https:\/\/www.santeksmakine.com\/ru\/wp-json\/wp\/v2\/product_brand?post=1063"},{"taxonomy":"product_cat","embeddable":true,"href":"https:\/\/www.santeksmakine.com\/ru\/wp-json\/wp\/v2\/product_cat?post=1063"},{"taxonomy":"product_tag","embeddable":true,"href":"https:\/\/www.santeksmakine.com\/ru\/wp-json\/wp\/v2\/product_tag?post=1063"}],"curies":[{"name":"wp","href":"https:\/\/api.w.org\/{rel}","templated":true}]}}