{"id":2161,"date":"2019-08-19T14:05:14","date_gmt":"2019-08-19T14:05:14","guid":{"rendered":"https:\/\/www.santeksmakine.com\/?post_type=product&#038;p=2161"},"modified":"2024-09-30T10:36:33","modified_gmt":"2024-09-30T07:36:33","slug":"schmetz-dv-x-63-recme-makinesi-ignesi","status":"publish","type":"product","link":"https:\/\/www.santeksmakine.com\/ru\/product\/schmetz-dv-x-63-recme-makinesi-ignesi\/","title":{"rendered":"Schmetz DV X 63 Re\u00e7me Makinesi \u0130\u011fnesi"},"content":{"rendered":"<h1>Schmetz DV X 63 Re\u00e7me Makinesi \u0130\u011fnesi<\/h1>\n<p><strong>Schmetz \u0130\u011fne | Schmetz DV x 63 Re\u00e7me Makinas\u0131 \u0130\u011fnesi | Diki\u015f \u0130\u011fneleri<\/strong><br \/>\nDiki\u015f \u0130\u011fnesi: Schmetz DVX63 Re\u00e7me Makinas\u0131 \u0130\u011fnesi, Sistem Numaras\u0131: DV x 63<br \/>\nKategori: Diki\u015f Makinas\u0131 \u0130\u011fneleri, Konfeksiyon Tekstil \u0130\u011fneleri<\/p>\n","protected":false},"excerpt":{"rendered":"<p>Schmetz DV X 63 Re\u00e7me Makinesi \u0130\u011fnesi Schmetz \u0130\u011fne | Schmetz DV x 63 Re\u00e7me Makinas\u0131 \u0130\u011fnesi | Diki\u015f \u0130\u011fneleri Diki\u015f \u0130\u011fnesi: Schmetz DVX63 Re\u00e7me Makinas\u0131 \u0130\u011fnesi, Sistem Numaras\u0131: DV x 63 Kategori: Diki\u015f Makinas\u0131 \u0130\u011fneleri, Konfeksiyon Tekstil \u0130\u011fneleri<\/p>\n","protected":false},"featured_media":2162,"comment_status":"closed","ping_status":"closed","template":"","meta":{"_joinchat":[]},"product_brand":[],"product_cat":[1682,1685,1672],"product_tag":[1402,2379,2381,2399,2403,2395,2581],"class_list":{"0":"post-2161","1":"product","2":"type-product","3":"status-publish","4":"has-post-thumbnail","6":"product_cat-dikis-ekipmanlari","7":"product_cat-dikis-igneleri","8":"product_cat-dikis-urunleri","9":"product_tag-dikis-makinesi","10":"product_tag-dikis-makinesi-ignesi","11":"product_tag-igne","12":"product_tag-makine-ignesi","13":"product_tag-recme-makinesi-ignesi","14":"product_tag-schmetz","15":"product_tag-schmetz-igne","18":"instock","19":"taxable","20":"shipping-taxable","21":"purchasable","22":"product-type-simple"},"_links":{"self":[{"href":"https:\/\/www.santeksmakine.com\/ru\/wp-json\/wp\/v2\/product\/2161","targetHints":{"allow":["GET"]}}],"collection":[{"href":"https:\/\/www.santeksmakine.com\/ru\/wp-json\/wp\/v2\/product"}],"about":[{"href":"https:\/\/www.santeksmakine.com\/ru\/wp-json\/wp\/v2\/types\/product"}],"replies":[{"embeddable":true,"href":"https:\/\/www.santeksmakine.com\/ru\/wp-json\/wp\/v2\/comments?post=2161"}],"wp:featuredmedia":[{"embeddable":true,"href":"https:\/\/www.santeksmakine.com\/ru\/wp-json\/wp\/v2\/media\/2162"}],"wp:attachment":[{"href":"https:\/\/www.santeksmakine.com\/ru\/wp-json\/wp\/v2\/media?parent=2161"}],"wp:term":[{"taxonomy":"product_brand","embeddable":true,"href":"https:\/\/www.santeksmakine.com\/ru\/wp-json\/wp\/v2\/product_brand?post=2161"},{"taxonomy":"product_cat","embeddable":true,"href":"https:\/\/www.santeksmakine.com\/ru\/wp-json\/wp\/v2\/product_cat?post=2161"},{"taxonomy":"product_tag","embeddable":true,"href":"https:\/\/www.santeksmakine.com\/ru\/wp-json\/wp\/v2\/product_tag?post=2161"}],"curies":[{"name":"wp","href":"https:\/\/api.w.org\/{rel}","templated":true}]}}