{"id":2172,"date":"2019-08-20T14:10:01","date_gmt":"2019-08-20T14:10:01","guid":{"rendered":"https:\/\/www.santeksmakine.com\/?post_type=product&#038;p=2172"},"modified":"2024-09-30T10:36:33","modified_gmt":"2024-09-30T07:36:33","slug":"groz-beckert-dc-x-27-overlok-makinesi-ignesi-san-kesik-uclu","status":"publish","type":"product","link":"https:\/\/www.santeksmakine.com\/ru\/product\/groz-beckert-dc-x-27-overlok-makinesi-ignesi-san-kesik-uclu\/","title":{"rendered":"Groz Beckert DC X 27 Overlok Makinesi \u0130\u011fnesi (San &#8211; Kesik U\u00e7lu)"},"content":{"rendered":"<h1>Groz Beckert DC X 27 Overlok Makinesi \u0130\u011fnesi (San &#8211; Kesik U\u00e7lu)<\/h1>\n<p><strong>Groz Beckert San Sistem No:<\/strong> ( B 27 SAN 10 ) ( 81&#215;1 SAN 10 ) ( DC 27 SAN 10 )<\/p>\n<p><strong>Kal\u0131nl\u0131k No:<\/strong> (8\/60) (9\/65) (10\/70) (11\/75) (12\/80) (14\/90) (16\/100) (18\/110) (19\/120) (21\/130) (22\/140)<\/p>\n<p>Groz Beckert San B 27 SAN 10 81&#215;1 SAN 10 DC 27 SAN 10<\/p>\n<p>1 Kutu \u0130\u00e7erisinde 10 Adet \u0130\u011fne Mevcuttur.<\/p>\n","protected":false},"excerpt":{"rendered":"<p>Groz Beckert DC X 27 Overlok Makinesi \u0130\u011fnesi (San &#8211; Kesik U\u00e7lu) Groz Beckert San Sistem No: ( B 27 SAN 10 ) ( 81&#215;1 SAN 10 ) ( DC 27 SAN 10 ) Kal\u0131nl\u0131k No: (8\/60) (9\/65) (10\/70) (11\/75) (12\/80) (14\/90) (16\/100) (18\/110) (19\/120) (21\/130) (22\/140) Groz Beckert San B 27 SAN 10 81&#215;1 &hellip; <a href=\"https:\/\/www.santeksmakine.com\/ru\/product\/groz-beckert-dc-x-27-overlok-makinesi-ignesi-san-kesik-uclu\/\" class=\"more-link\">Continue reading <span class=\"screen-reader-text\">Groz Beckert DC X 27 Overlok Makinesi \u0130\u011fnesi (San &#8211; Kesik U\u00e7lu)<\/span><\/a><\/p>\n","protected":false},"featured_media":2173,"comment_status":"closed","ping_status":"closed","template":"","meta":{"_joinchat":[]},"product_brand":[],"product_cat":[1682,1685,1672],"product_tag":[1402,2379,2377,2381,2399,2580,2398],"class_list":{"0":"post-2172","1":"product","2":"type-product","3":"status-publish","4":"has-post-thumbnail","6":"product_cat-dikis-ekipmanlari","7":"product_cat-dikis-igneleri","8":"product_cat-dikis-urunleri","9":"product_tag-dikis-makinesi","10":"product_tag-dikis-makinesi-ignesi","11":"product_tag-groz-beckert","12":"product_tag-igne","13":"product_tag-makine-ignesi","14":"product_tag-overlok-makinesi","15":"product_tag-overlok-makinesi-ignesi","18":"instock","19":"taxable","20":"shipping-taxable","21":"purchasable","22":"product-type-simple"},"_links":{"self":[{"href":"https:\/\/www.santeksmakine.com\/ru\/wp-json\/wp\/v2\/product\/2172","targetHints":{"allow":["GET"]}}],"collection":[{"href":"https:\/\/www.santeksmakine.com\/ru\/wp-json\/wp\/v2\/product"}],"about":[{"href":"https:\/\/www.santeksmakine.com\/ru\/wp-json\/wp\/v2\/types\/product"}],"replies":[{"embeddable":true,"href":"https:\/\/www.santeksmakine.com\/ru\/wp-json\/wp\/v2\/comments?post=2172"}],"wp:featuredmedia":[{"embeddable":true,"href":"https:\/\/www.santeksmakine.com\/ru\/wp-json\/wp\/v2\/media\/2173"}],"wp:attachment":[{"href":"https:\/\/www.santeksmakine.com\/ru\/wp-json\/wp\/v2\/media?parent=2172"}],"wp:term":[{"taxonomy":"product_brand","embeddable":true,"href":"https:\/\/www.santeksmakine.com\/ru\/wp-json\/wp\/v2\/product_brand?post=2172"},{"taxonomy":"product_cat","embeddable":true,"href":"https:\/\/www.santeksmakine.com\/ru\/wp-json\/wp\/v2\/product_cat?post=2172"},{"taxonomy":"product_tag","embeddable":true,"href":"https:\/\/www.santeksmakine.com\/ru\/wp-json\/wp\/v2\/product_tag?post=2172"}],"curies":[{"name":"wp","href":"https:\/\/api.w.org\/{rel}","templated":true}]}}