{"id":2202,"date":"2019-08-21T11:23:47","date_gmt":"2019-08-21T11:23:47","guid":{"rendered":"https:\/\/www.santeksmakine.com\/?post_type=product&#038;p=2202"},"modified":"2024-09-30T10:36:34","modified_gmt":"2024-09-30T07:36:34","slug":"groz-beckert-dv-x-63-recme-makinesi-ignesi-10-adet-2","status":"publish","type":"product","link":"https:\/\/www.santeksmakine.com\/ru\/product\/groz-beckert-dv-x-63-recme-makinesi-ignesi-10-adet-2\/","title":{"rendered":"Groz Beckert DV X 63 Re\u00e7me Makinesi \u0130\u011fnesi (10 Adet)"},"content":{"rendered":"<h1>Groz Beckert DV X 63 Re\u00e7me Makinesi \u0130\u011fnesi (10 Adet)<\/h1>\n<p>Groz Beckert Sistem No: ( B 63) (1280 KSP) (62&#215;53) (DVx63 )<\/p>\n<p>Kal\u0131nl\u0131k No: (8\/60) (9\/65) (10\/70) (11\/75) (12\/80) (14\/90) (16\/100) (18\/110) (19\/120) (21\/130) (22\/140)<\/p>\n<p>Groz Beckert B 63 1280 KSP 62&#215;53 DVx63<\/p>\n<p>Groz Beckert B 63 \/ 1280 KSP \/B63 \/ DVX63 \/ UY121 GAS \/ DV X 63 \/ DVX63 \/ UY121 GAS \/ B63<\/p>\n<p>1 Kutu \u0130\u00e7erisinde 10 Adet \u0130\u011fne Mevcuttur.<\/p>\n","protected":false},"excerpt":{"rendered":"<p>Groz Beckert DV X 63 Re\u00e7me Makinesi \u0130\u011fnesi (10 Adet) Groz Beckert Sistem No: ( B 63) (1280 KSP) (62&#215;53) (DVx63 ) Kal\u0131nl\u0131k No: (8\/60) (9\/65) (10\/70) (11\/75) (12\/80) (14\/90) (16\/100) (18\/110) (19\/120) (21\/130) (22\/140) Groz Beckert B 63 1280 KSP 62&#215;53 DVx63 Groz Beckert B 63 \/ 1280 KSP \/B63 \/ DVX63 \/ UY121 &hellip; <a href=\"https:\/\/www.santeksmakine.com\/ru\/product\/groz-beckert-dv-x-63-recme-makinesi-ignesi-10-adet-2\/\" class=\"more-link\">Continue reading <span class=\"screen-reader-text\">Groz Beckert DV X 63 Re\u00e7me Makinesi \u0130\u011fnesi (10 Adet)<\/span><\/a><\/p>\n","protected":false},"featured_media":2203,"comment_status":"closed","ping_status":"closed","template":"","meta":{"_joinchat":[]},"product_brand":[],"product_cat":[1682,1685,1672],"product_tag":[1402,2379,2377,2381,2399,2593,2403],"class_list":{"0":"post-2202","1":"product","2":"type-product","3":"status-publish","4":"has-post-thumbnail","6":"product_cat-dikis-ekipmanlari","7":"product_cat-dikis-igneleri","8":"product_cat-dikis-urunleri","9":"product_tag-dikis-makinesi","10":"product_tag-dikis-makinesi-ignesi","11":"product_tag-groz-beckert","12":"product_tag-igne","13":"product_tag-makine-ignesi","14":"product_tag-recme-makinesi","15":"product_tag-recme-makinesi-ignesi","18":"instock","19":"taxable","20":"shipping-taxable","21":"purchasable","22":"product-type-simple"},"_links":{"self":[{"href":"https:\/\/www.santeksmakine.com\/ru\/wp-json\/wp\/v2\/product\/2202","targetHints":{"allow":["GET"]}}],"collection":[{"href":"https:\/\/www.santeksmakine.com\/ru\/wp-json\/wp\/v2\/product"}],"about":[{"href":"https:\/\/www.santeksmakine.com\/ru\/wp-json\/wp\/v2\/types\/product"}],"replies":[{"embeddable":true,"href":"https:\/\/www.santeksmakine.com\/ru\/wp-json\/wp\/v2\/comments?post=2202"}],"wp:featuredmedia":[{"embeddable":true,"href":"https:\/\/www.santeksmakine.com\/ru\/wp-json\/wp\/v2\/media\/2203"}],"wp:attachment":[{"href":"https:\/\/www.santeksmakine.com\/ru\/wp-json\/wp\/v2\/media?parent=2202"}],"wp:term":[{"taxonomy":"product_brand","embeddable":true,"href":"https:\/\/www.santeksmakine.com\/ru\/wp-json\/wp\/v2\/product_brand?post=2202"},{"taxonomy":"product_cat","embeddable":true,"href":"https:\/\/www.santeksmakine.com\/ru\/wp-json\/wp\/v2\/product_cat?post=2202"},{"taxonomy":"product_tag","embeddable":true,"href":"https:\/\/www.santeksmakine.com\/ru\/wp-json\/wp\/v2\/product_tag?post=2202"}],"curies":[{"name":"wp","href":"https:\/\/api.w.org\/{rel}","templated":true}]}}