{"id":2212,"date":"2019-08-21T11:58:30","date_gmt":"2019-08-21T11:58:30","guid":{"rendered":"https:\/\/www.santeksmakine.com\/?post_type=product&#038;p=2212"},"modified":"2024-09-30T10:36:34","modified_gmt":"2024-09-30T07:36:34","slug":"groz-beckert-tq-x-7-dugme-makinesi-ignesi-uzun-10-adet","status":"publish","type":"product","link":"https:\/\/www.santeksmakine.com\/ru\/product\/groz-beckert-tq-x-7-dugme-makinesi-ignesi-uzun-10-adet\/","title":{"rendered":"Groz Beckert TQ X 7 D\u00fc\u011fme Makinesi \u0130\u011fnesi (Uzun) (10 Adet)"},"content":{"rendered":"<h1>Groz Beckert TQ X 7 D\u00fc\u011fme Makinesi \u0130\u011fnesi (Uzun) (10 Adet)<\/h1>\n<p>Groz Beckert Sistem No: (2091) ( 175&#215;7 ) (29 L) (2091 LGK) ( TQx7 )<\/p>\n<p>Kal\u0131nl\u0131k No: (8\/60) (9\/65) (10\/70) (11\/75) (12\/80) (14\/90) (16\/100) (18\/110) (19\/120) (21\/130) (22\/140)<\/p>\n<p>Groz Beckert 2091 175&#215;7 29 L 2091 LGK TQx7<\/p>\n<p>Groz Beckert 2091 \/ 175X7 \/ TQX7 \/ 29 LSS \/ TQX9 \/ 2091 \/ 175X7 \/ TQX7 \/ TQX7 \/ 2091 \/ 175X7<\/p>\n<p>1 Kutu \u0130\u00e7erisinde 10 Adet \u0130\u011fne Mevcuttur.<\/p>\n","protected":false},"excerpt":{"rendered":"<p>Groz Beckert TQ X 7 D\u00fc\u011fme Makinesi \u0130\u011fnesi (Uzun) (10 Adet) Groz Beckert Sistem No: (2091) ( 175&#215;7 ) (29 L) (2091 LGK) ( TQx7 ) Kal\u0131nl\u0131k No: (8\/60) (9\/65) (10\/70) (11\/75) (12\/80) (14\/90) (16\/100) (18\/110) (19\/120) (21\/130) (22\/140) Groz Beckert 2091 175&#215;7 29 L 2091 LGK TQx7 Groz Beckert 2091 \/ 175X7 \/ TQX7 &hellip; <a href=\"https:\/\/www.santeksmakine.com\/ru\/product\/groz-beckert-tq-x-7-dugme-makinesi-ignesi-uzun-10-adet\/\" class=\"more-link\">Continue reading <span class=\"screen-reader-text\">Groz Beckert TQ X 7 D\u00fc\u011fme Makinesi \u0130\u011fnesi (Uzun) (10 Adet)<\/span><\/a><\/p>\n","protected":false},"featured_media":2213,"comment_status":"closed","ping_status":"closed","template":"","meta":{"_joinchat":[]},"product_brand":[],"product_cat":[1682,1685,1672],"product_tag":[1402,2379,2594,2595,2596,2377,2381,2399],"class_list":{"0":"post-2212","1":"product","2":"type-product","3":"status-publish","4":"has-post-thumbnail","6":"product_cat-dikis-ekipmanlari","7":"product_cat-dikis-igneleri","8":"product_cat-dikis-urunleri","9":"product_tag-dikis-makinesi","10":"product_tag-dikis-makinesi-ignesi","11":"product_tag-dugme","12":"product_tag-dugme-dikis","13":"product_tag-dusme-dikis-ignesi","14":"product_tag-groz-beckert","15":"product_tag-igne","16":"product_tag-makine-ignesi","19":"instock","20":"taxable","21":"shipping-taxable","22":"purchasable","23":"product-type-simple"},"_links":{"self":[{"href":"https:\/\/www.santeksmakine.com\/ru\/wp-json\/wp\/v2\/product\/2212","targetHints":{"allow":["GET"]}}],"collection":[{"href":"https:\/\/www.santeksmakine.com\/ru\/wp-json\/wp\/v2\/product"}],"about":[{"href":"https:\/\/www.santeksmakine.com\/ru\/wp-json\/wp\/v2\/types\/product"}],"replies":[{"embeddable":true,"href":"https:\/\/www.santeksmakine.com\/ru\/wp-json\/wp\/v2\/comments?post=2212"}],"wp:featuredmedia":[{"embeddable":true,"href":"https:\/\/www.santeksmakine.com\/ru\/wp-json\/wp\/v2\/media\/2213"}],"wp:attachment":[{"href":"https:\/\/www.santeksmakine.com\/ru\/wp-json\/wp\/v2\/media?parent=2212"}],"wp:term":[{"taxonomy":"product_brand","embeddable":true,"href":"https:\/\/www.santeksmakine.com\/ru\/wp-json\/wp\/v2\/product_brand?post=2212"},{"taxonomy":"product_cat","embeddable":true,"href":"https:\/\/www.santeksmakine.com\/ru\/wp-json\/wp\/v2\/product_cat?post=2212"},{"taxonomy":"product_tag","embeddable":true,"href":"https:\/\/www.santeksmakine.com\/ru\/wp-json\/wp\/v2\/product_tag?post=2212"}],"curies":[{"name":"wp","href":"https:\/\/api.w.org\/{rel}","templated":true}]}}