{"id":2237,"date":"2019-08-21T12:32:51","date_gmt":"2019-08-21T12:32:51","guid":{"rendered":"https:\/\/www.santeksmakine.com\/?post_type=product&#038;p=2237"},"modified":"2024-09-30T10:36:34","modified_gmt":"2024-09-30T07:36:34","slug":"groz-beckert-dc-x-27-overlok-makinesi-ignesi-10-adet-2","status":"publish","type":"product","link":"https:\/\/www.santeksmakine.com\/ru\/product\/groz-beckert-dc-x-27-overlok-makinesi-ignesi-10-adet-2\/","title":{"rendered":"Groz Beckert DC X 27 Overlok Makinesi \u0130\u011fnesi (10 Adet)"},"content":{"rendered":"<h1>Groz Beckert DC X 27 Overlok Makinesi \u0130\u011fnesi (10 Adet)<\/h1>\n<p>Groz Beckert Sistem No: (B 27) (81&#215;1) (DCx27) (DCx1)<\/p>\n<p>Kal\u0131nl\u0131k No: (8\/60) (9\/65) (10\/70) (11\/75) (12\/80) (14\/90) (16\/100) (18\/110) (19\/120) (21\/130) (22\/140)<\/p>\n<p>Groz Beckert B 27 81&#215;1 DCx27 DCx1<\/p>\n<p>Groz Beckert 81X1 \/ DCX1 \/ MY1023A \/ DMX1 \/ DCX27 \/ 1886 \/ B27 \/ DCX27KN \/ DCX1<\/p>\n<p>Groz Beckert 81X1 \/ MY1023A \/ DMX1<\/p>\n<p>1 Kutu \u0130\u00e7erisinde 10 Adet \u0130\u011fne Mevcuttur.<\/p>\n","protected":false},"excerpt":{"rendered":"<p>Groz Beckert DC X 27 Overlok Makinesi \u0130\u011fnesi (10 Adet) Groz Beckert Sistem No: (B 27) (81&#215;1) (DCx27) (DCx1) Kal\u0131nl\u0131k No: (8\/60) (9\/65) (10\/70) (11\/75) (12\/80) (14\/90) (16\/100) (18\/110) (19\/120) (21\/130) (22\/140) Groz Beckert B 27 81&#215;1 DCx27 DCx1 Groz Beckert 81X1 \/ DCX1 \/ MY1023A \/ DMX1 \/ DCX27 \/ 1886 \/ B27 \/ &hellip; <a href=\"https:\/\/www.santeksmakine.com\/ru\/product\/groz-beckert-dc-x-27-overlok-makinesi-ignesi-10-adet-2\/\" class=\"more-link\">Continue reading <span class=\"screen-reader-text\">Groz Beckert DC X 27 Overlok Makinesi \u0130\u011fnesi (10 Adet)<\/span><\/a><\/p>\n","protected":false},"featured_media":2238,"comment_status":"closed","ping_status":"closed","template":"","meta":{"_joinchat":[]},"product_brand":[],"product_cat":[1682,1685,1672],"product_tag":[1402,2379,2377,2381,2399,2397,2580,2398],"class_list":{"0":"post-2237","1":"product","2":"type-product","3":"status-publish","4":"has-post-thumbnail","6":"product_cat-dikis-ekipmanlari","7":"product_cat-dikis-igneleri","8":"product_cat-dikis-urunleri","9":"product_tag-dikis-makinesi","10":"product_tag-dikis-makinesi-ignesi","11":"product_tag-groz-beckert","12":"product_tag-igne","13":"product_tag-makine-ignesi","14":"product_tag-overlok","15":"product_tag-overlok-makinesi","16":"product_tag-overlok-makinesi-ignesi","19":"instock","20":"taxable","21":"shipping-taxable","22":"purchasable","23":"product-type-simple"},"_links":{"self":[{"href":"https:\/\/www.santeksmakine.com\/ru\/wp-json\/wp\/v2\/product\/2237","targetHints":{"allow":["GET"]}}],"collection":[{"href":"https:\/\/www.santeksmakine.com\/ru\/wp-json\/wp\/v2\/product"}],"about":[{"href":"https:\/\/www.santeksmakine.com\/ru\/wp-json\/wp\/v2\/types\/product"}],"replies":[{"embeddable":true,"href":"https:\/\/www.santeksmakine.com\/ru\/wp-json\/wp\/v2\/comments?post=2237"}],"wp:featuredmedia":[{"embeddable":true,"href":"https:\/\/www.santeksmakine.com\/ru\/wp-json\/wp\/v2\/media\/2238"}],"wp:attachment":[{"href":"https:\/\/www.santeksmakine.com\/ru\/wp-json\/wp\/v2\/media?parent=2237"}],"wp:term":[{"taxonomy":"product_brand","embeddable":true,"href":"https:\/\/www.santeksmakine.com\/ru\/wp-json\/wp\/v2\/product_brand?post=2237"},{"taxonomy":"product_cat","embeddable":true,"href":"https:\/\/www.santeksmakine.com\/ru\/wp-json\/wp\/v2\/product_cat?post=2237"},{"taxonomy":"product_tag","embeddable":true,"href":"https:\/\/www.santeksmakine.com\/ru\/wp-json\/wp\/v2\/product_tag?post=2237"}],"curies":[{"name":"wp","href":"https:\/\/api.w.org\/{rel}","templated":true}]}}