{"id":2264,"date":"2019-08-21T13:02:57","date_gmt":"2019-08-21T13:02:57","guid":{"rendered":"https:\/\/www.santeksmakine.com\/?post_type=product&#038;p=2264"},"modified":"2024-09-30T10:36:35","modified_gmt":"2024-09-30T07:36:35","slug":"schmetz-tq-x-7-dugme-makinesi-ignesi-uzun","status":"publish","type":"product","link":"https:\/\/www.santeksmakine.com\/ru\/product\/schmetz-tq-x-7-dugme-makinesi-ignesi-uzun\/","title":{"rendered":"Schmetz TQ X 7 D\u00fc\u011fme Makinesi \u0130\u011fnesi (Uzun)"},"content":{"rendered":"<h1>Schmetz TQ X 7 D\u00fc\u011fme Makinesi \u0130\u011fnesi (Uzun)<\/h1>\n<p>Schmetz \u0130\u011fne | Schmetz TQ x 7 D\u00fc\u011fme Makinas\u0131 \u0130\u011fnesi | Diki\u015f \u0130\u011fneleri<\/p>\n<p>Diki\u015f \u0130\u011fnesi: Schmetz TQX7 D\u00fc\u011fme Makinas\u0131 \u0130\u011fnesi, Sistem Numaras\u0131: TQ x 7<\/p>\n<p>Kategori: Diki\u015f Makinas\u0131 \u0130\u011fneleri, Konfeksiyon Tekstil \u0130\u011fne \u00c7e\u015fitleri<\/p>\n","protected":false},"excerpt":{"rendered":"<p>Schmetz TQ X 7 D\u00fc\u011fme Makinesi \u0130\u011fnesi (Uzun) Schmetz \u0130\u011fne | Schmetz TQ x 7 D\u00fc\u011fme Makinas\u0131 \u0130\u011fnesi | Diki\u015f \u0130\u011fneleri Diki\u015f \u0130\u011fnesi: Schmetz TQX7 D\u00fc\u011fme Makinas\u0131 \u0130\u011fnesi, Sistem Numaras\u0131: TQ x 7 Kategori: Diki\u015f Makinas\u0131 \u0130\u011fneleri, Konfeksiyon Tekstil \u0130\u011fne \u00c7e\u015fitleri<\/p>\n","protected":false},"featured_media":2265,"comment_status":"closed","ping_status":"closed","template":"","meta":{"_joinchat":[]},"product_brand":[],"product_cat":[1682,1685,1672],"product_tag":[1402,2379,2594,2610,2611,2381,2399,2395,2581],"class_list":{"0":"post-2264","1":"product","2":"type-product","3":"status-publish","4":"has-post-thumbnail","6":"product_cat-dikis-ekipmanlari","7":"product_cat-dikis-igneleri","8":"product_cat-dikis-urunleri","9":"product_tag-dikis-makinesi","10":"product_tag-dikis-makinesi-ignesi","11":"product_tag-dugme","12":"product_tag-dugme-makinesi","13":"product_tag-dugme-makinesi-ignesi","14":"product_tag-igne","15":"product_tag-makine-ignesi","16":"product_tag-schmetz","17":"product_tag-schmetz-igne","20":"instock","21":"taxable","22":"shipping-taxable","23":"purchasable","24":"product-type-simple"},"_links":{"self":[{"href":"https:\/\/www.santeksmakine.com\/ru\/wp-json\/wp\/v2\/product\/2264","targetHints":{"allow":["GET"]}}],"collection":[{"href":"https:\/\/www.santeksmakine.com\/ru\/wp-json\/wp\/v2\/product"}],"about":[{"href":"https:\/\/www.santeksmakine.com\/ru\/wp-json\/wp\/v2\/types\/product"}],"replies":[{"embeddable":true,"href":"https:\/\/www.santeksmakine.com\/ru\/wp-json\/wp\/v2\/comments?post=2264"}],"wp:featuredmedia":[{"embeddable":true,"href":"https:\/\/www.santeksmakine.com\/ru\/wp-json\/wp\/v2\/media\/2265"}],"wp:attachment":[{"href":"https:\/\/www.santeksmakine.com\/ru\/wp-json\/wp\/v2\/media?parent=2264"}],"wp:term":[{"taxonomy":"product_brand","embeddable":true,"href":"https:\/\/www.santeksmakine.com\/ru\/wp-json\/wp\/v2\/product_brand?post=2264"},{"taxonomy":"product_cat","embeddable":true,"href":"https:\/\/www.santeksmakine.com\/ru\/wp-json\/wp\/v2\/product_cat?post=2264"},{"taxonomy":"product_tag","embeddable":true,"href":"https:\/\/www.santeksmakine.com\/ru\/wp-json\/wp\/v2\/product_tag?post=2264"}],"curies":[{"name":"wp","href":"https:\/\/api.w.org\/{rel}","templated":true}]}}